{"id":2536,"date":"2023-06-16T13:34:16","date_gmt":"2023-06-16T11:34:16","guid":{"rendered":"https:\/\/trinitixshop.de\/?post_type=product&#038;p=2536"},"modified":"2024-08-07T12:31:27","modified_gmt":"2024-08-07T10:31:27","slug":"collar-magnetico-con-diseno-de-pata-colgante-de-pata-con-cadena-de-silicona-714","status":"publish","type":"product","link":"https:\/\/trinitixshop.de\/es\/produkt\/pfote-design-magnetschmuck-kette-anhaenger-paw-pendant-mit-silikonkette-714\/","title":{"rendered":"Colgante magn\u00e9tico de cadena de joyer\u00eda Paw Design Colgante Paw con cadena de silicona #714"},"content":{"rendered":"<p>[319] CH071400T<\/p>\n","protected":false},"excerpt":{"rendered":"<p>Cadena magn\u00e9tica colgante pata perro gato oso de peluche con brillante elemento original de Swarovski.<br \/>\nUn reclamo \"bestial\" para todos los d\u00edas. Aprox. 1,8 x 2,2 cm.<br \/>\nCon los pendientes a juego (# 1387P) y la pulsera magn\u00e9tica (# 2153 o # 7141), las apariencias efectivas est\u00e1n garantizadas. Incluye cadena de silicona gratuita con cierre de langosta (aprox. 47 cm, se puede acortar con una sencilla herramienta).<br \/>\nIncrustaciones de im\u00e1n de neodimio con aproximadamente 1.200 gauss.<br \/>\nAcero inoxidable, sin cadmio, n\u00edquel ni plomo. Sin al\u00e9rgenos.<br \/>\nEl brillante colgante magn\u00e9tico con un aut\u00e9ntico elemento de cristal de Swarovski le arrancar\u00e1 una sonrisa.<\/p>","protected":false},"featured_media":2788,"comment_status":"open","ping_status":"closed","template":"","meta":[],"product_brand":[],"product_cat":[17,21],"product_tag":[24],"class_list":{"0":"post-2536","1":"product","2":"type-product","3":"status-publish","4":"has-post-thumbnail","6":"product_cat-alle-produkte","7":"product_cat-halsketten","8":"product_tag-jungbrunn","9":"thunk-woo-product-list","10":"opn-qv-enable","11":"top-store-woo-hover-zoom","12":"top-store-single-product-tab-horizontal","13":"top-store-shadow-","14":"top-store-shadow-hover-","16":"first","17":"instock","18":"sale","19":"taxable","20":"shipping-taxable","21":"purchasable","22":"product-type-simple"},"_links":{"self":[{"href":"https:\/\/trinitixshop.de\/es\/wp-json\/wp\/v2\/product\/2536","targetHints":{"allow":["GET"]}}],"collection":[{"href":"https:\/\/trinitixshop.de\/es\/wp-json\/wp\/v2\/product"}],"about":[{"href":"https:\/\/trinitixshop.de\/es\/wp-json\/wp\/v2\/types\/product"}],"replies":[{"embeddable":true,"href":"https:\/\/trinitixshop.de\/es\/wp-json\/wp\/v2\/comments?post=2536"}],"wp:featuredmedia":[{"embeddable":true,"href":"https:\/\/trinitixshop.de\/es\/wp-json\/wp\/v2\/media\/2788"}],"wp:attachment":[{"href":"https:\/\/trinitixshop.de\/es\/wp-json\/wp\/v2\/media?parent=2536"}],"wp:term":[{"taxonomy":"product_brand","embeddable":true,"href":"https:\/\/trinitixshop.de\/es\/wp-json\/wp\/v2\/product_brand?post=2536"},{"taxonomy":"product_cat","embeddable":true,"href":"https:\/\/trinitixshop.de\/es\/wp-json\/wp\/v2\/product_cat?post=2536"},{"taxonomy":"product_tag","embeddable":true,"href":"https:\/\/trinitixshop.de\/es\/wp-json\/wp\/v2\/product_tag?post=2536"}],"curies":[{"name":"wp","href":"https:\/\/api.w.org\/{rel}","templated":true}]}}