{"id":2540,"date":"2023-06-16T13:34:16","date_gmt":"2023-06-16T11:34:16","guid":{"rendered":"https:\/\/trinitixshop.de\/?post_type=product&#038;p=2540"},"modified":"2023-06-28T13:45:44","modified_gmt":"2023-06-28T11:45:44","slug":"tri-balance-power-silicona-cadena-balance-ion-tecnologia-holograma-con-magnetic-power-azul-7201","status":"publish","type":"product","link":"https:\/\/trinitixshop.de\/es\/produkt\/tri-balance-power-silikonkette-balance-ionen-hologram-technology-mit-magnetkraft-blau-7201\/","title":{"rendered":"Cadena de silicona TRI BALANCE Power - TECNOLOGIA BALANCE IONEN HOLOGRAM con MAGNETIC POWER - azul # 7201"},"content":{"rendered":"<p>[743] TX720100T<\/p>\n","protected":false},"excerpt":{"rendered":"<p>Cadena deportiva de silicona TRI BALANCE con im\u00e1n + holograma + tecnolog\u00eda i\u00f3nica. Ideal para uso diario y deportivo.<br \/>\n2 incrustaciones de im\u00e1n de neodimio con aprox. 2.200 gauss. Esto significa que se puede llevar un im\u00e1n de neodimio en el cuello y otro en el pecho. Longitud de la cadena aprox. 50 cm. Colgante 1 x aprox. \u00d8 24 mm y 1 x. aprox. 42 x 16 m.<br \/>\nMaterial de silicona agradablemente suave. Sin plastificantes cancer\u00edgenos.<br \/>\nTecnolog\u00eda de hologramas: mejora la resistencia, el equilibrio y tiene un efecto positivo en el bienestar. Ideal para personas que organizan activamente su vida diaria. Efectos declarados: mejor sue\u00f1o, mayor nivel de equilibrio y ayuda para hacer dieta, dejar de fumar y dolores articulares.<br \/>\n2.000 cc de iones negativos. Tecnolog\u00eda: el poder revitalizante de la naturaleza. Los iones negativos son los potenciadores invisibles del estado de \u00e1nimo y pueden influir positivamente en el bienestar humano. Ideal para aliviar numerosos problemas de salud. Trate alergias, hipertensi\u00f3n, dolores de cabeza, depresi\u00f3n y otras dolencias de forma natural, alivie las alergias, aumente la concentraci\u00f3n e incluso levante el \u00e1nimo.<br \/>\nTecnolog\u00eda de imanes de neodimio: La terapia de campos magn\u00e9ticos est\u00e1ticos forma parte de la medicina alternativa y se utiliza desde hace m\u00e1s tiempo que la acupuntura. Se han documentado numerosos efectos analg\u00e9sicos en los campos de la artrosis, las enfermedades articulares y la ortopedia. El objetivo principal de la terapia de campo magn\u00e9tico es aliviar el dolor cr\u00f3nico y mejorar la circulaci\u00f3n sangu\u00ednea. Mediante el uso de imanes de neodimio, las c\u00e9lulas del cuerpo se enriquecen con m\u00e1s ox\u00edgeno.<br \/>\nComo resultado, se refuerzan las defensas y el sistema inmunitario del organismo, lo que se traduce en un aumento de la vitalidad f\u00edsica. Adem\u00e1s de optimizar el bienestar general, su uso activa el suministro de nutrientes del organismo y estimula importantes procesos curativos. No tiene efectos secundarios.<br \/>\nQueremos se\u00f1alar que nuestras suposiciones y afirmaciones sobre el uso de joyas magn\u00e9ticas no han sido demostradas cient\u00edficamente y, por lo tanto, son rechazadas por la medicina convencional.<\/p>","protected":false},"featured_media":2798,"comment_status":"open","ping_status":"closed","template":"","meta":[],"product_brand":[],"product_cat":[17,21],"product_tag":[27],"class_list":{"0":"post-2540","1":"product","2":"type-product","3":"status-publish","4":"has-post-thumbnail","6":"product_cat-alle-produkte","7":"product_cat-halsketten","8":"product_tag-tribalance","9":"thunk-woo-product-list","10":"opn-qv-enable","11":"top-store-woo-hover-zoom","12":"top-store-single-product-tab-horizontal","13":"top-store-shadow-","14":"top-store-shadow-hover-","16":"first","17":"instock","18":"sale","19":"taxable","20":"shipping-taxable","21":"purchasable","22":"product-type-simple"},"_links":{"self":[{"href":"https:\/\/trinitixshop.de\/es\/wp-json\/wp\/v2\/product\/2540","targetHints":{"allow":["GET"]}}],"collection":[{"href":"https:\/\/trinitixshop.de\/es\/wp-json\/wp\/v2\/product"}],"about":[{"href":"https:\/\/trinitixshop.de\/es\/wp-json\/wp\/v2\/types\/product"}],"replies":[{"embeddable":true,"href":"https:\/\/trinitixshop.de\/es\/wp-json\/wp\/v2\/comments?post=2540"}],"wp:featuredmedia":[{"embeddable":true,"href":"https:\/\/trinitixshop.de\/es\/wp-json\/wp\/v2\/media\/2798"}],"wp:attachment":[{"href":"https:\/\/trinitixshop.de\/es\/wp-json\/wp\/v2\/media?parent=2540"}],"wp:term":[{"taxonomy":"product_brand","embeddable":true,"href":"https:\/\/trinitixshop.de\/es\/wp-json\/wp\/v2\/product_brand?post=2540"},{"taxonomy":"product_cat","embeddable":true,"href":"https:\/\/trinitixshop.de\/es\/wp-json\/wp\/v2\/product_cat?post=2540"},{"taxonomy":"product_tag","embeddable":true,"href":"https:\/\/trinitixshop.de\/es\/wp-json\/wp\/v2\/product_tag?post=2540"}],"curies":[{"name":"wp","href":"https:\/\/api.w.org\/{rel}","templated":true}]}}