{"id":2543,"date":"2023-06-16T13:34:16","date_gmt":"2023-06-16T11:34:16","guid":{"rendered":"https:\/\/trinitixshop.de\/?post_type=product&#038;p=2543"},"modified":"2025-11-30T17:00:24","modified_gmt":"2025-11-30T16:00:24","slug":"cruz-crucifijo-cadena-magnetica-joyeria-plata-maciza","status":"publish","type":"product","link":"https:\/\/trinitixshop.de\/es\/produkt\/kreuz-kruzifix-magnetschmuck-kette-silber-massiv\/","title":{"rendered":"Kreuz \/ Kruzifix Magnetschmuck Kette silber massiv # 2612"},"content":{"rendered":"<p>[339] CH261200T<\/p>\n","protected":false},"excerpt":{"rendered":"<p>Colgante magn\u00e9tico cruz \/ crucifijo s\u00f3lido y elegante, de plata muy pulida,<br \/>\nTama\u00f1o: aprox. 1,5 x 2 cm. Grosor aprox. 3 mm El \"Padre Nuestro\" es la oraci\u00f3n m\u00e1s antigua del cristianismo. Une a todos los cristianos en la fe y es la oraci\u00f3n directa del Se\u00f1or.<br \/>\nDirigirse al Se\u00f1or.<br \/>\nCon esta joya, podr\u00e1s llevar este compromiso siempre cerca de tu coraz\u00f3n.<br \/>\nIncluye cadena de acero inoxidable con cierre de langosta (aprox. 48 - 52,5 cm).<br \/>\nEl colgante magn\u00e9tico atrae todas las miradas y tambi\u00e9n puede combinarse con cualquier<br \/>\nllevarse con otra cadena.<br \/>\nAcero inoxidable de alta calidad, pulido, hipoalerg\u00e9nico, sin n\u00edquel ni al\u00e9rgenos.<br \/>\nIncrustaci\u00f3n de im\u00e1n de neodimio con aproximadamente 1.200 gauss.<\/p>","protected":false},"featured_media":2787,"comment_status":"open","ping_status":"closed","template":"","meta":[],"product_brand":[],"product_cat":[17,21],"product_tag":[25],"class_list":{"0":"post-2543","1":"product","2":"type-product","3":"status-publish","4":"has-post-thumbnail","6":"product_cat-alle-produkte","7":"product_cat-halsketten","8":"product_tag-t-prime","9":"thunk-woo-product-list","10":"opn-qv-enable","11":"top-store-woo-hover-zoom","12":"top-store-single-product-tab-horizontal","13":"top-store-shadow-","14":"top-store-shadow-hover-","16":"first","17":"instock","18":"sale","19":"taxable","20":"shipping-taxable","21":"purchasable","22":"product-type-simple"},"_links":{"self":[{"href":"https:\/\/trinitixshop.de\/es\/wp-json\/wp\/v2\/product\/2543","targetHints":{"allow":["GET"]}}],"collection":[{"href":"https:\/\/trinitixshop.de\/es\/wp-json\/wp\/v2\/product"}],"about":[{"href":"https:\/\/trinitixshop.de\/es\/wp-json\/wp\/v2\/types\/product"}],"replies":[{"embeddable":true,"href":"https:\/\/trinitixshop.de\/es\/wp-json\/wp\/v2\/comments?post=2543"}],"wp:featuredmedia":[{"embeddable":true,"href":"https:\/\/trinitixshop.de\/es\/wp-json\/wp\/v2\/media\/2787"}],"wp:attachment":[{"href":"https:\/\/trinitixshop.de\/es\/wp-json\/wp\/v2\/media?parent=2543"}],"wp:term":[{"taxonomy":"product_brand","embeddable":true,"href":"https:\/\/trinitixshop.de\/es\/wp-json\/wp\/v2\/product_brand?post=2543"},{"taxonomy":"product_cat","embeddable":true,"href":"https:\/\/trinitixshop.de\/es\/wp-json\/wp\/v2\/product_cat?post=2543"},{"taxonomy":"product_tag","embeddable":true,"href":"https:\/\/trinitixshop.de\/es\/wp-json\/wp\/v2\/product_tag?post=2543"}],"curies":[{"name":"wp","href":"https:\/\/api.w.org\/{rel}","templated":true}]}}