{"id":2544,"date":"2023-06-16T13:34:17","date_gmt":"2023-06-16T11:34:17","guid":{"rendered":"https:\/\/trinitixshop.de\/?post_type=product&#038;p=2544"},"modified":"2025-08-03T15:08:34","modified_gmt":"2025-08-03T13:08:34","slug":"collar-estrella-de-mar-colgante-atlantis-con-muchos-cristales-de-swarovski-3536","status":"publish","type":"product","link":"https:\/\/trinitixshop.de\/es\/produkt\/seestern-kettenanhaenger-atlantis-mit-vielen-swarovski-crystals-3536\/","title":{"rendered":"Colgante Estrella de Mar Atlantis con muchos cristales de la Casa Swarovski # 3536"},"content":{"rendered":"<p>[123] CH353600T<\/p>\n","protected":false},"excerpt":{"rendered":"<p>El colgante magn\u00e9tico SEESTERN inspirado en el dise\u00f1o Sabo, engastado a mano con numerosos y brillantes elementos de cristal Swarovski originales, es el complemento perfecto para cualquier colecci\u00f3n de joyas.<br \/>\nEsta hermosa y reluciente estrella de mar le encantar\u00e1 por su elegancia natural.<br \/>\nEsta hermosa joya magn\u00e9tica es sin\u00f3nimo de ligereza, energ\u00eda y elegancia.<br \/>\nCada una de nuestras joyas est\u00e1 equipada con potentes imanes de neodimio de alta calidad.<br \/>\nAcero inoxidable de alta calidad, \u00d8 aprox. 3,2 cm, pulido, hipoalerg\u00e9nico, sin n\u00edquel ni al\u00e9rgenos.<br \/>\nIncrustaci\u00f3n de im\u00e1n de neodimio con aproximadamente 1.800 gauss.<\/p>","protected":false},"featured_media":2755,"comment_status":"open","ping_status":"closed","template":"","meta":[],"product_brand":[],"product_cat":[17,21],"product_tag":[28],"class_list":{"0":"post-2544","1":"product","2":"type-product","3":"status-publish","4":"has-post-thumbnail","6":"product_cat-alle-produkte","7":"product_cat-halsketten","8":"product_tag-kurfuerst","9":"thunk-woo-product-list","10":"opn-qv-enable","11":"top-store-woo-hover-zoom","12":"top-store-single-product-tab-horizontal","13":"top-store-shadow-","14":"top-store-shadow-hover-","16":"first","17":"instock","18":"sale","19":"taxable","20":"shipping-taxable","21":"purchasable","22":"product-type-simple"},"_links":{"self":[{"href":"https:\/\/trinitixshop.de\/es\/wp-json\/wp\/v2\/product\/2544","targetHints":{"allow":["GET"]}}],"collection":[{"href":"https:\/\/trinitixshop.de\/es\/wp-json\/wp\/v2\/product"}],"about":[{"href":"https:\/\/trinitixshop.de\/es\/wp-json\/wp\/v2\/types\/product"}],"replies":[{"embeddable":true,"href":"https:\/\/trinitixshop.de\/es\/wp-json\/wp\/v2\/comments?post=2544"}],"wp:featuredmedia":[{"embeddable":true,"href":"https:\/\/trinitixshop.de\/es\/wp-json\/wp\/v2\/media\/2755"}],"wp:attachment":[{"href":"https:\/\/trinitixshop.de\/es\/wp-json\/wp\/v2\/media?parent=2544"}],"wp:term":[{"taxonomy":"product_brand","embeddable":true,"href":"https:\/\/trinitixshop.de\/es\/wp-json\/wp\/v2\/product_brand?post=2544"},{"taxonomy":"product_cat","embeddable":true,"href":"https:\/\/trinitixshop.de\/es\/wp-json\/wp\/v2\/product_cat?post=2544"},{"taxonomy":"product_tag","embeddable":true,"href":"https:\/\/trinitixshop.de\/es\/wp-json\/wp\/v2\/product_tag?post=2544"}],"curies":[{"name":"wp","href":"https:\/\/api.w.org\/{rel}","templated":true}]}}