{"id":2545,"date":"2023-06-16T13:34:17","date_gmt":"2023-06-16T11:34:17","guid":{"rendered":"https:\/\/trinitixshop.de\/?post_type=product&#038;p=2545"},"modified":"2026-04-17T15:49:12","modified_gmt":"2026-04-17T13:49:12","slug":"lotusbluete-diseno-magnetico-collar-de-acero-inoxidable-con-cristal-de-hielo-swarovski-rosa","status":"publish","type":"product","link":"https:\/\/trinitixshop.de\/es\/produkt\/lotusbluete-design-magnet-edelstahl-kette-mit-rosa-swarovski-eiskristall\/","title":{"rendered":"Lotusbl\u00fcte Design Magnet Edelstahl Kette mit rosa Swarovski Eiskristall # 2775"},"content":{"rendered":"<p>[151] CH277500T<\/p>\n","protected":false},"excerpt":{"rendered":"<p>\u00a1Piezas \u00fanicas hechas a mano ! - Flor de loto - colgante magn\u00e9tico inspirado en el dise\u00f1o SABO,<br \/>\ndecorado con cristal de hielo rosa original de Swarovski - aprox. \u00d8 25 mm, un peso ligero con aprox. 10 gramos, grosor aprox. 2,9 mm, muy pulido.<br \/>\nIncluye cadena de acero inoxidable con cierre de langosta (aprox. 41 - 52 cm).<br \/>\nEl colgante magn\u00e9tico atrae todas las miradas y tambi\u00e9n se puede llevar con cualquier otra cadena.<br \/>\nLa flor de loto tiene un significado especial en muchas culturas y ha influido en muchos pueblos desde la antig\u00fcedad.<br \/>\nEsta hermosa joya magn\u00e9tica es sin\u00f3nimo de ligereza, energ\u00eda y elegancia.<br \/>\nCada una de nuestras joyas est\u00e1 equipada con potentes imanes de neodimio de alta calidad.<br \/>\nAcero inoxidable de alta calidad, pulido, hipoalerg\u00e9nico, sin n\u00edquel ni al\u00e9rgenos.<br \/>\nIm\u00e1n de neodimio incrustado con aprox. 1.200 gauss<\/p>","protected":false},"featured_media":2747,"comment_status":"open","ping_status":"closed","template":"","meta":[],"product_brand":[],"product_cat":[17,21],"product_tag":[25],"class_list":{"0":"post-2545","1":"product","2":"type-product","3":"status-publish","4":"has-post-thumbnail","6":"product_cat-alle-produkte","7":"product_cat-halsketten","8":"product_tag-t-prime","9":"thunk-woo-product-list","10":"opn-qv-enable","11":"top-store-woo-hover-zoom","12":"top-store-single-product-tab-horizontal","13":"top-store-shadow-","14":"top-store-shadow-hover-","16":"first","17":"instock","18":"sale","19":"featured","20":"taxable","21":"shipping-taxable","22":"purchasable","23":"product-type-simple"},"_links":{"self":[{"href":"https:\/\/trinitixshop.de\/es\/wp-json\/wp\/v2\/product\/2545","targetHints":{"allow":["GET"]}}],"collection":[{"href":"https:\/\/trinitixshop.de\/es\/wp-json\/wp\/v2\/product"}],"about":[{"href":"https:\/\/trinitixshop.de\/es\/wp-json\/wp\/v2\/types\/product"}],"replies":[{"embeddable":true,"href":"https:\/\/trinitixshop.de\/es\/wp-json\/wp\/v2\/comments?post=2545"}],"wp:featuredmedia":[{"embeddable":true,"href":"https:\/\/trinitixshop.de\/es\/wp-json\/wp\/v2\/media\/2747"}],"wp:attachment":[{"href":"https:\/\/trinitixshop.de\/es\/wp-json\/wp\/v2\/media?parent=2545"}],"wp:term":[{"taxonomy":"product_brand","embeddable":true,"href":"https:\/\/trinitixshop.de\/es\/wp-json\/wp\/v2\/product_brand?post=2545"},{"taxonomy":"product_cat","embeddable":true,"href":"https:\/\/trinitixshop.de\/es\/wp-json\/wp\/v2\/product_cat?post=2545"},{"taxonomy":"product_tag","embeddable":true,"href":"https:\/\/trinitixshop.de\/es\/wp-json\/wp\/v2\/product_tag?post=2545"}],"curies":[{"name":"wp","href":"https:\/\/api.w.org\/{rel}","templated":true}]}}