{"id":2546,"date":"2023-06-16T13:34:17","date_gmt":"2023-06-16T11:34:17","guid":{"rendered":"https:\/\/trinitixshop.de\/?post_type=product&#038;p=2546"},"modified":"2023-06-28T11:28:25","modified_gmt":"2023-06-28T09:28:25","slug":"colgante-de-moda-premium-con-cristales-swarovski-de-colores","status":"publish","type":"product","link":"https:\/\/trinitixshop.de\/es\/produkt\/premium-fashion-anhaenger-set-mit-bunten-swarovski-crystals\/","title":{"rendered":"Colgante de moda de primera calidad engastado con vistosos cristales de Swarovski"},"content":{"rendered":"<p>[107] CH162300T<\/p>\n","protected":false},"excerpt":{"rendered":"<p>Colgante magn\u00e9tico de dise\u00f1o exclusivo elaborado a mano con numerosos elementos de cristal de Swarovski brillantes y coloridos.<br \/>\nUn complemento perfecto para cualquier colecci\u00f3n de joyas.<br \/>\nUn regalo maravilloso en combinaci\u00f3n con los pendientes a juego # 623P.<br \/>\nEste precioso colgante brillante le encantar\u00e1 por su elegancia natural.<br \/>\n\u00d8 aprox. 35 x 18 mm.<br \/>\nEn un conjunto con un collar de eslabones de acero inoxidable, \u00f8 aprox. 1,5 mm liso \/ plateado.<br \/>\nLa longitud de la cadena puede variarse f\u00e1cilmente. Longitud de la cadena: de 40,5 a 52 cm.<br \/>\nMaterial: acero inoxidable, sin alergia al n\u00edquel.<br \/>\nColor: plateado.<br \/>\nCierre de langosta<br \/>\nAcero inoxidable de alta calidad, pulido, hipoalerg\u00e9nico, sin n\u00edquel ni al\u00e9rgenos.<br \/>\nIncrustaci\u00f3n de im\u00e1n de neodimio con aproximadamente 1.800 gauss.<\/p>","protected":false},"featured_media":2746,"comment_status":"open","ping_status":"closed","template":"","meta":[],"product_brand":[],"product_cat":[17,21],"product_tag":[28],"class_list":{"0":"post-2546","1":"product","2":"type-product","3":"status-publish","4":"has-post-thumbnail","6":"product_cat-alle-produkte","7":"product_cat-halsketten","8":"product_tag-kurfuerst","9":"thunk-woo-product-list","10":"opn-qv-enable","11":"top-store-woo-hover-zoom","12":"top-store-single-product-tab-horizontal","13":"top-store-shadow-","14":"top-store-shadow-hover-","16":"first","17":"instock","18":"sale","19":"featured","20":"taxable","21":"shipping-taxable","22":"purchasable","23":"product-type-simple"},"_links":{"self":[{"href":"https:\/\/trinitixshop.de\/es\/wp-json\/wp\/v2\/product\/2546","targetHints":{"allow":["GET"]}}],"collection":[{"href":"https:\/\/trinitixshop.de\/es\/wp-json\/wp\/v2\/product"}],"about":[{"href":"https:\/\/trinitixshop.de\/es\/wp-json\/wp\/v2\/types\/product"}],"replies":[{"embeddable":true,"href":"https:\/\/trinitixshop.de\/es\/wp-json\/wp\/v2\/comments?post=2546"}],"wp:featuredmedia":[{"embeddable":true,"href":"https:\/\/trinitixshop.de\/es\/wp-json\/wp\/v2\/media\/2746"}],"wp:attachment":[{"href":"https:\/\/trinitixshop.de\/es\/wp-json\/wp\/v2\/media?parent=2546"}],"wp:term":[{"taxonomy":"product_brand","embeddable":true,"href":"https:\/\/trinitixshop.de\/es\/wp-json\/wp\/v2\/product_brand?post=2546"},{"taxonomy":"product_cat","embeddable":true,"href":"https:\/\/trinitixshop.de\/es\/wp-json\/wp\/v2\/product_cat?post=2546"},{"taxonomy":"product_tag","embeddable":true,"href":"https:\/\/trinitixshop.de\/es\/wp-json\/wp\/v2\/product_tag?post=2546"}],"curies":[{"name":"wp","href":"https:\/\/api.w.org\/{rel}","templated":true}]}}