{"id":2548,"date":"2023-06-16T13:34:17","date_gmt":"2023-06-16T11:34:17","guid":{"rendered":"https:\/\/trinitixshop.de\/?post_type=product&#038;p=2548"},"modified":"2023-06-28T11:39:25","modified_gmt":"2023-06-28T09:39:25","slug":"pluma-india-negra-con-cristales-de-swarovski-y-cadena-3447","status":"publish","type":"product","link":"https:\/\/trinitixshop.de\/es\/produkt\/indianische-feder-schwarz-mit-swarovski-crystals-und-kette-3447\/","title":{"rendered":"Pluma india negra con cristales Swarovski y cadena # 3447"},"content":{"rendered":"<p>[152] CH344700T<\/p>\n","protected":false},"excerpt":{"rendered":"<p>La pluma, un colgante de bisuter\u00eda magn\u00e9tica ligero y de gran impacto. Aprox. 5 x 1,7 cm con la pluma engastada con 3 brillantes cristales de Swarovski. Aleaci\u00f3n negra y pulida.<br \/>\nIncluye cadena de acero inoxidable con cierre de langosta (aprox. 41 - 52 cm).<br \/>\nEl colgante magn\u00e9tico atrae todas las miradas y tambi\u00e9n se puede llevar con cualquier otra cadena.<br \/>\nAunque el colgante atrapasue\u00f1os genera energ\u00eda positiva, seg\u00fan los nativos americanos es la pluma la que dirige esta energ\u00eda al portador del colgante.<br \/>\nEl colgante de pluma cuidadosamente elaborado es su joya individual que le proporciona energ\u00eda y le garantiza un aspecto elegante y glamuroso.<br \/>\nComo todas las piezas de joyer\u00eda, el colgante de joyer\u00eda magn\u00e9tico de plumas se fabrica con la m\u00e1xima precisi\u00f3n y cuidado.<br \/>\nLas bellas joyas magn\u00e9ticas son sin\u00f3nimo de ligereza, energ\u00eda y elegancia. Cada una de nuestras joyas est\u00e1 equipada con potentes imanes de neodimio de alta calidad.<br \/>\nAcero inoxidable de alta calidad, pulido, hipoalerg\u00e9nico, sin n\u00edquel ni al\u00e9rgenos.<br \/>\nIncrustaci\u00f3n de im\u00e1n de neodimio con aproximadamente 1.200 gauss.<\/p>","protected":false},"featured_media":2751,"comment_status":"open","ping_status":"closed","template":"","meta":[],"product_brand":[],"product_cat":[17,21],"product_tag":[25],"class_list":{"0":"post-2548","1":"product","2":"type-product","3":"status-publish","4":"has-post-thumbnail","6":"product_cat-alle-produkte","7":"product_cat-halsketten","8":"product_tag-t-prime","9":"thunk-woo-product-list","10":"opn-qv-enable","11":"top-store-woo-hover-zoom","12":"top-store-single-product-tab-horizontal","13":"top-store-shadow-","14":"top-store-shadow-hover-","16":"first","17":"instock","18":"sale","19":"taxable","20":"shipping-taxable","21":"purchasable","22":"product-type-simple"},"_links":{"self":[{"href":"https:\/\/trinitixshop.de\/es\/wp-json\/wp\/v2\/product\/2548","targetHints":{"allow":["GET"]}}],"collection":[{"href":"https:\/\/trinitixshop.de\/es\/wp-json\/wp\/v2\/product"}],"about":[{"href":"https:\/\/trinitixshop.de\/es\/wp-json\/wp\/v2\/types\/product"}],"replies":[{"embeddable":true,"href":"https:\/\/trinitixshop.de\/es\/wp-json\/wp\/v2\/comments?post=2548"}],"wp:featuredmedia":[{"embeddable":true,"href":"https:\/\/trinitixshop.de\/es\/wp-json\/wp\/v2\/media\/2751"}],"wp:attachment":[{"href":"https:\/\/trinitixshop.de\/es\/wp-json\/wp\/v2\/media?parent=2548"}],"wp:term":[{"taxonomy":"product_brand","embeddable":true,"href":"https:\/\/trinitixshop.de\/es\/wp-json\/wp\/v2\/product_brand?post=2548"},{"taxonomy":"product_cat","embeddable":true,"href":"https:\/\/trinitixshop.de\/es\/wp-json\/wp\/v2\/product_cat?post=2548"},{"taxonomy":"product_tag","embeddable":true,"href":"https:\/\/trinitixshop.de\/es\/wp-json\/wp\/v2\/product_tag?post=2548"}],"curies":[{"name":"wp","href":"https:\/\/api.w.org\/{rel}","templated":true}]}}