{"id":2550,"date":"2023-06-16T13:34:17","date_gmt":"2023-06-16T11:34:17","guid":{"rendered":"https:\/\/trinitixshop.de\/?post_type=product&#038;p=2550"},"modified":"2023-06-28T11:50:23","modified_gmt":"2023-06-28T09:50:23","slug":"collar-arco-iris-brasil-con-piedras-swarovski-oro","status":"publish","type":"product","link":"https:\/\/trinitixshop.de\/es\/produkt\/brazil-rainbow-kette-mit-swarovski-edelsteinen-gold\/","title":{"rendered":"Brasil Collar arco iris con piedras Swarovski oro"},"content":{"rendered":"<p>CH900300T<\/p>","protected":false},"excerpt":{"rendered":"<p>Un colorido colgante magn\u00e9tico de nuestra \"Colecci\u00f3n Arco Iris\".<br \/>\nUna variedad con gemas Swarovski de colores espectrales.<br \/>\nUn trabajo realmente h\u00e1bil de los dise\u00f1adores de nuestra empresa.<br \/>\nHecho a mano.<br \/>\nLos colores sutilmente degradados muestran los colores del espectro del arco iris. La selecci\u00f3n incluye elementos sint\u00e9ticos similares al granate, la amatista, el citrino, el peridoto y el topacio azul. Cuadrado mixto como talla modificada.<br \/>\nTama\u00f1o aprox. 8 x 25 mm. Grosor aprox. 4,6 mm.<br \/>\nSuministramos el colgante con una fina cadena de eslabones cuadrados de acero inoxidable con aleaci\u00f3n de oro natural. Longitud ajustable aprox. 41 - 52 cm.<br \/>\nEn el antiguo Oriente, el arco iris simbolizaba la victoria tras una disputa entre dioses. ...<br \/>\nA\u00fan hoy, la aparici\u00f3n del arco iris en el cielo sigue atrayendo a la gente. Se considera un s\u00edmbolo de armon\u00eda, integridad, conservaci\u00f3n de la naturaleza o un signo de la conexi\u00f3n entre el cielo y la tierra.<br \/>\nEsta hermosa joya magn\u00e9tica es sin\u00f3nimo de ligereza, energ\u00eda y elegancia.<br \/>\nCada una de nuestras joyas est\u00e1 equipada con potentes imanes de neodimio de alta calidad.<br \/>\nIncrustaci\u00f3n de im\u00e1n de neodimio con aproximadamente 1.200 gauss.<br \/>\nAcero inoxidable, sin cadmio, n\u00edquel ni plomo. Sin al\u00e9rgenos.<\/p>","protected":false},"featured_media":2760,"comment_status":"open","ping_status":"closed","template":"","meta":[],"product_brand":[],"product_cat":[17,21],"product_tag":[28],"class_list":{"0":"post-2550","1":"product","2":"type-product","3":"status-publish","4":"has-post-thumbnail","6":"product_cat-alle-produkte","7":"product_cat-halsketten","8":"product_tag-kurfuerst","9":"thunk-woo-product-list","10":"opn-qv-enable","11":"top-store-woo-hover-zoom","12":"top-store-single-product-tab-horizontal","13":"top-store-shadow-","14":"top-store-shadow-hover-","16":"first","17":"instock","18":"featured","19":"taxable","20":"shipping-taxable","21":"purchasable","22":"product-type-simple"},"_links":{"self":[{"href":"https:\/\/trinitixshop.de\/es\/wp-json\/wp\/v2\/product\/2550","targetHints":{"allow":["GET"]}}],"collection":[{"href":"https:\/\/trinitixshop.de\/es\/wp-json\/wp\/v2\/product"}],"about":[{"href":"https:\/\/trinitixshop.de\/es\/wp-json\/wp\/v2\/types\/product"}],"replies":[{"embeddable":true,"href":"https:\/\/trinitixshop.de\/es\/wp-json\/wp\/v2\/comments?post=2550"}],"wp:featuredmedia":[{"embeddable":true,"href":"https:\/\/trinitixshop.de\/es\/wp-json\/wp\/v2\/media\/2760"}],"wp:attachment":[{"href":"https:\/\/trinitixshop.de\/es\/wp-json\/wp\/v2\/media?parent=2550"}],"wp:term":[{"taxonomy":"product_brand","embeddable":true,"href":"https:\/\/trinitixshop.de\/es\/wp-json\/wp\/v2\/product_brand?post=2550"},{"taxonomy":"product_cat","embeddable":true,"href":"https:\/\/trinitixshop.de\/es\/wp-json\/wp\/v2\/product_cat?post=2550"},{"taxonomy":"product_tag","embeddable":true,"href":"https:\/\/trinitixshop.de\/es\/wp-json\/wp\/v2\/product_tag?post=2550"}],"curies":[{"name":"wp","href":"https:\/\/api.w.org\/{rel}","templated":true}]}}