{"id":2551,"date":"2023-06-16T13:34:17","date_gmt":"2023-06-16T11:34:17","guid":{"rendered":"https:\/\/trinitixshop.de\/?post_type=product&#038;p=2551"},"modified":"2023-06-28T11:56:27","modified_gmt":"2023-06-28T09:56:27","slug":"collar-diseno-corazon-con-3-cristales-swarovski-2177","status":"publish","type":"product","link":"https:\/\/trinitixshop.de\/es\/produkt\/herz-design-halskette-mit-3-swarovski-crystals-2177\/","title":{"rendered":"Collar Dise\u00f1o Coraz\u00f3n con 3 Cristales de Swarovski # 2177"},"content":{"rendered":"<p>CH217700T<\/p>","protected":false},"excerpt":{"rendered":"<p>A\u00f1ade brillo a tu atuendo: colgante de coraz\u00f3n magn\u00e9tico con elegante collar de acero inoxidable.<br \/>\nUni \/ plata con 3 genuinos brillantes Cristales Swarovski \"mejor brillo Elementos\".<br \/>\nAcero inoxidable grabable. Pulido, sin alergia al n\u00edquel. Inspirado en el \"Guess Style\", aprox. 18 x 21 mm.<br \/>\nEn conjunto con un collar de eslabones de acero inoxidable, \u00f8 aprox. 1,5 mm, unicolor \/ plateado.<br \/>\nLongitud de la cadena: de 42 a 45 cm.<br \/>\nPieza de joyer\u00eda de dise\u00f1o.<br \/>\nEste collar magn\u00e9tico en forma de coraz\u00f3n es una joya sencilla y atemporal,<br \/>\nque siempre queda bien. El dise\u00f1o unisex es ideal para \u00e9l y para ella. Resulta especialmente eficaz en combinaci\u00f3n con la pulsera coraz\u00f3n # 447. Experimente las formas claras y el dise\u00f1o cl\u00e1sico para cualquier ocasi\u00f3n.<br \/>\nAcero inoxidable de alta calidad, pulido, hipoalerg\u00e9nico, sin n\u00edquel ni al\u00e9rgenos.<br \/>\nIncrustaci\u00f3n de im\u00e1n de neodimio con aproximadamente 1.200 gauss.<\/p>","protected":false},"featured_media":2762,"comment_status":"open","ping_status":"closed","template":"","meta":[],"product_brand":[],"product_cat":[17,21],"product_tag":[25],"class_list":{"0":"post-2551","1":"product","2":"type-product","3":"status-publish","4":"has-post-thumbnail","6":"product_cat-alle-produkte","7":"product_cat-halsketten","8":"product_tag-t-prime","9":"thunk-woo-product-list","10":"opn-qv-enable","11":"top-store-woo-hover-zoom","12":"top-store-single-product-tab-horizontal","13":"top-store-shadow-","14":"top-store-shadow-hover-","16":"first","17":"instock","18":"taxable","19":"shipping-taxable","20":"purchasable","21":"product-type-simple"},"_links":{"self":[{"href":"https:\/\/trinitixshop.de\/es\/wp-json\/wp\/v2\/product\/2551","targetHints":{"allow":["GET"]}}],"collection":[{"href":"https:\/\/trinitixshop.de\/es\/wp-json\/wp\/v2\/product"}],"about":[{"href":"https:\/\/trinitixshop.de\/es\/wp-json\/wp\/v2\/types\/product"}],"replies":[{"embeddable":true,"href":"https:\/\/trinitixshop.de\/es\/wp-json\/wp\/v2\/comments?post=2551"}],"wp:featuredmedia":[{"embeddable":true,"href":"https:\/\/trinitixshop.de\/es\/wp-json\/wp\/v2\/media\/2762"}],"wp:attachment":[{"href":"https:\/\/trinitixshop.de\/es\/wp-json\/wp\/v2\/media?parent=2551"}],"wp:term":[{"taxonomy":"product_brand","embeddable":true,"href":"https:\/\/trinitixshop.de\/es\/wp-json\/wp\/v2\/product_brand?post=2551"},{"taxonomy":"product_cat","embeddable":true,"href":"https:\/\/trinitixshop.de\/es\/wp-json\/wp\/v2\/product_cat?post=2551"},{"taxonomy":"product_tag","embeddable":true,"href":"https:\/\/trinitixshop.de\/es\/wp-json\/wp\/v2\/product_tag?post=2551"}],"curies":[{"name":"wp","href":"https:\/\/api.w.org\/{rel}","templated":true}]}}