{"id":2553,"date":"2023-06-16T13:34:17","date_gmt":"2023-06-16T11:34:17","guid":{"rendered":"https:\/\/trinitixshop.de\/?post_type=product&#038;p=2553"},"modified":"2023-06-28T11:23:40","modified_gmt":"2023-06-28T09:23:40","slug":"ojo-de-dragon-plata-con-cristal-swarovski-rosa-rojo-azul","status":"publish","type":"product","link":"https:\/\/trinitixshop.de\/es\/produkt\/dragon-eye-silber-mit-swarovski-crystal-pink-rot-blau\/","title":{"rendered":"Ojo de drag\u00f3n de plata con cristal Swarovski rosa\/rojo\/azul"},"content":{"rendered":"","protected":false},"excerpt":{"rendered":"<p>Colgante magn\u00e9tico - Ojo de Drag\u00f3n - Diamante Rosa, Rojo o Azul Ojo de Drag\u00f3n - \u00f8 aprox. 12 mm,<br \/>\nCon cristal Swarovski original tallado de alta calidad.<br \/>\nIncrustaciones de im\u00e1n de neodimio con aproximadamente 1.200 gauss.<br \/>\nAcero inoxidable, sin cadmio, n\u00edquel ni plomo. Sin al\u00e9rgenos.<br \/>\nSe entrega con una cadena de serpiente de acero inoxidable con cierre de langosta.<br \/>\nLongitud individual de la cadena aprox. 40,5 - 52 cm.<br \/>\nSparkling = el brillante colgante magn\u00e9tico - con un gran elemento Solitario de cristal Swarovski aut\u00e9ntico pondr\u00e1 una sonrisa en su cara. En combinaci\u00f3n con esta sencilla cadena de serpiente de acero inoxidable, el colgante - Crystal<br \/>\nespecialmente bien. El brillo de los cristales de Swarovski, el poder del im\u00e1n y el acero inoxidable respetuoso con la piel garantizan que no querr\u00e1 quitarse nunca m\u00e1s esta joya.<br \/>\nPura elegancia... as\u00ed se puede describir esta maravillosa joya en s\u00f3lo dos palabras.<br \/>\nUna cadena de serpiente que acaricia suavemente el cuello de toda mujer y un colgante magn\u00e9tico que adorna cualquier escote hacen de esta joya un accesorio de belleza \u00fanica.<\/p>","protected":false},"featured_media":2742,"comment_status":"open","ping_status":"closed","template":"","meta":[],"product_brand":[],"product_cat":[17,21],"product_tag":[26],"class_list":{"0":"post-2553","1":"product","2":"type-product","3":"status-publish","4":"has-post-thumbnail","6":"product_cat-alle-produkte","7":"product_cat-halsketten","8":"product_tag-paja","9":"thunk-woo-product-list","10":"opn-qv-enable","11":"top-store-woo-hover-zoom","12":"top-store-single-product-tab-horizontal","13":"top-store-shadow-","14":"top-store-shadow-hover-","16":"first","17":"instock","18":"taxable","19":"shipping-taxable","20":"purchasable","21":"product-type-variable"},"_links":{"self":[{"href":"https:\/\/trinitixshop.de\/es\/wp-json\/wp\/v2\/product\/2553","targetHints":{"allow":["GET"]}}],"collection":[{"href":"https:\/\/trinitixshop.de\/es\/wp-json\/wp\/v2\/product"}],"about":[{"href":"https:\/\/trinitixshop.de\/es\/wp-json\/wp\/v2\/types\/product"}],"replies":[{"embeddable":true,"href":"https:\/\/trinitixshop.de\/es\/wp-json\/wp\/v2\/comments?post=2553"}],"wp:featuredmedia":[{"embeddable":true,"href":"https:\/\/trinitixshop.de\/es\/wp-json\/wp\/v2\/media\/2742"}],"wp:attachment":[{"href":"https:\/\/trinitixshop.de\/es\/wp-json\/wp\/v2\/media?parent=2553"}],"wp:term":[{"taxonomy":"product_brand","embeddable":true,"href":"https:\/\/trinitixshop.de\/es\/wp-json\/wp\/v2\/product_brand?post=2553"},{"taxonomy":"product_cat","embeddable":true,"href":"https:\/\/trinitixshop.de\/es\/wp-json\/wp\/v2\/product_cat?post=2553"},{"taxonomy":"product_tag","embeddable":true,"href":"https:\/\/trinitixshop.de\/es\/wp-json\/wp\/v2\/product_tag?post=2553"}],"curies":[{"name":"wp","href":"https:\/\/api.w.org\/{rel}","templated":true}]}}