{"id":2555,"date":"2023-06-16T13:34:17","date_gmt":"2023-06-16T11:34:17","guid":{"rendered":"https:\/\/trinitixshop.de\/?post_type=product&#038;p=2555"},"modified":"2023-06-28T12:15:37","modified_gmt":"2023-06-28T10:15:37","slug":"puzzle-partner-collar-corazon-2en1-de-plata-con-2-cadenas-simbolo-de-profunda-amistad-y-amor","status":"publish","type":"product","link":"https:\/\/trinitixshop.de\/es\/produkt\/puzzle-partnerkette-herz-2in1-silber-mit-2-ketten-symbol-tiefer-freundschaft-und-liebe\/","title":{"rendered":"Puzzle pareja cadena coraz\u00f3n 2en1 plata con 2 cadenas - s\u00edmbolo de profunda amistad y amor"},"content":{"rendered":"<p>CH251600T<\/p>","protected":false},"excerpt":{"rendered":"<p>Precioso collar de pareja de acero inoxidable de la mejor calidad de dise\u00f1o.<br \/>\nUn s\u00edmbolo de profunda amistad y amor similar a las piezas de un rompecabezas.<br \/>\nColgante de bisuter\u00eda magn\u00e9tico divisible con 2 ojales. Las dos piezas del puzle pueden llevarse juntas en una cadena o por separado.<br \/>\nSuperficie: Dise\u00f1o de coraz\u00f3n. Cada pieza del puzzle est\u00e1 engastada con una mitad de coraz\u00f3n de plata.<br \/>\nEn un juego con 2 collares de eslabones de acero inoxidable, \u00f8 aprox. 1,5 mm, liso \/ plateado.<br \/>\nLas cadenas pueden variar f\u00e1cilmente de longitud. Longitud de la cadena: de 38,5 a 46,5 cm.<br \/>\nMaterial: acero inoxidable, sin al\u00e9rgenos de n\u00edquel. Color: plateado.<br \/>\nEl cierre de langosta y el acero inoxidable respetuoso con la piel garantizan que nunca m\u00e1s querr\u00e1 quitarse esta joya.<br \/>\nCalidad perfecta y elaboraci\u00f3n de alta calidad. Dimensiones por pieza aprox. 20 x 18 mm, cepillado. Se puede grabar.<br \/>\nAcero inoxidable de alta calidad, pulido, hipoalerg\u00e9nico, sin n\u00edquel ni al\u00e9rgenos.<br \/>\nUna incrustaci\u00f3n de im\u00e1n de neodimio cada una con aprox. 1.200 gauss.<\/p>","protected":false},"featured_media":2779,"comment_status":"open","ping_status":"closed","template":"","meta":[],"product_brand":[],"product_cat":[17,21],"product_tag":[24],"class_list":{"0":"post-2555","1":"product","2":"type-product","3":"status-publish","4":"has-post-thumbnail","6":"product_cat-alle-produkte","7":"product_cat-halsketten","8":"product_tag-jungbrunn","9":"thunk-woo-product-list","10":"opn-qv-enable","11":"top-store-woo-hover-zoom","12":"top-store-single-product-tab-horizontal","13":"top-store-shadow-","14":"top-store-shadow-hover-","16":"first","17":"instock","18":"featured","19":"taxable","20":"shipping-taxable","21":"purchasable","22":"product-type-simple"},"_links":{"self":[{"href":"https:\/\/trinitixshop.de\/es\/wp-json\/wp\/v2\/product\/2555","targetHints":{"allow":["GET"]}}],"collection":[{"href":"https:\/\/trinitixshop.de\/es\/wp-json\/wp\/v2\/product"}],"about":[{"href":"https:\/\/trinitixshop.de\/es\/wp-json\/wp\/v2\/types\/product"}],"replies":[{"embeddable":true,"href":"https:\/\/trinitixshop.de\/es\/wp-json\/wp\/v2\/comments?post=2555"}],"wp:featuredmedia":[{"embeddable":true,"href":"https:\/\/trinitixshop.de\/es\/wp-json\/wp\/v2\/media\/2779"}],"wp:attachment":[{"href":"https:\/\/trinitixshop.de\/es\/wp-json\/wp\/v2\/media?parent=2555"}],"wp:term":[{"taxonomy":"product_brand","embeddable":true,"href":"https:\/\/trinitixshop.de\/es\/wp-json\/wp\/v2\/product_brand?post=2555"},{"taxonomy":"product_cat","embeddable":true,"href":"https:\/\/trinitixshop.de\/es\/wp-json\/wp\/v2\/product_cat?post=2555"},{"taxonomy":"product_tag","embeddable":true,"href":"https:\/\/trinitixshop.de\/es\/wp-json\/wp\/v2\/product_tag?post=2555"}],"curies":[{"name":"wp","href":"https:\/\/api.w.org\/{rel}","templated":true}]}}