{"id":2561,"date":"2023-06-16T13:34:17","date_gmt":"2023-06-16T11:34:17","guid":{"rendered":"https:\/\/trinitixshop.de\/?post_type=product&#038;p=2561"},"modified":"2025-11-30T16:58:45","modified_gmt":"2025-11-30T15:58:45","slug":"collar-magnetico-power-heart-lily-oro-rosa-con-muchos-cristales-de-swarovski","status":"publish","type":"product","link":"https:\/\/trinitixshop.de\/es\/produkt\/power-herz-lily-funkelnde-magnetschmuck-kette-rosegold-mit-vielen-swarovski-kristallen\/","title":{"rendered":"Power Herz &#8211; LILY &#8211; funkelnde Magnetschmuck Kette rosegold mit vielen Swarovski Kristallen # 1256"},"content":{"rendered":"<p>CH001256T<\/p>","protected":false},"excerpt":{"rendered":"<p>Power heart - LILY - Collar joya magn\u00e9tica brillante Coracao rose gold Coeur solid con muchos cristales de la Casa Swarovski<br \/>\nCadena magn\u00e9tica de joyer\u00eda - brillante. Oro rosa, chapado en oro duro.<br \/>\nUn s\u00f3lido y elegante coraz\u00f3n pulido como colgante con fuerza magn\u00e9tica. Engastado a mano con numerosos cristales de Swarovski brillantes (negro, melocot\u00f3n, blanco).<br \/>\n2 imanes de neodimio integrados (1200 gauss). Acero inoxidable, sin n\u00edquel ni al\u00e9rgenos, \u00d8 aprox. 20 x 22 mm. Grosor aprox. 12 mm.<br \/>\nOriginal en estuche de joyer\u00eda. Incluye cadena de acero inoxidable con cierre de langosta (aprox. \u00d8 2 mm, 40 - 50 cm).<\/p>","protected":false},"featured_media":2771,"comment_status":"open","ping_status":"closed","template":"","meta":[],"product_brand":[],"product_cat":[17,21],"product_tag":[28],"class_list":{"0":"post-2561","1":"product","2":"type-product","3":"status-publish","4":"has-post-thumbnail","6":"product_cat-alle-produkte","7":"product_cat-halsketten","8":"product_tag-kurfuerst","9":"thunk-woo-product-list","10":"opn-qv-enable","11":"top-store-woo-hover-zoom","12":"top-store-single-product-tab-horizontal","13":"top-store-shadow-","14":"top-store-shadow-hover-","16":"first","17":"instock","18":"taxable","19":"shipping-taxable","20":"purchasable","21":"product-type-simple"},"_links":{"self":[{"href":"https:\/\/trinitixshop.de\/es\/wp-json\/wp\/v2\/product\/2561","targetHints":{"allow":["GET"]}}],"collection":[{"href":"https:\/\/trinitixshop.de\/es\/wp-json\/wp\/v2\/product"}],"about":[{"href":"https:\/\/trinitixshop.de\/es\/wp-json\/wp\/v2\/types\/product"}],"replies":[{"embeddable":true,"href":"https:\/\/trinitixshop.de\/es\/wp-json\/wp\/v2\/comments?post=2561"}],"wp:featuredmedia":[{"embeddable":true,"href":"https:\/\/trinitixshop.de\/es\/wp-json\/wp\/v2\/media\/2771"}],"wp:attachment":[{"href":"https:\/\/trinitixshop.de\/es\/wp-json\/wp\/v2\/media?parent=2561"}],"wp:term":[{"taxonomy":"product_brand","embeddable":true,"href":"https:\/\/trinitixshop.de\/es\/wp-json\/wp\/v2\/product_brand?post=2561"},{"taxonomy":"product_cat","embeddable":true,"href":"https:\/\/trinitixshop.de\/es\/wp-json\/wp\/v2\/product_cat?post=2561"},{"taxonomy":"product_tag","embeddable":true,"href":"https:\/\/trinitixshop.de\/es\/wp-json\/wp\/v2\/product_tag?post=2561"}],"curies":[{"name":"wp","href":"https:\/\/api.w.org\/{rel}","templated":true}]}}