{"id":2564,"date":"2023-06-16T13:34:18","date_gmt":"2023-06-16T11:34:18","guid":{"rendered":"https:\/\/trinitixshop.de\/?post_type=product&#038;p=2564"},"modified":"2023-11-16T13:55:56","modified_gmt":"2023-11-16T12:55:56","slug":"collar-magnetico-de-salamandra-con-ojos-de-esmeralda-de-swarovski","status":"publish","type":"product","link":"https:\/\/trinitixshop.de\/es\/produkt\/salamander-magnetschmuck-kette-mit-swarovski-smaragd-eyes\/","title":{"rendered":"Collar de bisuter\u00eda magn\u00e9tica Salamandra con Swarovski Emerald Eyes"},"content":{"rendered":"<p>CH005300T<\/p>","protected":false},"excerpt":{"rendered":"<p>Elegante colgante magn\u00e9tico de dise\u00f1o salamandra en un manojo con una cadena de acero inoxidable.<br \/>\nCon 2 elementos de cristal de Swarovski incorporados y brillantes de color verde como ojos - Emerald Eyes -<br \/>\nPiezas \u00fanicas hechas a mano. Longitud aprox. 40mm, uni\/plata, s\u00f3lido.<br \/>\nOjal para cadena de hasta 3 mm de di\u00e1metro aprox.<br \/>\nJunto con: Collar de eslabones magn\u00e9ticos de acero inoxidable con cierre de langosta, liso \/ plateado.<br \/>\nLa cadena es de acero inoxidable respetuoso con la piel y no contiene n\u00edquel.<br \/>\nLa longitud de la cadena puede variarse f\u00e1cilmente. Longitud de la cadena: de 38,5 a 46,5 cm aprox.<br \/>\nEste juego de joyas magn\u00e9ticas es una pieza atemporal y sencilla que siempre queda bien.<br \/>\nEl dise\u00f1o unisex es ideal para \u00e9l y para ella. Experimenta la claridad<br \/>\nFormas y dise\u00f1o cl\u00e1sico para cada ocasi\u00f3n.<br \/>\nIncrustaciones de im\u00e1n de neodimio con aproximadamente 1.200 gauss.<br \/>\nAcero inoxidable, sin cadmio, n\u00edquel ni plomo. Sin al\u00e9rgenos.<\/p>","protected":false},"featured_media":2739,"comment_status":"open","ping_status":"closed","template":"","meta":[],"product_brand":[],"product_cat":[17,21],"product_tag":[25],"class_list":{"0":"post-2564","1":"product","2":"type-product","3":"status-publish","4":"has-post-thumbnail","6":"product_cat-alle-produkte","7":"product_cat-halsketten","8":"product_tag-t-prime","9":"thunk-woo-product-list","10":"opn-qv-enable","11":"top-store-woo-hover-zoom","12":"top-store-single-product-tab-horizontal","13":"top-store-shadow-","14":"top-store-shadow-hover-","16":"first","17":"instock","18":"taxable","19":"shipping-taxable","20":"purchasable","21":"product-type-simple"},"_links":{"self":[{"href":"https:\/\/trinitixshop.de\/es\/wp-json\/wp\/v2\/product\/2564","targetHints":{"allow":["GET"]}}],"collection":[{"href":"https:\/\/trinitixshop.de\/es\/wp-json\/wp\/v2\/product"}],"about":[{"href":"https:\/\/trinitixshop.de\/es\/wp-json\/wp\/v2\/types\/product"}],"replies":[{"embeddable":true,"href":"https:\/\/trinitixshop.de\/es\/wp-json\/wp\/v2\/comments?post=2564"}],"wp:featuredmedia":[{"embeddable":true,"href":"https:\/\/trinitixshop.de\/es\/wp-json\/wp\/v2\/media\/2739"}],"wp:attachment":[{"href":"https:\/\/trinitixshop.de\/es\/wp-json\/wp\/v2\/media?parent=2564"}],"wp:term":[{"taxonomy":"product_brand","embeddable":true,"href":"https:\/\/trinitixshop.de\/es\/wp-json\/wp\/v2\/product_brand?post=2564"},{"taxonomy":"product_cat","embeddable":true,"href":"https:\/\/trinitixshop.de\/es\/wp-json\/wp\/v2\/product_cat?post=2564"},{"taxonomy":"product_tag","embeddable":true,"href":"https:\/\/trinitixshop.de\/es\/wp-json\/wp\/v2\/product_tag?post=2564"}],"curies":[{"name":"wp","href":"https:\/\/api.w.org\/{rel}","templated":true}]}}