{"id":2565,"date":"2023-06-16T13:34:18","date_gmt":"2023-06-16T11:34:18","guid":{"rendered":"https:\/\/trinitixshop.de\/?post_type=product&#038;p=2565"},"modified":"2024-03-08T12:53:45","modified_gmt":"2024-03-08T11:53:45","slug":"colgante-magnetico-ladium-power-biocorrector","status":"publish","type":"product","link":"https:\/\/trinitixshop.de\/es\/produkt\/ladium-power-magnetanhaenger-biocorrector\/","title":{"rendered":"Colgante magn\u00e9tico Ladium Power Biocorrector # 277"},"content":{"rendered":"<p>CH027700T<\/p>","protected":false},"excerpt":{"rendered":"<p>Bioenerg\u00e9tica. Biocorrector \"Ladium\" es una c\u00e1psula m\u00e9dica ferromagn\u00e9tica con una punta de acupresi\u00f3n para una aplicaci\u00f3n milim\u00e9trica.<br \/>\nUn campo magn\u00e9tico especialmente alineado (3000 gauss) est\u00e1 dise\u00f1ado para estimular los procesos reguladores del organismo, restablecer la polarizaci\u00f3n natural de las c\u00e9lulas, mejorar su circulaci\u00f3n sangu\u00ednea y estimular el metabolismo.<br \/>\n\u00d8 aprox. 53 x 12 mm. Correa textil negra, 2 nudos para ajustar f\u00e1cilmente la longitud.<br \/>\nSupuesto efecto del Biocorrector \"Ladium\":<br \/>\nEfecto positivo, analg\u00e9sico y regenerador en enfermedades del coraz\u00f3n y de los vasos sangu\u00edneos, hipertensi\u00f3n arterial, isquemia, angina de pecho, secuelas de infartos y derrames cerebrales, gastritis, \u00falceras g\u00e1stricas, artritis, bursitis, hemorroides, prostatitis, impotencia, adenoma, cistitis, edemas, artritis, varices, trombosis, etc.<br \/>\nAplicaci\u00f3n positiva en enfermedades neurol\u00f3gicas y neuropsiqui\u00e1tricas:<br \/>\nS\u00edndromes de dolor, fatiga, cefaleas, estr\u00e9s, neurosis, trastornos del sue\u00f1o, fatiga cr\u00f3nica, etc.<br \/>\nIdeal para uso individual. Numerosos estudios han demostrado que \"Ladium\" puede aliviar r\u00e1pidamente el dolor.<br \/>\nIdeal para la espalda, los hombros, el cuello o el vientre. Visible o invisible, \u00a1el colgante magn\u00e9tico es un compa\u00f1ero para todo el d\u00eda!<br \/>\nM\u00c1S ENERG\u00cdA QUE NUNCA.<br \/>\nPara apoyar el programa de desintoxicaci\u00f3n. Acelera el metabolismo, refuerza el sistema inmunitario y aporta nueva energ\u00eda.<br \/>\nLa punta se utiliza para una aplicaci\u00f3n selectiva.<br \/>\nEl colgante est\u00e1 equipado con un im\u00e1n extrafuerte y te permite llevarlo donde quieras.<br \/>\nIncrustaci\u00f3n de im\u00e1n de neodimio con aproximadamente 3.000 gauss.<br \/>\nAcero inoxidable, sin cadmio, n\u00edquel ni plomo. Sin al\u00e9rgenos.<\/p>","protected":false},"featured_media":2740,"comment_status":"open","ping_status":"closed","template":"","meta":[],"product_brand":[],"product_cat":[17,21],"product_tag":[25],"class_list":{"0":"post-2565","1":"product","2":"type-product","3":"status-publish","4":"has-post-thumbnail","6":"product_cat-alle-produkte","7":"product_cat-halsketten","8":"product_tag-t-prime","9":"thunk-woo-product-list","10":"opn-qv-enable","11":"top-store-woo-hover-zoom","12":"top-store-single-product-tab-horizontal","13":"top-store-shadow-","14":"top-store-shadow-hover-","16":"first","17":"instock","18":"sale","19":"taxable","20":"shipping-taxable","21":"purchasable","22":"product-type-simple"},"_links":{"self":[{"href":"https:\/\/trinitixshop.de\/es\/wp-json\/wp\/v2\/product\/2565","targetHints":{"allow":["GET"]}}],"collection":[{"href":"https:\/\/trinitixshop.de\/es\/wp-json\/wp\/v2\/product"}],"about":[{"href":"https:\/\/trinitixshop.de\/es\/wp-json\/wp\/v2\/types\/product"}],"replies":[{"embeddable":true,"href":"https:\/\/trinitixshop.de\/es\/wp-json\/wp\/v2\/comments?post=2565"}],"wp:featuredmedia":[{"embeddable":true,"href":"https:\/\/trinitixshop.de\/es\/wp-json\/wp\/v2\/media\/2740"}],"wp:attachment":[{"href":"https:\/\/trinitixshop.de\/es\/wp-json\/wp\/v2\/media?parent=2565"}],"wp:term":[{"taxonomy":"product_brand","embeddable":true,"href":"https:\/\/trinitixshop.de\/es\/wp-json\/wp\/v2\/product_brand?post=2565"},{"taxonomy":"product_cat","embeddable":true,"href":"https:\/\/trinitixshop.de\/es\/wp-json\/wp\/v2\/product_cat?post=2565"},{"taxonomy":"product_tag","embeddable":true,"href":"https:\/\/trinitixshop.de\/es\/wp-json\/wp\/v2\/product_tag?post=2565"}],"curies":[{"name":"wp","href":"https:\/\/api.w.org\/{rel}","templated":true}]}}