{"id":2566,"date":"2023-06-16T13:34:22","date_gmt":"2023-06-16T11:34:22","guid":{"rendered":"https:\/\/trinitixshop.de\/?post_type=product&#038;p=2566"},"modified":"2023-06-28T10:46:12","modified_gmt":"2023-06-28T08:46:12","slug":"placas-magneticas-joyas-magneticas-cadenas-colgantes-oro-14-mm-418","status":"publish","type":"product","link":"https:\/\/trinitixshop.de\/es\/produkt\/magnetplaettchen-magnetschmuck-ketten-anhaenger-gold-14-mm-418\/","title":{"rendered":"Disco magn\u00e9tico colgante cadena bisuter\u00eda oro 14 mm # 418"},"content":{"rendered":"<p>CH041800T<\/p>","protected":false},"excerpt":{"rendered":"<p>Colgante de cadena de oro. Acero inoxidable, chapado en oro duro de 24 quilates, pulido, sin alergia al n\u00edquel. Tama\u00f1o: 14 x 7 mm.<br \/>\nEste peque\u00f1o colgante con dos imanes integrados tambi\u00e9n a\u00f1adir\u00e1 un toque especial a tu<br \/>\njoyas favoritas de energ\u00eda magn\u00e9tica.<br \/>\nBasta con engancharlo al cierre existente.<br \/>\nPara una fuerza magn\u00e9tica a\u00fan mayor, existe este disco magn\u00e9tico de \"acero inoxidable\".<br \/>\nPuede enganchar f\u00e1cilmente el peque\u00f1o accesorio magn\u00e9tico de joyer\u00eda a su correa textil o cadena. El disco magn\u00e9tico est\u00e1 fabricado en acero inoxidable de f\u00e1cil cuidado y respetuoso con la piel, y cuenta con dos potentes imanes de neodimio.<br \/>\nPru\u00e9belo y experimente la joyer\u00eda con un impacto que no querr\u00e1 quitarse nunca m\u00e1s.<br \/>\nIncrustaciones de im\u00e1n de neodimio con aproximadamente 1.200 gauss.<br \/>\nAcero inoxidable, sin cadmio, n\u00edquel ni plomo. Sin al\u00e9rgenos.<\/p>","protected":false},"featured_media":2733,"comment_status":"open","ping_status":"closed","template":"","meta":[],"product_brand":[],"product_cat":[17,21],"product_tag":[25],"class_list":{"0":"post-2566","1":"product","2":"type-product","3":"status-publish","4":"has-post-thumbnail","6":"product_cat-alle-produkte","7":"product_cat-halsketten","8":"product_tag-t-prime","9":"thunk-woo-product-list","10":"opn-qv-enable","11":"top-store-woo-hover-zoom","12":"top-store-single-product-tab-horizontal","13":"top-store-shadow-","14":"top-store-shadow-hover-","16":"first","17":"instock","18":"taxable","19":"shipping-taxable","20":"purchasable","21":"product-type-simple"},"_links":{"self":[{"href":"https:\/\/trinitixshop.de\/es\/wp-json\/wp\/v2\/product\/2566","targetHints":{"allow":["GET"]}}],"collection":[{"href":"https:\/\/trinitixshop.de\/es\/wp-json\/wp\/v2\/product"}],"about":[{"href":"https:\/\/trinitixshop.de\/es\/wp-json\/wp\/v2\/types\/product"}],"replies":[{"embeddable":true,"href":"https:\/\/trinitixshop.de\/es\/wp-json\/wp\/v2\/comments?post=2566"}],"wp:featuredmedia":[{"embeddable":true,"href":"https:\/\/trinitixshop.de\/es\/wp-json\/wp\/v2\/media\/2733"}],"wp:attachment":[{"href":"https:\/\/trinitixshop.de\/es\/wp-json\/wp\/v2\/media?parent=2566"}],"wp:term":[{"taxonomy":"product_brand","embeddable":true,"href":"https:\/\/trinitixshop.de\/es\/wp-json\/wp\/v2\/product_brand?post=2566"},{"taxonomy":"product_cat","embeddable":true,"href":"https:\/\/trinitixshop.de\/es\/wp-json\/wp\/v2\/product_cat?post=2566"},{"taxonomy":"product_tag","embeddable":true,"href":"https:\/\/trinitixshop.de\/es\/wp-json\/wp\/v2\/product_tag?post=2566"}],"curies":[{"name":"wp","href":"https:\/\/api.w.org\/{rel}","templated":true}]}}