{"id":2567,"date":"2023-06-16T13:34:22","date_gmt":"2023-06-16T11:34:22","guid":{"rendered":"https:\/\/trinitixshop.de\/?post_type=product&#038;p=2567"},"modified":"2025-09-04T21:35:07","modified_gmt":"2025-09-04T19:35:07","slug":"colgante-placa-magnetica-plata-14-mm","status":"publish","type":"product","link":"https:\/\/trinitixshop.de\/es\/produkt\/magnetplaettchen-anhaenger-silber-14-mm\/","title":{"rendered":"Magnetpl\u00e4ttchen Anh\u00e4nger silber 14 mm # 419"},"content":{"rendered":"<p>CH041900T<\/p>","protected":false},"excerpt":{"rendered":"<p>Colgante, plata.<br \/>\nAcero inoxidable, pulido, sin alergia al n\u00edquel. Tama\u00f1o: 14 x 7 mm<br \/>\nEste peque\u00f1o colgante con dos imanes integrados tambi\u00e9n aporta energ\u00eda magn\u00e9tica a sus joyas favoritas.<br \/>\nBasta con engancharlo al cierre existente.<br \/>\nPara una fuerza magn\u00e9tica a\u00fan mayor, existe este disco magn\u00e9tico de \"acero inoxidable\".<br \/>\nPuede enganchar f\u00e1cilmente el peque\u00f1o accesorio magn\u00e9tico de joyer\u00eda a su correa textil o cadena. El disco magn\u00e9tico est\u00e1 fabricado en acero inoxidable de f\u00e1cil cuidado y respetuoso con la piel, y cuenta con dos potentes imanes de neodimio.<br \/>\nPru\u00e9belo y experimente la joyer\u00eda con un impacto que no querr\u00e1 quitarse nunca m\u00e1s.<br \/>\nIncrustaciones de im\u00e1n de neodimio con aproximadamente 1.200 gauss.<br \/>\nAcero inoxidable, sin cadmio, n\u00edquel ni plomo. Sin al\u00e9rgenos.<\/p>","protected":false},"featured_media":2730,"comment_status":"open","ping_status":"closed","template":"","meta":[],"product_brand":[],"product_cat":[17,21],"product_tag":[25],"class_list":{"0":"post-2567","1":"product","2":"type-product","3":"status-publish","4":"has-post-thumbnail","6":"product_cat-alle-produkte","7":"product_cat-halsketten","8":"product_tag-t-prime","9":"thunk-woo-product-list","10":"opn-qv-enable","11":"top-store-woo-hover-zoom","12":"top-store-single-product-tab-horizontal","13":"top-store-shadow-","14":"top-store-shadow-hover-","16":"first","17":"instock","18":"taxable","19":"shipping-taxable","20":"purchasable","21":"product-type-simple"},"_links":{"self":[{"href":"https:\/\/trinitixshop.de\/es\/wp-json\/wp\/v2\/product\/2567","targetHints":{"allow":["GET"]}}],"collection":[{"href":"https:\/\/trinitixshop.de\/es\/wp-json\/wp\/v2\/product"}],"about":[{"href":"https:\/\/trinitixshop.de\/es\/wp-json\/wp\/v2\/types\/product"}],"replies":[{"embeddable":true,"href":"https:\/\/trinitixshop.de\/es\/wp-json\/wp\/v2\/comments?post=2567"}],"wp:featuredmedia":[{"embeddable":true,"href":"https:\/\/trinitixshop.de\/es\/wp-json\/wp\/v2\/media\/2730"}],"wp:attachment":[{"href":"https:\/\/trinitixshop.de\/es\/wp-json\/wp\/v2\/media?parent=2567"}],"wp:term":[{"taxonomy":"product_brand","embeddable":true,"href":"https:\/\/trinitixshop.de\/es\/wp-json\/wp\/v2\/product_brand?post=2567"},{"taxonomy":"product_cat","embeddable":true,"href":"https:\/\/trinitixshop.de\/es\/wp-json\/wp\/v2\/product_cat?post=2567"},{"taxonomy":"product_tag","embeddable":true,"href":"https:\/\/trinitixshop.de\/es\/wp-json\/wp\/v2\/product_tag?post=2567"}],"curies":[{"name":"wp","href":"https:\/\/api.w.org\/{rel}","templated":true}]}}