{"id":2571,"date":"2023-06-16T13:34:23","date_gmt":"2023-06-16T11:34:23","guid":{"rendered":"https:\/\/trinitixshop.de\/?post_type=product&#038;p=2571"},"modified":"2023-06-28T13:53:57","modified_gmt":"2023-06-28T11:53:57","slug":"collar-de-eslabones-de-oro-con-placa-magnetica-537","status":"publish","type":"product","link":"https:\/\/trinitixshop.de\/es\/produkt\/glieder-halskette-gold-mit-magnetplaettchen-537\/","title":{"rendered":"Collar de eslabones dorados con disco magn\u00e9tico # 537"},"content":{"rendered":"<p>CH053702T<\/p>","protected":false},"excerpt":{"rendered":"<p>Collar de eslabones sencillos de acero inoxidable, \u00f8 1,5 mm, con disco magn\u00e9tico. Chapado en oro duro de 24k<br \/>\nEl disco magn\u00e9tico est\u00e1 fabricado con acero inoxidable respetuoso con la piel y dos potentes imanes de neodimio.<br \/>\n1200 Gauss.<br \/>\nLa longitud de la cadena puede variarse f\u00e1cilmente. Longitud de la cadena: de 38,5 a 46,5 cm.<br \/>\nAcero inoxidable, sin n\u00edquel ni al\u00e9rgenos. Color plata. Cierre de langosta.<br \/>\nEl collar de acero inoxidable es una joya atemporal y sencilla que siempre queda bien.<br \/>\nEl dise\u00f1o unisex del collar de acero inoxidable es ideal para \u00e9l y para ella.<br \/>\nEl collar de acero inoxidable resulta especialmente eficaz en combinaci\u00f3n con un colgante informal de .<br \/>\nExperimente las formas claras y el dise\u00f1o cl\u00e1sico para cualquier ocasi\u00f3n.Sencillo collar de eslabones de acero inoxidable, \u00f8 1,5 mm, con disco magn\u00e9tico. chapado en oro duro de 24k<br \/>\nEl disco magn\u00e9tico est\u00e1 fabricado con acero inoxidable respetuoso con la piel y dos potentes imanes de neodimio.<br \/>\n1200 Gauss.<br \/>\nLa longitud de la cadena puede variarse f\u00e1cilmente. Longitud de la cadena: de 38,5 a 46,5 cm.<br \/>\nAcero inoxidable, sin n\u00edquel ni al\u00e9rgenos. Color plata. Cierre de langosta.<br \/>\nEl collar de acero inoxidable es una joya atemporal y sencilla que siempre queda bien.<br \/>\nEl dise\u00f1o unisex del collar de acero inoxidable es ideal para \u00e9l y para ella.<br \/>\nEl collar de acero inoxidable resulta especialmente eficaz en combinaci\u00f3n con un colgante informal de .<br \/>\nExperimente las formas claras y el dise\u00f1o cl\u00e1sico para cada ocasi\u00f3n.<\/p>","protected":false},"featured_media":2799,"comment_status":"open","ping_status":"closed","template":"","meta":[],"product_brand":[],"product_cat":[17,21],"product_tag":[25],"class_list":{"0":"post-2571","1":"product","2":"type-product","3":"status-publish","4":"has-post-thumbnail","6":"product_cat-alle-produkte","7":"product_cat-halsketten","8":"product_tag-t-prime","9":"thunk-woo-product-list","10":"opn-qv-enable","11":"top-store-woo-hover-zoom","12":"top-store-single-product-tab-horizontal","13":"top-store-shadow-","14":"top-store-shadow-hover-","16":"first","17":"instock","18":"sale","19":"taxable","20":"shipping-taxable","21":"purchasable","22":"product-type-simple"},"_links":{"self":[{"href":"https:\/\/trinitixshop.de\/es\/wp-json\/wp\/v2\/product\/2571","targetHints":{"allow":["GET"]}}],"collection":[{"href":"https:\/\/trinitixshop.de\/es\/wp-json\/wp\/v2\/product"}],"about":[{"href":"https:\/\/trinitixshop.de\/es\/wp-json\/wp\/v2\/types\/product"}],"replies":[{"embeddable":true,"href":"https:\/\/trinitixshop.de\/es\/wp-json\/wp\/v2\/comments?post=2571"}],"wp:featuredmedia":[{"embeddable":true,"href":"https:\/\/trinitixshop.de\/es\/wp-json\/wp\/v2\/media\/2799"}],"wp:attachment":[{"href":"https:\/\/trinitixshop.de\/es\/wp-json\/wp\/v2\/media?parent=2571"}],"wp:term":[{"taxonomy":"product_brand","embeddable":true,"href":"https:\/\/trinitixshop.de\/es\/wp-json\/wp\/v2\/product_brand?post=2571"},{"taxonomy":"product_cat","embeddable":true,"href":"https:\/\/trinitixshop.de\/es\/wp-json\/wp\/v2\/product_cat?post=2571"},{"taxonomy":"product_tag","embeddable":true,"href":"https:\/\/trinitixshop.de\/es\/wp-json\/wp\/v2\/product_tag?post=2571"}],"curies":[{"name":"wp","href":"https:\/\/api.w.org\/{rel}","templated":true}]}}