{"id":2572,"date":"2023-06-16T13:34:23","date_gmt":"2023-06-16T11:34:23","guid":{"rendered":"https:\/\/trinitixshop.de\/?post_type=product&#038;p=2572"},"modified":"2023-06-26T16:01:40","modified_gmt":"2023-06-26T14:01:40","slug":"moebius-loop-cadena-magnetica-de-joyeria-de-diseno-plata-maciza","status":"publish","type":"product","link":"https:\/\/trinitixshop.de\/es\/produkt\/moebius-schleife-designer-magnetschmuck-kette-silber-massiv\/","title":{"rendered":"M\u00f6bius - Loop cadena magn\u00e9tica de joyer\u00eda de dise\u00f1o plata maciza"},"content":{"rendered":"<p>CH066600T<\/p>","protected":false},"excerpt":{"rendered":"<p>Colgante magn\u00e9tico escult\u00f3rico hecho a mano - tira de M\u00f6bius \/ cadena de M\u00f6bius aprox. \u00d8 30 mm, muy pulido.<br \/>\nIncrustaciones de im\u00e1n de neodimio con aproximadamente 1.200 gauss.<br \/>\nAcero inoxidable, sin cadmio, n\u00edquel ni plomo. Sin al\u00e9rgenos.<br \/>\nComo atractivo contraste incluye una cadena de silicona gratuita con<br \/>\nCierre de langosta (aprox. 47 - 52 cm, se puede acortar con una simple herramienta).<br \/>\nEsta pieza \u00fanica atrae todas las miradas y puede llevarse con cualquier otra cadena.<br \/>\nPura elegancia: as\u00ed se puede describir esta maravillosa joya.<br \/>\nLa banda de M\u00f6bius es la \u00fanica forma que s\u00f3lo tiene una superficie y un borde.<br \/>\nEl interior y el exterior se alternan en un juego sin fin.<br \/>\nl colgante M\u00f6bius de acero inoxidable simboliza el equilibrio de nuestro ser exterior e interior, as\u00ed como el amor sin fin.<\/p>","protected":false},"featured_media":2708,"comment_status":"open","ping_status":"closed","template":"","meta":[],"product_brand":[],"product_cat":[17,21],"product_tag":[26],"class_list":{"0":"post-2572","1":"product","2":"type-product","3":"status-publish","4":"has-post-thumbnail","6":"product_cat-alle-produkte","7":"product_cat-halsketten","8":"product_tag-paja","9":"thunk-woo-product-list","10":"opn-qv-enable","11":"top-store-woo-hover-zoom","12":"top-store-single-product-tab-horizontal","13":"top-store-shadow-","14":"top-store-shadow-hover-","16":"first","17":"instock","18":"taxable","19":"shipping-taxable","20":"purchasable","21":"product-type-simple"},"_links":{"self":[{"href":"https:\/\/trinitixshop.de\/es\/wp-json\/wp\/v2\/product\/2572","targetHints":{"allow":["GET"]}}],"collection":[{"href":"https:\/\/trinitixshop.de\/es\/wp-json\/wp\/v2\/product"}],"about":[{"href":"https:\/\/trinitixshop.de\/es\/wp-json\/wp\/v2\/types\/product"}],"replies":[{"embeddable":true,"href":"https:\/\/trinitixshop.de\/es\/wp-json\/wp\/v2\/comments?post=2572"}],"wp:featuredmedia":[{"embeddable":true,"href":"https:\/\/trinitixshop.de\/es\/wp-json\/wp\/v2\/media\/2708"}],"wp:attachment":[{"href":"https:\/\/trinitixshop.de\/es\/wp-json\/wp\/v2\/media?parent=2572"}],"wp:term":[{"taxonomy":"product_brand","embeddable":true,"href":"https:\/\/trinitixshop.de\/es\/wp-json\/wp\/v2\/product_brand?post=2572"},{"taxonomy":"product_cat","embeddable":true,"href":"https:\/\/trinitixshop.de\/es\/wp-json\/wp\/v2\/product_cat?post=2572"},{"taxonomy":"product_tag","embeddable":true,"href":"https:\/\/trinitixshop.de\/es\/wp-json\/wp\/v2\/product_tag?post=2572"}],"curies":[{"name":"wp","href":"https:\/\/api.w.org\/{rel}","templated":true}]}}