{"id":2574,"date":"2023-06-16T13:34:23","date_gmt":"2023-06-16T11:34:23","guid":{"rendered":"https:\/\/trinitixshop.de\/?post_type=product&#038;p=2574"},"modified":"2023-06-28T10:19:20","modified_gmt":"2023-06-28T08:19:20","slug":"piratas-medallon-rebelde-de-corazon-disenador-magnetico-collar-de-joyeria-de-plata","status":"publish","type":"product","link":"https:\/\/trinitixshop.de\/es\/produkt\/pirates-medaillon-rebel-of-heart-designer-magnetschmuck-kette-silber\/","title":{"rendered":"Pirates Medallion - Rebel of Heart - Joyer\u00eda magn\u00e9tica de dise\u00f1o collar de plata"},"content":{"rendered":"<p>CH068600T<\/p>","protected":false},"excerpt":{"rendered":"<p>Piezas \u00fanicas hechas a mano<br \/>\n\u00bfLa enigm\u00e1tica m\u00e1scara de calavera? \u00bfRebelde de coraz\u00f3n?<br \/>\nCon un elaborado dise\u00f1o recortado, se trata de una pieza de joyer\u00eda especialmente expresiva.<br \/>\nAprox. \u00d8 25 mm. Incrustaciones de im\u00e1n de neodimio con aprox. 1.200 gauss.<br \/>\nAcero inoxidable, sin cadmio, n\u00edquel ni plomo. Sin al\u00e9rgenos.<br \/>\nIncluye cadena de acero inoxidable con cierre de langosta (aprox. 41 - 52 cm). El colgante magn\u00e9tico atrae todas las miradas y tambi\u00e9n se puede llevar con cualquier otra cadena.<br \/>\nLa calavera sirve generalmente para simbolizar la fugacidad de la vida humana en comparaci\u00f3n con el alma inmortal, as\u00ed como todo el mundo f\u00edsico en comparaci\u00f3n con los valores espirituales. La calavera se utilizaba en las esculturas funerarias cristianas para simbolizar la fugacidad de la vida humana y de las obras y bienes terrenales.<\/p>","protected":false},"featured_media":2714,"comment_status":"open","ping_status":"closed","template":"","meta":[],"product_brand":[],"product_cat":[17,21],"product_tag":[24],"class_list":{"0":"post-2574","1":"product","2":"type-product","3":"status-publish","4":"has-post-thumbnail","6":"product_cat-alle-produkte","7":"product_cat-halsketten","8":"product_tag-jungbrunn","9":"thunk-woo-product-list","10":"opn-qv-enable","11":"top-store-woo-hover-zoom","12":"top-store-single-product-tab-horizontal","13":"top-store-shadow-","14":"top-store-shadow-hover-","16":"first","17":"instock","18":"sale","19":"taxable","20":"shipping-taxable","21":"purchasable","22":"product-type-simple"},"_links":{"self":[{"href":"https:\/\/trinitixshop.de\/es\/wp-json\/wp\/v2\/product\/2574","targetHints":{"allow":["GET"]}}],"collection":[{"href":"https:\/\/trinitixshop.de\/es\/wp-json\/wp\/v2\/product"}],"about":[{"href":"https:\/\/trinitixshop.de\/es\/wp-json\/wp\/v2\/types\/product"}],"replies":[{"embeddable":true,"href":"https:\/\/trinitixshop.de\/es\/wp-json\/wp\/v2\/comments?post=2574"}],"wp:featuredmedia":[{"embeddable":true,"href":"https:\/\/trinitixshop.de\/es\/wp-json\/wp\/v2\/media\/2714"}],"wp:attachment":[{"href":"https:\/\/trinitixshop.de\/es\/wp-json\/wp\/v2\/media?parent=2574"}],"wp:term":[{"taxonomy":"product_brand","embeddable":true,"href":"https:\/\/trinitixshop.de\/es\/wp-json\/wp\/v2\/product_brand?post=2574"},{"taxonomy":"product_cat","embeddable":true,"href":"https:\/\/trinitixshop.de\/es\/wp-json\/wp\/v2\/product_cat?post=2574"},{"taxonomy":"product_tag","embeddable":true,"href":"https:\/\/trinitixshop.de\/es\/wp-json\/wp\/v2\/product_tag?post=2574"}],"curies":[{"name":"wp","href":"https:\/\/api.w.org\/{rel}","templated":true}]}}