{"id":2575,"date":"2023-06-16T13:34:23","date_gmt":"2023-06-16T11:34:23","guid":{"rendered":"https:\/\/trinitixshop.de\/?post_type=product&#038;p=2575"},"modified":"2023-06-28T10:30:44","modified_gmt":"2023-06-28T08:30:44","slug":"collar-joya-magnetica-bone-bone-plata-con-cristal-swarovski-696","status":"publish","type":"product","link":"https:\/\/trinitixshop.de\/es\/produkt\/knochen-bone-magnetschmuck-kette-silber-mit-swarovski-crystal-696\/","title":{"rendered":"Hueso Hueso Magn\u00e9tico Joyer\u00eda Collar de plata con cristal de Swarovski # 696"},"content":{"rendered":"<p>CH069600T<\/p>","protected":false},"excerpt":{"rendered":"<p>Colgante magn\u00e9tico - hueso - aprox. 13 x 22 x 3 mm, plateado \/ cepillado.<br \/>\nCon cristal Swarovski original tallado de alta calidad.<br \/>\nIncrustaciones de im\u00e1n de neodimio con aproximadamente 1.200 gauss.<br \/>\nAcero inoxidable, sin cadmio, n\u00edquel ni plomo. Sin al\u00e9rgenos.<br \/>\nSe entrega con una cadena de serpiente de acero inoxidable con cierre de langosta.<br \/>\nLongitud de la cadena individual aprox. 40 - 50 cm.<br \/>\nS\u00edmbolo Significado de fuerza y voluntad. Los huesos forman el armaz\u00f3n de nuestro cuerpo y nos dan soporte. Pero el hueso tambi\u00e9n es un s\u00edmbolo de amor por los animales. Se considera una recompensa especial para el perro.<br \/>\nPeque\u00f1a... pero glamurosa.<br \/>\nEl brillante colgante magn\u00e9tico con un aut\u00e9ntico elemento de cristal de Swarovski le arrancar\u00e1 una sonrisa. El colgante resulta especialmente efectivo en combinaci\u00f3n con esta sencilla cadena de serpiente de acero inoxidable. El brillo del cristal de Swarovski, la fuerza del im\u00e1n y el acero inoxidable respetuoso con la piel garantizan que no querr\u00e1 quitarse nunca m\u00e1s esta joya.<\/p>","protected":false},"featured_media":2721,"comment_status":"open","ping_status":"closed","template":"","meta":[],"product_brand":[],"product_cat":[17,21],"product_tag":[24],"class_list":{"0":"post-2575","1":"product","2":"type-product","3":"status-publish","4":"has-post-thumbnail","6":"product_cat-alle-produkte","7":"product_cat-halsketten","8":"product_tag-jungbrunn","9":"thunk-woo-product-list","10":"opn-qv-enable","11":"top-store-woo-hover-zoom","12":"top-store-single-product-tab-horizontal","13":"top-store-shadow-","14":"top-store-shadow-hover-","16":"first","17":"instock","18":"taxable","19":"shipping-taxable","20":"purchasable","21":"product-type-simple"},"_links":{"self":[{"href":"https:\/\/trinitixshop.de\/es\/wp-json\/wp\/v2\/product\/2575","targetHints":{"allow":["GET"]}}],"collection":[{"href":"https:\/\/trinitixshop.de\/es\/wp-json\/wp\/v2\/product"}],"about":[{"href":"https:\/\/trinitixshop.de\/es\/wp-json\/wp\/v2\/types\/product"}],"replies":[{"embeddable":true,"href":"https:\/\/trinitixshop.de\/es\/wp-json\/wp\/v2\/comments?post=2575"}],"wp:featuredmedia":[{"embeddable":true,"href":"https:\/\/trinitixshop.de\/es\/wp-json\/wp\/v2\/media\/2721"}],"wp:attachment":[{"href":"https:\/\/trinitixshop.de\/es\/wp-json\/wp\/v2\/media?parent=2575"}],"wp:term":[{"taxonomy":"product_brand","embeddable":true,"href":"https:\/\/trinitixshop.de\/es\/wp-json\/wp\/v2\/product_brand?post=2575"},{"taxonomy":"product_cat","embeddable":true,"href":"https:\/\/trinitixshop.de\/es\/wp-json\/wp\/v2\/product_cat?post=2575"},{"taxonomy":"product_tag","embeddable":true,"href":"https:\/\/trinitixshop.de\/es\/wp-json\/wp\/v2\/product_tag?post=2575"}],"curies":[{"name":"wp","href":"https:\/\/api.w.org\/{rel}","templated":true}]}}