{"id":2580,"date":"2023-06-16T13:34:23","date_gmt":"2023-06-16T11:34:23","guid":{"rendered":"https:\/\/trinitixshop.de\/?post_type=product&#038;p=2580"},"modified":"2023-06-28T12:10:28","modified_gmt":"2023-06-28T10:10:28","slug":"collar-de-caucho-fino-con-colgante-magnetico-negro-xl-xxl-1016","status":"publish","type":"product","link":"https:\/\/trinitixshop.de\/es\/produkt\/edle-kautschukkette-mit-magnetanhaenger-schwarz-xl-xxl-1016\/","title":{"rendered":"Elegante collar de caucho con colgante magn\u00e9tico negro XL\/XXL # 1016"},"content":{"rendered":"","protected":false},"excerpt":{"rendered":"<p>Elegante collar de caucho con colgante magn\u00e9tico # 419<br \/>\n(Acero inoxidable, liso \/ plateado, pulido, tama\u00f1o: 14 x 7 mm. Neutro, grabable.<br \/>\nA la cadena pueden engancharse colgantes y cubos.<br \/>\n\u00f8 aprox. 4,9 mm. Longitud ajustable de 41 a 50 cm.<br \/>\nSin plastificantes cancer\u00edgenos.<br \/>\nIncrustaciones de im\u00e1n de neodimio con aproximadamente 1.200 gauss.<br \/>\nAcero inoxidable, sin cadmio, n\u00edquel ni plomo. Sin al\u00e9rgenos.<br \/>\nEn negro liso, el collar de caucho en negro es especialmente adecuado para \u00e9l y para ella.<br \/>\nAdem\u00e1s, el collar se adapta perfectamente a cualquier cuello gracias a su doble tama\u00f1o flexible y es muy f\u00e1cil de abrochar gracias al moderno cierre de acero inoxidable.<br \/>\nEl collar de caucho puede combinarse perfectamente con los colgantes de y es siempre una bonita idea de regalo para \u00e9l y para ella. Con cierre de acero inoxidable.<br \/>\nDise\u00f1o sencillo para hombres y mujeres.<\/p>","protected":false},"featured_media":2775,"comment_status":"open","ping_status":"closed","template":"","meta":[],"product_brand":[],"product_cat":[17,21],"product_tag":[25],"class_list":{"0":"post-2580","1":"product","2":"type-product","3":"status-publish","4":"has-post-thumbnail","6":"product_cat-alle-produkte","7":"product_cat-halsketten","8":"product_tag-t-prime","9":"thunk-woo-product-list","10":"opn-qv-enable","11":"top-store-woo-hover-zoom","12":"top-store-single-product-tab-horizontal","13":"top-store-shadow-","14":"top-store-shadow-hover-","16":"first","17":"instock","18":"taxable","19":"shipping-taxable","20":"purchasable","21":"product-type-variable"},"_links":{"self":[{"href":"https:\/\/trinitixshop.de\/es\/wp-json\/wp\/v2\/product\/2580","targetHints":{"allow":["GET"]}}],"collection":[{"href":"https:\/\/trinitixshop.de\/es\/wp-json\/wp\/v2\/product"}],"about":[{"href":"https:\/\/trinitixshop.de\/es\/wp-json\/wp\/v2\/types\/product"}],"replies":[{"embeddable":true,"href":"https:\/\/trinitixshop.de\/es\/wp-json\/wp\/v2\/comments?post=2580"}],"wp:featuredmedia":[{"embeddable":true,"href":"https:\/\/trinitixshop.de\/es\/wp-json\/wp\/v2\/media\/2775"}],"wp:attachment":[{"href":"https:\/\/trinitixshop.de\/es\/wp-json\/wp\/v2\/media?parent=2580"}],"wp:term":[{"taxonomy":"product_brand","embeddable":true,"href":"https:\/\/trinitixshop.de\/es\/wp-json\/wp\/v2\/product_brand?post=2580"},{"taxonomy":"product_cat","embeddable":true,"href":"https:\/\/trinitixshop.de\/es\/wp-json\/wp\/v2\/product_cat?post=2580"},{"taxonomy":"product_tag","embeddable":true,"href":"https:\/\/trinitixshop.de\/es\/wp-json\/wp\/v2\/product_tag?post=2580"}],"curies":[{"name":"wp","href":"https:\/\/api.w.org\/{rel}","templated":true}]}}