{"id":2581,"date":"2023-06-16T13:34:23","date_gmt":"2023-06-16T11:34:23","guid":{"rendered":"https:\/\/trinitixshop.de\/?post_type=product&#038;p=2581"},"modified":"2023-06-28T10:40:45","modified_gmt":"2023-06-28T08:40:45","slug":"corazon-coracao-joyeria-magnetica-cadena-colgante-filigrana-plata","status":"publish","type":"product","link":"https:\/\/trinitixshop.de\/es\/produkt\/herz-coracao-magnetschmuck-kettenanhaenger-filigran-silber\/","title":{"rendered":"Coraz\u00f3n Coracao colgante joya magn\u00e9tica filigrana plata"},"content":{"rendered":"<p>CH105300T<\/p>","protected":false},"excerpt":{"rendered":"<p>Colgante de bisuter\u00eda magn\u00e9tica, muy pulido. Filigrana y trabajo plano.<br \/>\n+\/- 21,5 x 14 x 1,5 mm.<br \/>\nTambi\u00e9n es ideal para ni\u00f1os y adolescentes.<br \/>\nPuede combinarse como juego con los pendientes de bisuter\u00eda magn\u00e9tica #1053P.<br \/>\nIncluye un collar de acero inoxidable universal de hasta 45 cm con cierre de langosta.<br \/>\nAcero inoxidable de alta calidad, pulido, hipoalerg\u00e9nico, sin n\u00edquel ni al\u00e9rgenos.<br \/>\nIm\u00e1n de neodimio incrustado con aprox. 1.200 gauss<\/p>","protected":false},"featured_media":2726,"comment_status":"open","ping_status":"closed","template":"","meta":[],"product_brand":[],"product_cat":[17,21],"product_tag":[24],"class_list":{"0":"post-2581","1":"product","2":"type-product","3":"status-publish","4":"has-post-thumbnail","6":"product_cat-alle-produkte","7":"product_cat-halsketten","8":"product_tag-jungbrunn","9":"thunk-woo-product-list","10":"opn-qv-enable","11":"top-store-woo-hover-zoom","12":"top-store-single-product-tab-horizontal","13":"top-store-shadow-","14":"top-store-shadow-hover-","16":"first","17":"instock","18":"sale","19":"taxable","20":"shipping-taxable","21":"purchasable","22":"product-type-simple"},"_links":{"self":[{"href":"https:\/\/trinitixshop.de\/es\/wp-json\/wp\/v2\/product\/2581","targetHints":{"allow":["GET"]}}],"collection":[{"href":"https:\/\/trinitixshop.de\/es\/wp-json\/wp\/v2\/product"}],"about":[{"href":"https:\/\/trinitixshop.de\/es\/wp-json\/wp\/v2\/types\/product"}],"replies":[{"embeddable":true,"href":"https:\/\/trinitixshop.de\/es\/wp-json\/wp\/v2\/comments?post=2581"}],"wp:featuredmedia":[{"embeddable":true,"href":"https:\/\/trinitixshop.de\/es\/wp-json\/wp\/v2\/media\/2726"}],"wp:attachment":[{"href":"https:\/\/trinitixshop.de\/es\/wp-json\/wp\/v2\/media?parent=2581"}],"wp:term":[{"taxonomy":"product_brand","embeddable":true,"href":"https:\/\/trinitixshop.de\/es\/wp-json\/wp\/v2\/product_brand?post=2581"},{"taxonomy":"product_cat","embeddable":true,"href":"https:\/\/trinitixshop.de\/es\/wp-json\/wp\/v2\/product_cat?post=2581"},{"taxonomy":"product_tag","embeddable":true,"href":"https:\/\/trinitixshop.de\/es\/wp-json\/wp\/v2\/product_tag?post=2581"}],"curies":[{"name":"wp","href":"https:\/\/api.w.org\/{rel}","templated":true}]}}