{"id":2584,"date":"2023-06-16T13:34:23","date_gmt":"2023-06-16T11:34:23","guid":{"rendered":"https:\/\/trinitixshop.de\/?post_type=product&#038;p=2584"},"modified":"2025-03-25T20:49:16","modified_gmt":"2025-03-25T19:49:16","slug":"collar-power-heart-de-diseno-plata-con-3-cristales-de-swarovski","status":"publish","type":"product","link":"https:\/\/trinitixshop.de\/es\/produkt\/designer-power-herz-kette-silber-mit-3-swarovski-crystals\/","title":{"rendered":"Designer Power Herz Kette silber mit 3 Swarovski Crystals # 1180"},"content":{"rendered":"<p>CH118000T<\/p>","protected":false},"excerpt":{"rendered":"<p>A\u00f1ade brillo a tu atuendo: colgante magn\u00e9tico de dise\u00f1o con forma de coraz\u00f3n<br \/>\nUni \/ plata con 3 genuinos brillantes Cristales Swarovski \"mejor brillo Elementos\".<br \/>\nAcero inoxidable grabable. Pulido, aprox. 18 x 21 mm.<br \/>\nExclusivo y elegante. Inspirado en el dise\u00f1o de coraz\u00f3n de Alessi. Superficie maravillosamente redondeada.<br \/>\nEn conjunto con un collar de eslabones de acero inoxidable, \u00f8 aprox. 1,5 mm, unicolor \/ plateado.<br \/>\nLa longitud de la cadena puede variarse f\u00e1cilmente.<br \/>\nLongitud de la cadena: de 40,5 a 52 cm. Material: acero inoxidable, sin al\u00e9rgenos de n\u00edquel.<br \/>\nColor: plateado. Cierre de langosta.<br \/>\nEste collar magn\u00e9tico en forma de coraz\u00f3n es una joya atemporal y sencilla que siempre queda bien. El dise\u00f1o unisex es ideal para \u00e9l y para ella.<br \/>\nResulta especialmente eficaz en combinaci\u00f3n con la pulsera coraz\u00f3n # 447 de . Experimente las formas claras y el dise\u00f1o cl\u00e1sico para cualquier ocasi\u00f3n.<br \/>\nEsta hermosa joya magn\u00e9tica es sin\u00f3nimo de ligereza, energ\u00eda y elegancia.<br \/>\nCada una de nuestras joyas est\u00e1 equipada con potentes imanes de neodimio de alta calidad.<br \/>\nAcero inoxidable de alta calidad, pulido, hipoalerg\u00e9nico, sin n\u00edquel ni al\u00e9rgenos.<br \/>\nIncrustaci\u00f3n de im\u00e1n de neodimio con aproximadamente 1.200 gauss.<\/p>","protected":false},"featured_media":2716,"comment_status":"open","ping_status":"closed","template":"","meta":[],"product_brand":[],"product_cat":[17,21],"product_tag":[25],"class_list":{"0":"post-2584","1":"product","2":"type-product","3":"status-publish","4":"has-post-thumbnail","6":"product_cat-alle-produkte","7":"product_cat-halsketten","8":"product_tag-t-prime","9":"thunk-woo-product-list","10":"opn-qv-enable","11":"top-store-woo-hover-zoom","12":"top-store-single-product-tab-horizontal","13":"top-store-shadow-","14":"top-store-shadow-hover-","16":"first","17":"instock","18":"sale","19":"taxable","20":"shipping-taxable","21":"purchasable","22":"product-type-simple"},"_links":{"self":[{"href":"https:\/\/trinitixshop.de\/es\/wp-json\/wp\/v2\/product\/2584","targetHints":{"allow":["GET"]}}],"collection":[{"href":"https:\/\/trinitixshop.de\/es\/wp-json\/wp\/v2\/product"}],"about":[{"href":"https:\/\/trinitixshop.de\/es\/wp-json\/wp\/v2\/types\/product"}],"replies":[{"embeddable":true,"href":"https:\/\/trinitixshop.de\/es\/wp-json\/wp\/v2\/comments?post=2584"}],"wp:featuredmedia":[{"embeddable":true,"href":"https:\/\/trinitixshop.de\/es\/wp-json\/wp\/v2\/media\/2716"}],"wp:attachment":[{"href":"https:\/\/trinitixshop.de\/es\/wp-json\/wp\/v2\/media?parent=2584"}],"wp:term":[{"taxonomy":"product_brand","embeddable":true,"href":"https:\/\/trinitixshop.de\/es\/wp-json\/wp\/v2\/product_brand?post=2584"},{"taxonomy":"product_cat","embeddable":true,"href":"https:\/\/trinitixshop.de\/es\/wp-json\/wp\/v2\/product_cat?post=2584"},{"taxonomy":"product_tag","embeddable":true,"href":"https:\/\/trinitixshop.de\/es\/wp-json\/wp\/v2\/product_tag?post=2584"}],"curies":[{"name":"wp","href":"https:\/\/api.w.org\/{rel}","templated":true}]}}