{"id":2585,"date":"2023-06-16T13:34:23","date_gmt":"2023-06-16T11:34:23","guid":{"rendered":"https:\/\/trinitixshop.de\/?post_type=product&#038;p=2585"},"modified":"2025-03-25T20:47:26","modified_gmt":"2025-03-25T19:47:26","slug":"collar-cascada-wave-plata-con-cristales-swarovski","status":"publish","type":"product","link":"https:\/\/trinitixshop.de\/es\/produkt\/cascade-welle-kette-silber-mit-swarovski-crystals\/","title":{"rendered":"Cascade Welle Kette silber mit Swarovski Crystals # 1200"},"content":{"rendered":"<p>CH120000T<\/p>","protected":false},"excerpt":{"rendered":"<p>\u00a1Piezas \u00fanicas hechas a mano ! - Cascade Crystal - Colgante magn\u00e9tico decorado con 6 Swarovski Elements - aprox. \u00d8 34 mm, peso aprox. 10 gramos, grosor aprox. 2,4 mm.<br \/>\nIncluye cadena de acero inoxidable con cierre de langosta (aprox. 47 - 52 cm).<br \/>\nEl colgante magn\u00e9tico atrae todas las miradas y tambi\u00e9n se puede llevar con cualquier otra cadena.<br \/>\nPura elegancia: as\u00ed puede describirse en pocas palabras esta maravillosa joya: El colgante magn\u00e9tico en cascada de acero inoxidable simboliza el equilibrio, el patr\u00f3n b\u00e1sico de una cascada.<br \/>\nAcero inoxidable de alta calidad, pulido, hipoalerg\u00e9nico, sin n\u00edquel ni al\u00e9rgenos.<br \/>\nIncrustaci\u00f3n de im\u00e1n de neodimio con aproximadamente 1.200 gauss.<\/p>","protected":false},"featured_media":2722,"comment_status":"open","ping_status":"closed","template":"","meta":[],"product_brand":[],"product_cat":[17,21],"product_tag":[26],"class_list":{"0":"post-2585","1":"product","2":"type-product","3":"status-publish","4":"has-post-thumbnail","6":"product_cat-alle-produkte","7":"product_cat-halsketten","8":"product_tag-paja","9":"thunk-woo-product-list","10":"opn-qv-enable","11":"top-store-woo-hover-zoom","12":"top-store-single-product-tab-horizontal","13":"top-store-shadow-","14":"top-store-shadow-hover-","16":"first","17":"instock","18":"sale","19":"taxable","20":"shipping-taxable","21":"purchasable","22":"product-type-simple"},"_links":{"self":[{"href":"https:\/\/trinitixshop.de\/es\/wp-json\/wp\/v2\/product\/2585","targetHints":{"allow":["GET"]}}],"collection":[{"href":"https:\/\/trinitixshop.de\/es\/wp-json\/wp\/v2\/product"}],"about":[{"href":"https:\/\/trinitixshop.de\/es\/wp-json\/wp\/v2\/types\/product"}],"replies":[{"embeddable":true,"href":"https:\/\/trinitixshop.de\/es\/wp-json\/wp\/v2\/comments?post=2585"}],"wp:featuredmedia":[{"embeddable":true,"href":"https:\/\/trinitixshop.de\/es\/wp-json\/wp\/v2\/media\/2722"}],"wp:attachment":[{"href":"https:\/\/trinitixshop.de\/es\/wp-json\/wp\/v2\/media?parent=2585"}],"wp:term":[{"taxonomy":"product_brand","embeddable":true,"href":"https:\/\/trinitixshop.de\/es\/wp-json\/wp\/v2\/product_brand?post=2585"},{"taxonomy":"product_cat","embeddable":true,"href":"https:\/\/trinitixshop.de\/es\/wp-json\/wp\/v2\/product_cat?post=2585"},{"taxonomy":"product_tag","embeddable":true,"href":"https:\/\/trinitixshop.de\/es\/wp-json\/wp\/v2\/product_tag?post=2585"}],"curies":[{"name":"wp","href":"https:\/\/api.w.org\/{rel}","templated":true}]}}