{"id":2591,"date":"2023-06-16T13:34:24","date_gmt":"2023-06-16T11:34:24","guid":{"rendered":"https:\/\/trinitixshop.de\/?post_type=product&#038;p=2591"},"modified":"2025-06-11T15:34:40","modified_gmt":"2025-06-11T13:34:40","slug":"colgante-iman-caracol-con-cadena-plata-cristal-swarovski","status":"publish","type":"product","link":"https:\/\/trinitixshop.de\/es\/produkt\/schnecke-magnet-anhaenger-mit-kette-silber-swarovski-crystal\/","title":{"rendered":"Schnecke Magnet Anh\u00e4nger mit Kette silber + Swarovski Crystal # 1247"},"content":{"rendered":"<p>CH124700T<\/p>","protected":false},"excerpt":{"rendered":"<p>Colgante magn\u00e9tico - caracol - aprox. 19 x 22 x 3 mm, plata \/ cepillado.<br \/>\nCon cristal Swarovski original tallado de alta calidad. Se entrega con una cadena de serpiente de acero inoxidable con cierre de langosta.<br \/>\nLongitud de la cadena individual aprox. 40 - 50 cm.<br \/>\nS\u00edmbolo Significado reflexividad, sensibilidad (las finas antenas), cautela, sensibilidad, tendencia al retraimiento (\"replegarse en el propio caparaz\u00f3n\").<br \/>\nEl caracol es un s\u00edmbolo de la luna. En este sentido, tambi\u00e9n es un s\u00edmbolo de renovaci\u00f3n y resurrecci\u00f3n constantes.<br \/>\nPeque\u00f1a... pero glamurosa.<br \/>\nEl brillante colgante magn\u00e9tico con un aut\u00e9ntico elemento de cristal de Swarovski le arrancar\u00e1 una sonrisa. El colgante resulta especialmente efectivo en combinaci\u00f3n con esta sencilla cadena de serpiente de acero inoxidable. El brillo del cristal de Swarovski, la fuerza del im\u00e1n y el acero inoxidable respetuoso con la piel garantizan que no querr\u00e1 quitarse nunca m\u00e1s esta joya.<br \/>\nAcero inoxidable de alta calidad, pulido, hipoalerg\u00e9nico, sin n\u00edquel ni al\u00e9rgenos.<\/p>","protected":false},"featured_media":2703,"comment_status":"open","ping_status":"closed","template":"","meta":[],"product_brand":[],"product_cat":[17,21],"product_tag":[24],"class_list":{"0":"post-2591","1":"product","2":"type-product","3":"status-publish","4":"has-post-thumbnail","6":"product_cat-alle-produkte","7":"product_cat-halsketten","8":"product_tag-jungbrunn","9":"thunk-woo-product-list","10":"opn-qv-enable","11":"top-store-woo-hover-zoom","12":"top-store-single-product-tab-horizontal","13":"top-store-shadow-","14":"top-store-shadow-hover-","16":"first","17":"instock","18":"taxable","19":"shipping-taxable","20":"purchasable","21":"product-type-simple"},"_links":{"self":[{"href":"https:\/\/trinitixshop.de\/es\/wp-json\/wp\/v2\/product\/2591","targetHints":{"allow":["GET"]}}],"collection":[{"href":"https:\/\/trinitixshop.de\/es\/wp-json\/wp\/v2\/product"}],"about":[{"href":"https:\/\/trinitixshop.de\/es\/wp-json\/wp\/v2\/types\/product"}],"replies":[{"embeddable":true,"href":"https:\/\/trinitixshop.de\/es\/wp-json\/wp\/v2\/comments?post=2591"}],"wp:featuredmedia":[{"embeddable":true,"href":"https:\/\/trinitixshop.de\/es\/wp-json\/wp\/v2\/media\/2703"}],"wp:attachment":[{"href":"https:\/\/trinitixshop.de\/es\/wp-json\/wp\/v2\/media?parent=2591"}],"wp:term":[{"taxonomy":"product_brand","embeddable":true,"href":"https:\/\/trinitixshop.de\/es\/wp-json\/wp\/v2\/product_brand?post=2591"},{"taxonomy":"product_cat","embeddable":true,"href":"https:\/\/trinitixshop.de\/es\/wp-json\/wp\/v2\/product_cat?post=2591"},{"taxonomy":"product_tag","embeddable":true,"href":"https:\/\/trinitixshop.de\/es\/wp-json\/wp\/v2\/product_tag?post=2591"}],"curies":[{"name":"wp","href":"https:\/\/api.w.org\/{rel}","templated":true}]}}