{"id":2595,"date":"2023-06-16T13:34:24","date_gmt":"2023-06-16T11:34:24","guid":{"rendered":"https:\/\/trinitixshop.de\/?post_type=product&#038;p=2595"},"modified":"2023-06-26T15:44:11","modified_gmt":"2023-06-26T13:44:11","slug":"collar-magnetico-corazon-llave-del-amor-con-cristales-de-swarovski","status":"publish","type":"product","link":"https:\/\/trinitixshop.de\/es\/produkt\/herz-schluessel-der-liebe-magnetschmuck-kette-mit-swarovski-crystals\/","title":{"rendered":"Coraz\u00f3n - Llave del amor - Collar magn\u00e9tico con cristales Swarovski"},"content":{"rendered":"<p>CH153900T<\/p>","protected":false},"excerpt":{"rendered":"<p>Colgante cadena magn\u00e9tica - Schl\u00fcssel der Liebe \/ Key of Love -<br \/>\ncon cristales Swarowski originales.<br \/>\nLargo aprox. 5,5 cm \/ ancho aprox. 3 cm. Muy pulido. Piezas \u00fanicas hechas a mano.<br \/>\nIncluye cadena de acero inoxidable con cierre de langosta (aprox. 39 - 50 cm).<br \/>\nEl colgante magn\u00e9tico atrae todas las miradas y puede llevarse con cualquier otra cadena.<br \/>\nPura elegancia: as\u00ed puede describirse en pocas palabras esta maravillosa joya: El colgante magn\u00e9tico llave coraz\u00f3n de acero inoxidable simboliza el amor.<br \/>\nAcero inoxidable de alta calidad, pulido, hipoalerg\u00e9nico, sin n\u00edquel ni al\u00e9rgenos.<br \/>\nIncrustaci\u00f3n de im\u00e1n de neodimio con aproximadamente 1.200 gauss.<\/p>","protected":false},"featured_media":2706,"comment_status":"open","ping_status":"closed","template":"","meta":[],"product_brand":[],"product_cat":[17,21],"product_tag":[28],"class_list":{"0":"post-2595","1":"product","2":"type-product","3":"status-publish","4":"has-post-thumbnail","6":"product_cat-alle-produkte","7":"product_cat-halsketten","8":"product_tag-kurfuerst","9":"thunk-woo-product-list","10":"opn-qv-enable","11":"top-store-woo-hover-zoom","12":"top-store-single-product-tab-horizontal","13":"top-store-shadow-","14":"top-store-shadow-hover-","16":"first","17":"instock","18":"taxable","19":"shipping-taxable","20":"purchasable","21":"product-type-simple"},"_links":{"self":[{"href":"https:\/\/trinitixshop.de\/es\/wp-json\/wp\/v2\/product\/2595","targetHints":{"allow":["GET"]}}],"collection":[{"href":"https:\/\/trinitixshop.de\/es\/wp-json\/wp\/v2\/product"}],"about":[{"href":"https:\/\/trinitixshop.de\/es\/wp-json\/wp\/v2\/types\/product"}],"replies":[{"embeddable":true,"href":"https:\/\/trinitixshop.de\/es\/wp-json\/wp\/v2\/comments?post=2595"}],"wp:featuredmedia":[{"embeddable":true,"href":"https:\/\/trinitixshop.de\/es\/wp-json\/wp\/v2\/media\/2706"}],"wp:attachment":[{"href":"https:\/\/trinitixshop.de\/es\/wp-json\/wp\/v2\/media?parent=2595"}],"wp:term":[{"taxonomy":"product_brand","embeddable":true,"href":"https:\/\/trinitixshop.de\/es\/wp-json\/wp\/v2\/product_brand?post=2595"},{"taxonomy":"product_cat","embeddable":true,"href":"https:\/\/trinitixshop.de\/es\/wp-json\/wp\/v2\/product_cat?post=2595"},{"taxonomy":"product_tag","embeddable":true,"href":"https:\/\/trinitixshop.de\/es\/wp-json\/wp\/v2\/product_tag?post=2595"}],"curies":[{"name":"wp","href":"https:\/\/api.w.org\/{rel}","templated":true}]}}