{"id":2597,"date":"2023-06-16T13:34:27","date_gmt":"2023-06-16T11:34:27","guid":{"rendered":"https:\/\/trinitixshop.de\/?post_type=product&#038;p=2597"},"modified":"2024-12-16T19:27:30","modified_gmt":"2024-12-16T18:27:30","slug":"collar-trebol-verde-con-cristal-swarovski-en-forma-de-corazon","status":"publish","type":"product","link":"https:\/\/trinitixshop.de\/es\/produkt\/kleeblatt-kette-gruen-mit-swarovski-crystal-in-herzform\/","title":{"rendered":"Collar Tr\u00e9bol verde con cristal Swarovski en forma de coraz\u00f3n # 1646"},"content":{"rendered":"<p>CH164602T<\/p>","protected":false},"excerpt":{"rendered":"<p>\u00a1Piezas \u00fanicas hechas a mano ! Cadena magn\u00e9tica colgante tr\u00e9bol \/ tr\u00e9bol de la suerte - verde esmeralda - cristal de Swarovski tanzanita forma coraz\u00f3n. Aprox. 2,2 x 2,6 cm. Muy pulido.<br \/>\nIncluye cadena de acero inoxidable con cierre de langosta (aprox. 50 cm). El colgante magn\u00e9tico llama la atenci\u00f3n y tambi\u00e9n se puede llevar con cualquier otra cadena.<br \/>\nLa importancia del tr\u00e9bol de cuatro hojas como s\u00edmbolo de buena suerte se remonta a la leyenda de que Eva lo llev\u00f3 consigo al mundo humano como recordatorio tras ser expulsada del para\u00edso. La creencia de que un tr\u00e9bol de cuatro hojas trae suerte y riqueza procede presumiblemente de esta tradici\u00f3n. Normalmente un tr\u00e9bol tiene tres hojas, pero los tr\u00e9boles de cuatro hojas son raros y, por tanto, dif\u00edciles de ver.<br \/>\nAcero inoxidable de alta calidad, pulido, hipoalerg\u00e9nico, sin n\u00edquel ni al\u00e9rgenos.<br \/>\nIncrustaci\u00f3n de im\u00e1n de neodimio con aproximadamente 1.200 gauss.<\/p>","protected":false},"featured_media":2696,"comment_status":"open","ping_status":"closed","template":"","meta":[],"product_brand":[],"product_cat":[17,21],"product_tag":[26],"class_list":{"0":"post-2597","1":"product","2":"type-product","3":"status-publish","4":"has-post-thumbnail","6":"product_cat-alle-produkte","7":"product_cat-halsketten","8":"product_tag-paja","9":"thunk-woo-product-list","10":"opn-qv-enable","11":"top-store-woo-hover-zoom","12":"top-store-single-product-tab-horizontal","13":"top-store-shadow-","14":"top-store-shadow-hover-","16":"first","17":"instock","18":"taxable","19":"shipping-taxable","20":"purchasable","21":"product-type-simple"},"_links":{"self":[{"href":"https:\/\/trinitixshop.de\/es\/wp-json\/wp\/v2\/product\/2597","targetHints":{"allow":["GET"]}}],"collection":[{"href":"https:\/\/trinitixshop.de\/es\/wp-json\/wp\/v2\/product"}],"about":[{"href":"https:\/\/trinitixshop.de\/es\/wp-json\/wp\/v2\/types\/product"}],"replies":[{"embeddable":true,"href":"https:\/\/trinitixshop.de\/es\/wp-json\/wp\/v2\/comments?post=2597"}],"wp:featuredmedia":[{"embeddable":true,"href":"https:\/\/trinitixshop.de\/es\/wp-json\/wp\/v2\/media\/2696"}],"wp:attachment":[{"href":"https:\/\/trinitixshop.de\/es\/wp-json\/wp\/v2\/media?parent=2597"}],"wp:term":[{"taxonomy":"product_brand","embeddable":true,"href":"https:\/\/trinitixshop.de\/es\/wp-json\/wp\/v2\/product_brand?post=2597"},{"taxonomy":"product_cat","embeddable":true,"href":"https:\/\/trinitixshop.de\/es\/wp-json\/wp\/v2\/product_cat?post=2597"},{"taxonomy":"product_tag","embeddable":true,"href":"https:\/\/trinitixshop.de\/es\/wp-json\/wp\/v2\/product_tag?post=2597"}],"curies":[{"name":"wp","href":"https:\/\/api.w.org\/{rel}","templated":true}]}}