{"id":2598,"date":"2023-06-16T13:34:27","date_gmt":"2023-06-16T11:34:27","guid":{"rendered":"https:\/\/trinitixshop.de\/?post_type=product&#038;p=2598"},"modified":"2025-06-11T15:34:57","modified_gmt":"2025-06-11T13:34:57","slug":"alas-de-angel-angel-de-la-guarda-amuleto-de-la-suerte-magnetico-collar-de-joyas-de-plata","status":"publish","type":"product","link":"https:\/\/trinitixshop.de\/es\/produkt\/engelsfluegel-schutzengel-gluecksbringer-magnetschmuck-kette-silber\/","title":{"rendered":"Engelsfl\u00fcgel Schutzengel Gl\u00fccksbringer Magnetschmuck Kette silber # 1749"},"content":{"rendered":"<p>CH174900T<\/p>","protected":false},"excerpt":{"rendered":"<p>Tu propio \u00e1ngel de la guarda personal, talism\u00e1n significativo y elegante amuleto de la suerte para cada d\u00eda.<br \/>\nDale a tu \u00e1ngel de la guarda una se\u00f1al... con esta ala realista de dise\u00f1o detallado.<br \/>\nLas plumas individuales del ala tienen un aspecto incre\u00edblemente natural y hacen del colgante simb\u00f3lico un accesorio muy apreciado.<br \/>\nYa se lleve de forma informal con una correa de cuero o colgado de una fina cadena, desempe\u00f1ar\u00e1 con gusto un papel protagonista en su vida.<br \/>\nPieza de joyer\u00eda \u00fanica con gran atenci\u00f3n al detalle. Pieza de joyer\u00eda delicada hecha a mano con precisi\u00f3n. Dise\u00f1o moderno en joyas de alta calidad.<br \/>\nAprox. 2 x 5 cm .<br \/>\nIncluye cadena de acero inoxidable con cierre de langosta (aprox. 46-54 cm).<br \/>\nLas hermosas joyas magn\u00e9ticas \"alas de \u00e1ngel\" simbolizan la paz, la felicidad y la espiritualidad.<br \/>\nCada una de nuestras joyas est\u00e1 equipada con potentes imanes de neodimio de alta calidad.<br \/>\nAcero inoxidable de alta calidad, pulido, hipoalerg\u00e9nico, sin n\u00edquel ni al\u00e9rgenos.<br \/>\nIncrustaci\u00f3n de im\u00e1n de neodimio con aproximadamente 1.200 gauss.<\/p>","protected":false},"featured_media":2676,"comment_status":"open","ping_status":"closed","template":"","meta":[],"product_brand":[],"product_cat":[17,21],"product_tag":[26],"class_list":{"0":"post-2598","1":"product","2":"type-product","3":"status-publish","4":"has-post-thumbnail","6":"product_cat-alle-produkte","7":"product_cat-halsketten","8":"product_tag-paja","9":"thunk-woo-product-list","10":"opn-qv-enable","11":"top-store-woo-hover-zoom","12":"top-store-single-product-tab-horizontal","13":"top-store-shadow-","14":"top-store-shadow-hover-","16":"first","17":"instock","18":"taxable","19":"shipping-taxable","20":"purchasable","21":"product-type-simple"},"_links":{"self":[{"href":"https:\/\/trinitixshop.de\/es\/wp-json\/wp\/v2\/product\/2598","targetHints":{"allow":["GET"]}}],"collection":[{"href":"https:\/\/trinitixshop.de\/es\/wp-json\/wp\/v2\/product"}],"about":[{"href":"https:\/\/trinitixshop.de\/es\/wp-json\/wp\/v2\/types\/product"}],"replies":[{"embeddable":true,"href":"https:\/\/trinitixshop.de\/es\/wp-json\/wp\/v2\/comments?post=2598"}],"wp:featuredmedia":[{"embeddable":true,"href":"https:\/\/trinitixshop.de\/es\/wp-json\/wp\/v2\/media\/2676"}],"wp:attachment":[{"href":"https:\/\/trinitixshop.de\/es\/wp-json\/wp\/v2\/media?parent=2598"}],"wp:term":[{"taxonomy":"product_brand","embeddable":true,"href":"https:\/\/trinitixshop.de\/es\/wp-json\/wp\/v2\/product_brand?post=2598"},{"taxonomy":"product_cat","embeddable":true,"href":"https:\/\/trinitixshop.de\/es\/wp-json\/wp\/v2\/product_cat?post=2598"},{"taxonomy":"product_tag","embeddable":true,"href":"https:\/\/trinitixshop.de\/es\/wp-json\/wp\/v2\/product_tag?post=2598"}],"curies":[{"name":"wp","href":"https:\/\/api.w.org\/{rel}","templated":true}]}}