{"id":2599,"date":"2023-06-16T13:34:27","date_gmt":"2023-06-16T11:34:27","guid":{"rendered":"https:\/\/trinitixshop.de\/?post_type=product&#038;p=2599"},"modified":"2023-11-17T13:26:53","modified_gmt":"2023-11-17T12:26:53","slug":"amuleto-media-luna-diseno-vintage-esmaltado-con-cadena-textil","status":"publish","type":"product","link":"https:\/\/trinitixshop.de\/es\/produkt\/halbmond-vintage-amulett-emaille-design-mit-textilkette\/","title":{"rendered":"Luna creciente amuleto vintage dise\u00f1o esmaltado con cadena textil"},"content":{"rendered":"<p>CH195100T<\/p>","protected":false},"excerpt":{"rendered":"<p>Piezas \u00fanicas hechas a mano<br \/>\nAmuleto media luna dise\u00f1o vintage como colgante de bisuter\u00eda magn\u00e9tico esmaltado.<br \/>\nLuna creciente con cadena textil, hecha a mano. Anchura: aprox. 49 mm, altura: aprox. 35 mm,<br \/>\nGrosor: aprox. 3 mm. Cord\u00f3n textil (aprox. 90 cm) con secci\u00f3n central de acero inoxidable.<br \/>\nLongitud variable ajustable individualmente.<br \/>\nLa inconfundible forma de colgante HALBMOND como dise\u00f1o elegante. Hecho a mano con mucho cari\u00f1o y muchos pasos manuales. El dise\u00f1o se inspira en las ideas de artistas modernos, como Hundertwasser, e irradia por toda la superficie. Fabricado con materiales preciosos a la m\u00e1xima perfecci\u00f3n.<br \/>\nSu fabricaci\u00f3n de alta calidad la convierte en una joya de elegancia atemporal<br \/>\nAcero inoxidable de alta calidad, pulido, hipoalerg\u00e9nico, sin n\u00edquel ni al\u00e9rgenos.<br \/>\nIncrustaci\u00f3n de im\u00e1n de neodimio con aproximadamente 2.000 gauss.<\/p>","protected":false},"featured_media":2693,"comment_status":"open","ping_status":"closed","template":"","meta":[],"product_brand":[],"product_cat":[17,21],"product_tag":[26],"class_list":{"0":"post-2599","1":"product","2":"type-product","3":"status-publish","4":"has-post-thumbnail","6":"product_cat-alle-produkte","7":"product_cat-halsketten","8":"product_tag-paja","9":"thunk-woo-product-list","10":"opn-qv-enable","11":"top-store-woo-hover-zoom","12":"top-store-single-product-tab-horizontal","13":"top-store-shadow-","14":"top-store-shadow-hover-","16":"first","17":"instock","18":"sale","19":"taxable","20":"shipping-taxable","21":"purchasable","22":"product-type-simple"},"_links":{"self":[{"href":"https:\/\/trinitixshop.de\/es\/wp-json\/wp\/v2\/product\/2599","targetHints":{"allow":["GET"]}}],"collection":[{"href":"https:\/\/trinitixshop.de\/es\/wp-json\/wp\/v2\/product"}],"about":[{"href":"https:\/\/trinitixshop.de\/es\/wp-json\/wp\/v2\/types\/product"}],"replies":[{"embeddable":true,"href":"https:\/\/trinitixshop.de\/es\/wp-json\/wp\/v2\/comments?post=2599"}],"wp:featuredmedia":[{"embeddable":true,"href":"https:\/\/trinitixshop.de\/es\/wp-json\/wp\/v2\/media\/2693"}],"wp:attachment":[{"href":"https:\/\/trinitixshop.de\/es\/wp-json\/wp\/v2\/media?parent=2599"}],"wp:term":[{"taxonomy":"product_brand","embeddable":true,"href":"https:\/\/trinitixshop.de\/es\/wp-json\/wp\/v2\/product_brand?post=2599"},{"taxonomy":"product_cat","embeddable":true,"href":"https:\/\/trinitixshop.de\/es\/wp-json\/wp\/v2\/product_cat?post=2599"},{"taxonomy":"product_tag","embeddable":true,"href":"https:\/\/trinitixshop.de\/es\/wp-json\/wp\/v2\/product_tag?post=2599"}],"curies":[{"name":"wp","href":"https:\/\/api.w.org\/{rel}","templated":true}]}}