{"id":2600,"date":"2023-06-16T13:34:27","date_gmt":"2023-06-16T11:34:27","guid":{"rendered":"https:\/\/trinitixshop.de\/?post_type=product&#038;p=2600"},"modified":"2024-07-07T20:49:27","modified_gmt":"2024-07-07T18:49:27","slug":"energy-magnetheart-powerheart-acero-inoxidable-cobre-incl-cadena-y-ficha","status":"publish","type":"product","link":"https:\/\/trinitixshop.de\/es\/produkt\/energy-magnetheart-powerherz-edelstahl-kupfer-inkl-kette-und-gegenstueck\/","title":{"rendered":"Im\u00e1n de energ\u00edaCoraz\u00f3n coraz\u00f3n de energ\u00eda acero inoxidable\/cobre incl. cadena y contrapieza # 2049"},"content":{"rendered":"<p>CH20490T<\/p>","protected":false},"excerpt":{"rendered":"<p>Im\u00e1n de bioenerg\u00edaColgante de coraz\u00f3n con CARA DE COBRE aut\u00e9ntico.<br \/>\nId\u00e9ntico al coraz\u00f3n el\u00e9ctrico # 1114 \/ 177Cu, adicionalmente con colgante de cadena, \u00d8 aprox. 3 cm. Incl. contrapieza.<br \/>\nAcero inoxidable, sin cadmio, n\u00edquel ni plomo. Sin al\u00e9rgenos.<br \/>\nIncluye cadena de silicona gratuita con cierre de langosta (aprox. 47 cm, se puede acortar con una simple herramienta).<br \/>\nCoraz\u00f3n magn\u00e9tico TCM ideal para espalda, hombros, cuello o est\u00f3mago. Visible o invisible, \u00a1el coraz\u00f3n magn\u00e9tico es un compa\u00f1ero para todo el d\u00eda!<br \/>\nEl coraz\u00f3n de energ\u00eda puede fijarse a la ropa con la contrapartida suministrada y llevarse como un broche.<br \/>\nEl coraz\u00f3n de energ\u00eda con efecto de bienestar fabricado en acero inoxidable con una cara de cobre aut\u00e9ntico. En el coraz\u00f3n de potencia se ha incorporado un im\u00e1n de neodimio de aprox. 3000 gauss.<br \/>\nSupuesto efecto del cobre (CU): Favorece la formaci\u00f3n de anticuerpos en el sistema de defensa, el crecimiento, el desarrollo, el fortalecimiento de los huesos.<br \/>\nEl lado de cobre debe llevarse hacia la piel (polaridad: Norte)<\/p>","protected":false},"featured_media":2680,"comment_status":"open","ping_status":"closed","template":"","meta":[],"product_brand":[],"product_cat":[17,21],"product_tag":[26],"class_list":{"0":"post-2600","1":"product","2":"type-product","3":"status-publish","4":"has-post-thumbnail","6":"product_cat-alle-produkte","7":"product_cat-halsketten","8":"product_tag-paja","9":"thunk-woo-product-list","10":"opn-qv-enable","11":"top-store-woo-hover-zoom","12":"top-store-single-product-tab-horizontal","13":"top-store-shadow-","14":"top-store-shadow-hover-","16":"first","17":"instock","18":"taxable","19":"shipping-taxable","20":"purchasable","21":"product-type-simple"},"_links":{"self":[{"href":"https:\/\/trinitixshop.de\/es\/wp-json\/wp\/v2\/product\/2600","targetHints":{"allow":["GET"]}}],"collection":[{"href":"https:\/\/trinitixshop.de\/es\/wp-json\/wp\/v2\/product"}],"about":[{"href":"https:\/\/trinitixshop.de\/es\/wp-json\/wp\/v2\/types\/product"}],"replies":[{"embeddable":true,"href":"https:\/\/trinitixshop.de\/es\/wp-json\/wp\/v2\/comments?post=2600"}],"wp:featuredmedia":[{"embeddable":true,"href":"https:\/\/trinitixshop.de\/es\/wp-json\/wp\/v2\/media\/2680"}],"wp:attachment":[{"href":"https:\/\/trinitixshop.de\/es\/wp-json\/wp\/v2\/media?parent=2600"}],"wp:term":[{"taxonomy":"product_brand","embeddable":true,"href":"https:\/\/trinitixshop.de\/es\/wp-json\/wp\/v2\/product_brand?post=2600"},{"taxonomy":"product_cat","embeddable":true,"href":"https:\/\/trinitixshop.de\/es\/wp-json\/wp\/v2\/product_cat?post=2600"},{"taxonomy":"product_tag","embeddable":true,"href":"https:\/\/trinitixshop.de\/es\/wp-json\/wp\/v2\/product_tag?post=2600"}],"curies":[{"name":"wp","href":"https:\/\/api.w.org\/{rel}","templated":true}]}}