{"id":2601,"date":"2023-06-16T13:34:27","date_gmt":"2023-06-16T11:34:27","guid":{"rendered":"https:\/\/trinitixshop.de\/?post_type=product&#038;p=2601"},"modified":"2026-01-03T12:41:13","modified_gmt":"2026-01-03T11:41:13","slug":"pure-decide-magnet-cadena-de-acero-inoxidable-estilo-vintage-incl-cadena-de-bolas","status":"publish","type":"product","link":"https:\/\/trinitixshop.de\/es\/produkt\/pure-decide-magnet-edelstahlkette-vintage-style-inkl-ball-chain\/","title":{"rendered":"Pure Decide Magnet Edelstahlkette Vintage Style inkl. Ball Chain # 2190"},"content":{"rendered":"<p>CH219000T<\/p>","protected":false},"excerpt":{"rendered":"<p>Pura decisi\u00f3n. Inspirado en el colgante de cadena Magnet \"Fossil Style\", muy pulido \/ grabable - aprox. 35 x 17 mm, ligero con aprox. 17 gramos.<br \/>\nIncluye una cadena de acero inoxidable - cadena de bolas - con cierre de langosta (aprox. 61 - 66 cm).<br \/>\nEl colgante magn\u00e9tico llama la atenci\u00f3n y tambi\u00e9n se puede llevar con otros collares.<br \/>\nLa pieza de joyer\u00eda magn\u00e9tica perfecta para tipos sencillos.<br \/>\nEl colgante impresiona por su aspecto desenfadado, que se completa con un moderno acero inoxidable y un potente im\u00e1n.<br \/>\nAcero inoxidable de alta calidad, pulido, hipoalerg\u00e9nico, sin n\u00edquel ni al\u00e9rgenos.<br \/>\nIm\u00e1n de neodimio incrustado con aproximadamente 1.600 gauss.<\/p>","protected":false},"featured_media":2689,"comment_status":"open","ping_status":"closed","template":"","meta":[],"product_brand":[],"product_cat":[17,21],"product_tag":[25],"class_list":{"0":"post-2601","1":"product","2":"type-product","3":"status-publish","4":"has-post-thumbnail","6":"product_cat-alle-produkte","7":"product_cat-halsketten","8":"product_tag-t-prime","9":"thunk-woo-product-list","10":"opn-qv-enable","11":"top-store-woo-hover-zoom","12":"top-store-single-product-tab-horizontal","13":"top-store-shadow-","14":"top-store-shadow-hover-","16":"first","17":"instock","18":"sale","19":"taxable","20":"shipping-taxable","21":"purchasable","22":"product-type-simple"},"_links":{"self":[{"href":"https:\/\/trinitixshop.de\/es\/wp-json\/wp\/v2\/product\/2601","targetHints":{"allow":["GET"]}}],"collection":[{"href":"https:\/\/trinitixshop.de\/es\/wp-json\/wp\/v2\/product"}],"about":[{"href":"https:\/\/trinitixshop.de\/es\/wp-json\/wp\/v2\/types\/product"}],"replies":[{"embeddable":true,"href":"https:\/\/trinitixshop.de\/es\/wp-json\/wp\/v2\/comments?post=2601"}],"wp:featuredmedia":[{"embeddable":true,"href":"https:\/\/trinitixshop.de\/es\/wp-json\/wp\/v2\/media\/2689"}],"wp:attachment":[{"href":"https:\/\/trinitixshop.de\/es\/wp-json\/wp\/v2\/media?parent=2601"}],"wp:term":[{"taxonomy":"product_brand","embeddable":true,"href":"https:\/\/trinitixshop.de\/es\/wp-json\/wp\/v2\/product_brand?post=2601"},{"taxonomy":"product_cat","embeddable":true,"href":"https:\/\/trinitixshop.de\/es\/wp-json\/wp\/v2\/product_cat?post=2601"},{"taxonomy":"product_tag","embeddable":true,"href":"https:\/\/trinitixshop.de\/es\/wp-json\/wp\/v2\/product_tag?post=2601"}],"curies":[{"name":"wp","href":"https:\/\/api.w.org\/{rel}","templated":true}]}}