{"id":2602,"date":"2023-06-16T13:34:27","date_gmt":"2023-06-16T11:34:27","guid":{"rendered":"https:\/\/trinitixshop.de\/?post_type=product&#038;p=2602"},"modified":"2023-06-23T10:46:08","modified_gmt":"2023-06-23T08:46:08","slug":"pura-decide-iman-acero-inoxidable-cadena-tecnica-estilo-vintage","status":"publish","type":"product","link":"https:\/\/trinitixshop.de\/es\/produkt\/pure-decide-magnet-edelstahlkette-technischer-vintage-style\/","title":{"rendered":"Puro im\u00e1n Decide cadena de acero inoxidable estilo t\u00e9cnico vintage"},"content":{"rendered":"<p>CH219100T<\/p>","protected":false},"excerpt":{"rendered":"<p>Pure Decide. Inspirado en el \"Fossil Style\".<br \/>\n\u00a1\u00a1\u00a1T\u00e9cnico y noble !!! Colgante magn\u00e9tico cepillado \/ pulido, grabable - aprox. 35 x 17 mm.<br \/>\nIncluye una cadena de acero inoxidable - cadena de bolas - con cierre de langosta (aprox. 55 - 65 cm).<br \/>\nEl colgante magn\u00e9tico llama la atenci\u00f3n y tambi\u00e9n se puede llevar con otros collares.<br \/>\nSecci\u00f3n central como engastada con polvo de diamante. Inspirado en el estilo Fossil. La joya magn\u00e9tica perfecta para tipos sencillos. El colgante impresiona por su aspecto desenfadado, que se completa con un moderno acero inoxidable y un potente im\u00e1n.<br \/>\nEl anillo a juego tiene el # 219.<br \/>\nAcero inoxidable de alta calidad, pulido, hipoalerg\u00e9nico, sin n\u00edquel ni al\u00e9rgenos.<br \/>\nIncrustaci\u00f3n de im\u00e1n de neodimio con aproximadamente 2.000 gauss.<\/p>","protected":false},"featured_media":2683,"comment_status":"open","ping_status":"closed","template":"","meta":[],"product_brand":[],"product_cat":[17,21],"product_tag":[25],"class_list":{"0":"post-2602","1":"product","2":"type-product","3":"status-publish","4":"has-post-thumbnail","6":"product_cat-alle-produkte","7":"product_cat-halsketten","8":"product_tag-t-prime","9":"thunk-woo-product-list","10":"opn-qv-enable","11":"top-store-woo-hover-zoom","12":"top-store-single-product-tab-horizontal","13":"top-store-shadow-","14":"top-store-shadow-hover-","16":"first","17":"instock","18":"taxable","19":"shipping-taxable","20":"purchasable","21":"product-type-simple"},"_links":{"self":[{"href":"https:\/\/trinitixshop.de\/es\/wp-json\/wp\/v2\/product\/2602","targetHints":{"allow":["GET"]}}],"collection":[{"href":"https:\/\/trinitixshop.de\/es\/wp-json\/wp\/v2\/product"}],"about":[{"href":"https:\/\/trinitixshop.de\/es\/wp-json\/wp\/v2\/types\/product"}],"replies":[{"embeddable":true,"href":"https:\/\/trinitixshop.de\/es\/wp-json\/wp\/v2\/comments?post=2602"}],"wp:featuredmedia":[{"embeddable":true,"href":"https:\/\/trinitixshop.de\/es\/wp-json\/wp\/v2\/media\/2683"}],"wp:attachment":[{"href":"https:\/\/trinitixshop.de\/es\/wp-json\/wp\/v2\/media?parent=2602"}],"wp:term":[{"taxonomy":"product_brand","embeddable":true,"href":"https:\/\/trinitixshop.de\/es\/wp-json\/wp\/v2\/product_brand?post=2602"},{"taxonomy":"product_cat","embeddable":true,"href":"https:\/\/trinitixshop.de\/es\/wp-json\/wp\/v2\/product_cat?post=2602"},{"taxonomy":"product_tag","embeddable":true,"href":"https:\/\/trinitixshop.de\/es\/wp-json\/wp\/v2\/product_tag?post=2602"}],"curies":[{"name":"wp","href":"https:\/\/api.w.org\/{rel}","templated":true}]}}