{"id":2607,"date":"2023-06-16T13:34:27","date_gmt":"2023-06-16T11:34:27","guid":{"rendered":"https:\/\/trinitixshop.de\/?post_type=product&#038;p=2607"},"modified":"2023-06-23T14:03:11","modified_gmt":"2023-06-23T12:03:11","slug":"crucifijo-plata-trx-cruz-cadena-simple-elegante-solido-2614","status":"publish","type":"product","link":"https:\/\/trinitixshop.de\/es\/produkt\/kruzifix-silber-trx-kreuz-kette-schlicht-elegant-massiv-2614\/","title":{"rendered":"Crucifijo plata TRX cruz cadena simple elegante s\u00f3lido # 2614"},"content":{"rendered":"<p>CH261400T<\/p>","protected":false},"excerpt":{"rendered":"<p>Colgante magn\u00e9tico cruz \/ crucifijo s\u00f3lido y elegante,<br \/>\nPlata muy pulida con finas l\u00edneas cruzadas en la superficie.<br \/>\nTama\u00f1o: aprox. 1,8 x 2,5 cm. Grosor: aprox. 2,4 mm.<br \/>\nIncluye cadena de acero inoxidable con cierre de langosta (aprox. 47 -52 cm).<br \/>\nEl colgante magn\u00e9tico atrae todas las miradas y puede llevarse con cualquier otra cadena.<br \/>\nEl Padre Nuestro es la oraci\u00f3n m\u00e1s antigua del cristianismo. Une a todos los cristianos en la fe y es una alocuci\u00f3n directa al Se\u00f1or. Con esta joya, podr\u00e1 llevar siempre consigo esta confesi\u00f3n.<br \/>\nAcero inoxidable de alta calidad, pulido, hipoalerg\u00e9nico, sin n\u00edquel ni al\u00e9rgenos.<br \/>\nIncrustaci\u00f3n de im\u00e1n de neodimio con aproximadamente 1.200 gauss.<\/p>","protected":false},"featured_media":2699,"comment_status":"open","ping_status":"closed","template":"","meta":[],"product_brand":[],"product_cat":[17,21],"product_tag":[25],"class_list":{"0":"post-2607","1":"product","2":"type-product","3":"status-publish","4":"has-post-thumbnail","6":"product_cat-alle-produkte","7":"product_cat-halsketten","8":"product_tag-t-prime","9":"thunk-woo-product-list","10":"opn-qv-enable","11":"top-store-woo-hover-zoom","12":"top-store-single-product-tab-horizontal","13":"top-store-shadow-","14":"top-store-shadow-hover-","16":"first","17":"instock","18":"sale","19":"taxable","20":"shipping-taxable","21":"purchasable","22":"product-type-simple"},"_links":{"self":[{"href":"https:\/\/trinitixshop.de\/es\/wp-json\/wp\/v2\/product\/2607","targetHints":{"allow":["GET"]}}],"collection":[{"href":"https:\/\/trinitixshop.de\/es\/wp-json\/wp\/v2\/product"}],"about":[{"href":"https:\/\/trinitixshop.de\/es\/wp-json\/wp\/v2\/types\/product"}],"replies":[{"embeddable":true,"href":"https:\/\/trinitixshop.de\/es\/wp-json\/wp\/v2\/comments?post=2607"}],"wp:featuredmedia":[{"embeddable":true,"href":"https:\/\/trinitixshop.de\/es\/wp-json\/wp\/v2\/media\/2699"}],"wp:attachment":[{"href":"https:\/\/trinitixshop.de\/es\/wp-json\/wp\/v2\/media?parent=2607"}],"wp:term":[{"taxonomy":"product_brand","embeddable":true,"href":"https:\/\/trinitixshop.de\/es\/wp-json\/wp\/v2\/product_brand?post=2607"},{"taxonomy":"product_cat","embeddable":true,"href":"https:\/\/trinitixshop.de\/es\/wp-json\/wp\/v2\/product_cat?post=2607"},{"taxonomy":"product_tag","embeddable":true,"href":"https:\/\/trinitixshop.de\/es\/wp-json\/wp\/v2\/product_tag?post=2607"}],"curies":[{"name":"wp","href":"https:\/\/api.w.org\/{rel}","templated":true}]}}