{"id":2609,"date":"2023-06-16T13:34:27","date_gmt":"2023-06-16T11:34:27","guid":{"rendered":"https:\/\/trinitixshop.de\/?post_type=product&#038;p=2609"},"modified":"2023-06-16T16:15:55","modified_gmt":"2023-06-16T14:15:55","slug":"medallon-de-alas-iman-colgante-con-cadena-swarovski-cristal-de-cuarzo-rosa","status":"publish","type":"product","link":"https:\/\/trinitixshop.de\/es\/produkt\/wings-medaillon-magnet-kettenanhaenger-mit-kette-swarovski-rosenquartz-crystal\/","title":{"rendered":"Colgante Im\u00e1n Medall\u00f3n Alas con Cadena + Cristal Swarovski Cuarzo Rosa"},"content":{"rendered":"<p>CH277400T<\/p>","protected":false},"excerpt":{"rendered":"<p>Piezas \u00fanicas hechas a mano<br \/>\nColgante magn\u00e9tico Wings decorado con cristal Swarovski de cuarzo rosa original, aprox. \u00d8 25 mm. Grosor aprox. 2,9 mm, muy pulido.<br \/>\nInspirado en el dise\u00f1o de Sabo.<br \/>\nIncluye cadena de acero inoxidable con cierre de langosta (aprox. 40,5 - 52 cm).<br \/>\nEl colgante magn\u00e9tico atrae todas las miradas y tambi\u00e9n se puede llevar con cualquier otra cadena.<br \/>\nCuando vemos alas, nuestro primer pensamiento es volar, pero cuando damos rienda suelta a nuestras fantas\u00edas, el s\u00edmbolo del ala es nuestra salvaci\u00f3n. Nos damos cuenta de que podemos huir y escapar de las cosas que nos atan o liberar nuestra alma. Las alas simbolizan la paz, el amor, la tierra y el aire, la mortalidad y lo divino.<br \/>\nA veces nos muestra criaturas sobrenaturales y m\u00e1gicas como dragones, grifos, hadas, mariposas, abejas, pegasos, etc. ....<br \/>\nLas bellas joyas magn\u00e9ticas son sin\u00f3nimo de ligereza, energ\u00eda y elegancia. Cada una de nuestras joyas est\u00e1 equipada con potentes imanes de neodimio de alta calidad.<br \/>\nAcero inoxidable de alta calidad, pulido, hipoalerg\u00e9nico, sin n\u00edquel ni al\u00e9rgenos.<br \/>\nIncrustaci\u00f3n de im\u00e1n de neodimio con aproximadamente 1.200 gauss.<\/p>","protected":false},"featured_media":2671,"comment_status":"open","ping_status":"closed","template":"","meta":[],"product_brand":[],"product_cat":[17,21],"product_tag":[25],"class_list":{"0":"post-2609","1":"product","2":"type-product","3":"status-publish","4":"has-post-thumbnail","6":"product_cat-alle-produkte","7":"product_cat-halsketten","8":"product_tag-t-prime","9":"thunk-woo-product-list","10":"opn-qv-enable","11":"top-store-woo-hover-zoom","12":"top-store-single-product-tab-horizontal","13":"top-store-shadow-","14":"top-store-shadow-hover-","16":"first","17":"instock","18":"sale","19":"taxable","20":"shipping-taxable","21":"purchasable","22":"product-type-simple"},"_links":{"self":[{"href":"https:\/\/trinitixshop.de\/es\/wp-json\/wp\/v2\/product\/2609","targetHints":{"allow":["GET"]}}],"collection":[{"href":"https:\/\/trinitixshop.de\/es\/wp-json\/wp\/v2\/product"}],"about":[{"href":"https:\/\/trinitixshop.de\/es\/wp-json\/wp\/v2\/types\/product"}],"replies":[{"embeddable":true,"href":"https:\/\/trinitixshop.de\/es\/wp-json\/wp\/v2\/comments?post=2609"}],"wp:featuredmedia":[{"embeddable":true,"href":"https:\/\/trinitixshop.de\/es\/wp-json\/wp\/v2\/media\/2671"}],"wp:attachment":[{"href":"https:\/\/trinitixshop.de\/es\/wp-json\/wp\/v2\/media?parent=2609"}],"wp:term":[{"taxonomy":"product_brand","embeddable":true,"href":"https:\/\/trinitixshop.de\/es\/wp-json\/wp\/v2\/product_brand?post=2609"},{"taxonomy":"product_cat","embeddable":true,"href":"https:\/\/trinitixshop.de\/es\/wp-json\/wp\/v2\/product_cat?post=2609"},{"taxonomy":"product_tag","embeddable":true,"href":"https:\/\/trinitixshop.de\/es\/wp-json\/wp\/v2\/product_tag?post=2609"}],"curies":[{"name":"wp","href":"https:\/\/api.w.org\/{rel}","templated":true}]}}