{"id":2611,"date":"2023-06-16T13:34:27","date_gmt":"2023-06-16T11:34:27","guid":{"rendered":"https:\/\/trinitixshop.de\/?post_type=product&#038;p=2611"},"modified":"2023-06-23T13:46:40","modified_gmt":"2023-06-23T11:46:40","slug":"collar-magnetico-flor-de-la-vida-con-cristal-de-hielo-swarovski-2792","status":"publish","type":"product","link":"https:\/\/trinitixshop.de\/es\/produkt\/blume-des-lebens-magnetschmuck-kette-mit-swarovski-ice-crystal-2792\/","title":{"rendered":"Collar magn\u00e9tico flor de la vida con cristal de Swarovski # 2792"},"content":{"rendered":"<p>CH279200T<\/p>","protected":false},"excerpt":{"rendered":"<p>Piezas \u00fanicas hechas a mano<br \/>\nFlower of Life \/ Blume des Lebens \/ Flor da Vida - Im\u00e1n<br \/>\nColgante decorado con cristal de hielo original de Swarovski - aprox. \u00d8 25 mm, un peso ligero con aprox. 7 gramos, grosor aprox. 2,4 mm, muy pulido.<br \/>\nIncluye cadena de acero inoxidable con cierre de langosta (aprox. 41 - 52 cm). El colgante magn\u00e9tico atrae todas las miradas y tambi\u00e9n se puede llevar con cualquier otra cadena.<br \/>\nPura elegancia: as\u00ed puede describirse en pocas palabras esta maravillosa joya. La Flor de la Vida es la base de todo lo que existe.<br \/>\nEs un patr\u00f3n geom\u00e9trico de creaci\u00f3n, pero tambi\u00e9n una forma multidimensional. Todo en el universo est\u00e1 construido sobre este patr\u00f3n y todo puede remontarse a \u00e9l. Esto puede parecer improbable porque este patr\u00f3n parece muy simple, pero puede demostrarse claramente.<br \/>\nLas bellas joyas magn\u00e9ticas son sin\u00f3nimo de ligereza, energ\u00eda y elegancia. Cada una de nuestras joyas est\u00e1 equipada con potentes imanes de neodimio de alta calidad.<br \/>\nAcero inoxidable de alta calidad, pulido, hipoalerg\u00e9nico, sin n\u00edquel ni al\u00e9rgenos. Incrustaci\u00f3n de im\u00e1n de neodimio con aprox. 1.200 gauss.<\/p>","protected":false},"featured_media":2698,"comment_status":"open","ping_status":"closed","template":"","meta":[],"product_brand":[],"product_cat":[17,21],"product_tag":[25],"class_list":{"0":"post-2611","1":"product","2":"type-product","3":"status-publish","4":"has-post-thumbnail","6":"product_cat-alle-produkte","7":"product_cat-halsketten","8":"product_tag-t-prime","9":"thunk-woo-product-list","10":"opn-qv-enable","11":"top-store-woo-hover-zoom","12":"top-store-single-product-tab-horizontal","13":"top-store-shadow-","14":"top-store-shadow-hover-","16":"first","17":"instock","18":"taxable","19":"shipping-taxable","20":"purchasable","21":"product-type-simple"},"_links":{"self":[{"href":"https:\/\/trinitixshop.de\/es\/wp-json\/wp\/v2\/product\/2611","targetHints":{"allow":["GET"]}}],"collection":[{"href":"https:\/\/trinitixshop.de\/es\/wp-json\/wp\/v2\/product"}],"about":[{"href":"https:\/\/trinitixshop.de\/es\/wp-json\/wp\/v2\/types\/product"}],"replies":[{"embeddable":true,"href":"https:\/\/trinitixshop.de\/es\/wp-json\/wp\/v2\/comments?post=2611"}],"wp:featuredmedia":[{"embeddable":true,"href":"https:\/\/trinitixshop.de\/es\/wp-json\/wp\/v2\/media\/2698"}],"wp:attachment":[{"href":"https:\/\/trinitixshop.de\/es\/wp-json\/wp\/v2\/media?parent=2611"}],"wp:term":[{"taxonomy":"product_brand","embeddable":true,"href":"https:\/\/trinitixshop.de\/es\/wp-json\/wp\/v2\/product_brand?post=2611"},{"taxonomy":"product_cat","embeddable":true,"href":"https:\/\/trinitixshop.de\/es\/wp-json\/wp\/v2\/product_cat?post=2611"},{"taxonomy":"product_tag","embeddable":true,"href":"https:\/\/trinitixshop.de\/es\/wp-json\/wp\/v2\/product_tag?post=2611"}],"curies":[{"name":"wp","href":"https:\/\/api.w.org\/{rel}","templated":true}]}}