{"id":2615,"date":"2023-06-16T13:34:28","date_gmt":"2023-06-16T11:34:28","guid":{"rendered":"https:\/\/trinitixshop.de\/?post_type=product&#038;p=2615"},"modified":"2023-06-16T14:43:03","modified_gmt":"2023-06-16T12:43:03","slug":"medallon-de-mosaico-de-cristal-pave-mar-de-fragmentos-con-piedras-preciosas-svarovski","status":"publish","type":"product","link":"https:\/\/trinitixshop.de\/es\/produkt\/mosaik-medallion-kristallpave-scherbenmeer-mit-svarovski-edelsteinen\/","title":{"rendered":"Mosaico medall\u00f3n de cristal pave \"Mar de fragmentos\" con piedras preciosas de Svarovski"},"content":{"rendered":"<p>CH287900T<\/p>","protected":false},"excerpt":{"rendered":"<p>Un \"mar de fragmentos\" - colorido y hermoso.... \u00a1\u00a1!!<br \/>\nEl colgante magn\u00e9tico de cristal pav\u00e9 hecho a mano con cristales Svarovski mezclados en diferentes tama\u00f1os y facetas recuerda a un fascinante mosaico y crea un dise\u00f1o seductor.<br \/>\nInspirado en el dise\u00f1o de Sabo.<br \/>\nEl colgante de acero inoxidable plateado (\u00d8 35 mm, 16 gramos) est\u00e1 unido a una moda,<br \/>\nLa cadena larga ( 41 cm m\u00e1s 11 cm de prolongaci\u00f3n ) confiere a su look informal un brillo maravilloso y cautiva con su lustre brillante.<br \/>\nEl amuleto de cristal pav\u00e9 est\u00e1 hecho a mano con la m\u00e1xima precisi\u00f3n y cuidado. El acero inoxidable de alta calidad utilizado para el colgante es hipoalerg\u00e9nico y respetuoso con la piel, y la joya est\u00e1 chapada en iones y muy pulida.<br \/>\nIncluye cadena de acero inoxidable con cierre de langosta (aprox. 41 - 52 cm).<br \/>\nEl colgante magn\u00e9tico llama la atenci\u00f3n, pero tambi\u00e9n se puede llevar con muchos otros collares.<br \/>\nEsta hermosa joya magn\u00e9tica es sin\u00f3nimo de ligereza, energ\u00eda y elegancia.<br \/>\nCada una de nuestras joyas est\u00e1 equipada con potentes imanes de neodimio de alta calidad.<br \/>\nAcero inoxidable de alta calidad, pulido, hipoalerg\u00e9nico, sin n\u00edquel ni al\u00e9rgenos.<br \/>\nIncrustaci\u00f3n de im\u00e1n de neodimio con aproximadamente 1.800 gauss.<\/p>","protected":false},"featured_media":2656,"comment_status":"open","ping_status":"closed","template":"","meta":[],"product_brand":[],"product_cat":[17,21],"product_tag":[26],"class_list":{"0":"post-2615","1":"product","2":"type-product","3":"status-publish","4":"has-post-thumbnail","6":"product_cat-alle-produkte","7":"product_cat-halsketten","8":"product_tag-paja","9":"thunk-woo-product-list","10":"opn-qv-enable","11":"top-store-woo-hover-zoom","12":"top-store-single-product-tab-horizontal","13":"top-store-shadow-","14":"top-store-shadow-hover-","16":"first","17":"instock","18":"sale","19":"taxable","20":"shipping-taxable","21":"purchasable","22":"product-type-simple"},"_links":{"self":[{"href":"https:\/\/trinitixshop.de\/es\/wp-json\/wp\/v2\/product\/2615","targetHints":{"allow":["GET"]}}],"collection":[{"href":"https:\/\/trinitixshop.de\/es\/wp-json\/wp\/v2\/product"}],"about":[{"href":"https:\/\/trinitixshop.de\/es\/wp-json\/wp\/v2\/types\/product"}],"replies":[{"embeddable":true,"href":"https:\/\/trinitixshop.de\/es\/wp-json\/wp\/v2\/comments?post=2615"}],"wp:featuredmedia":[{"embeddable":true,"href":"https:\/\/trinitixshop.de\/es\/wp-json\/wp\/v2\/media\/2656"}],"wp:attachment":[{"href":"https:\/\/trinitixshop.de\/es\/wp-json\/wp\/v2\/media?parent=2615"}],"wp:term":[{"taxonomy":"product_brand","embeddable":true,"href":"https:\/\/trinitixshop.de\/es\/wp-json\/wp\/v2\/product_brand?post=2615"},{"taxonomy":"product_cat","embeddable":true,"href":"https:\/\/trinitixshop.de\/es\/wp-json\/wp\/v2\/product_cat?post=2615"},{"taxonomy":"product_tag","embeddable":true,"href":"https:\/\/trinitixshop.de\/es\/wp-json\/wp\/v2\/product_tag?post=2615"}],"curies":[{"name":"wp","href":"https:\/\/api.w.org\/{rel}","templated":true}]}}