{"id":2619,"date":"2023-06-16T13:34:28","date_gmt":"2023-06-16T11:34:28","guid":{"rendered":"https:\/\/trinitixshop.de\/?post_type=product&#038;p=2619"},"modified":"2023-06-16T15:51:37","modified_gmt":"2023-06-16T13:51:37","slug":"diamante-de-poder-iman-colgante-con-cadena-diseno-rombo-plata","status":"publish","type":"product","link":"https:\/\/trinitixshop.de\/es\/produkt\/raute-der-macht-magnet-anhaenger-mit-kette-rhombus-design-silber\/","title":{"rendered":"Diamante de poder im\u00e1n colgante con cadena dise\u00f1o rombo plata"},"content":{"rendered":"<p>CH302900T<\/p>","protected":false},"excerpt":{"rendered":"<p>Colgante Rombo Rombo de poder - aprox. 45 x 33 mm, dise\u00f1o negro relleno de aceite. Hecho a mano.<br \/>\nSe entrega con un brazalete de acero inoxidable con cierre de langosta. Longitud de la cadena individual aprox. 47 - 52 cm.<br \/>\nEl diamante representa serenidad - concentraci\u00f3n - fuerza interior - confianza y atenci\u00f3n. Inspirado en el gesto especial de la mano de la Sra. ex. Canciller Angela Merkel \" rombo Merkel \" dedo sobre dedo, como una pir\u00e1mide. Pero muchos otros pol\u00edticos y personalidades conocidas tambi\u00e9n muestran este rombo. El rombo es una forma especial del paralelogramo.<br \/>\n\u00bfQu\u00e9 expresa el gesto del diamante? Ante todo, simboliza confianza. Quien en una conversaci\u00f3n coloca las yemas de cada uno de los dedos una sobre otra y forma una especie de pir\u00e1mide con las manos est\u00e1 seguro de lo que dice y cree en lo que dice. Dif\u00edcilmente hay un signo m\u00e1s fuerte de fuerza interior. Si\u00e9ntase equilibrado y apoyado. Todo esto hace que esta joya sea m\u00e1s importante que un simple accesorio de belleza \u00fanica.<br \/>\nLas bellas joyas magn\u00e9ticas son sin\u00f3nimo de ligereza, energ\u00eda y elegancia. Cada una de nuestras joyas est\u00e1 equipada con potentes imanes de neodimio de alta calidad.<br \/>\nAcero inoxidable de alta calidad, pulido, hipoalerg\u00e9nico, sin n\u00edquel ni alergias, incrustaci\u00f3n de im\u00e1n de neodimio con aprox. 1.200 gauss.<\/p>","protected":false},"featured_media":2660,"comment_status":"open","ping_status":"closed","template":"","meta":[],"product_brand":[],"product_cat":[17,21],"product_tag":[26],"class_list":{"0":"post-2619","1":"product","2":"type-product","3":"status-publish","4":"has-post-thumbnail","6":"product_cat-alle-produkte","7":"product_cat-halsketten","8":"product_tag-paja","9":"thunk-woo-product-list","10":"opn-qv-enable","11":"top-store-woo-hover-zoom","12":"top-store-single-product-tab-horizontal","13":"top-store-shadow-","14":"top-store-shadow-hover-","16":"first","17":"instock","18":"taxable","19":"shipping-taxable","20":"purchasable","21":"product-type-simple"},"_links":{"self":[{"href":"https:\/\/trinitixshop.de\/es\/wp-json\/wp\/v2\/product\/2619","targetHints":{"allow":["GET"]}}],"collection":[{"href":"https:\/\/trinitixshop.de\/es\/wp-json\/wp\/v2\/product"}],"about":[{"href":"https:\/\/trinitixshop.de\/es\/wp-json\/wp\/v2\/types\/product"}],"replies":[{"embeddable":true,"href":"https:\/\/trinitixshop.de\/es\/wp-json\/wp\/v2\/comments?post=2619"}],"wp:featuredmedia":[{"embeddable":true,"href":"https:\/\/trinitixshop.de\/es\/wp-json\/wp\/v2\/media\/2660"}],"wp:attachment":[{"href":"https:\/\/trinitixshop.de\/es\/wp-json\/wp\/v2\/media?parent=2619"}],"wp:term":[{"taxonomy":"product_brand","embeddable":true,"href":"https:\/\/trinitixshop.de\/es\/wp-json\/wp\/v2\/product_brand?post=2619"},{"taxonomy":"product_cat","embeddable":true,"href":"https:\/\/trinitixshop.de\/es\/wp-json\/wp\/v2\/product_cat?post=2619"},{"taxonomy":"product_tag","embeddable":true,"href":"https:\/\/trinitixshop.de\/es\/wp-json\/wp\/v2\/product_tag?post=2619"}],"curies":[{"name":"wp","href":"https:\/\/api.w.org\/{rel}","templated":true}]}}