{"id":2621,"date":"2023-06-16T13:34:28","date_gmt":"2023-06-16T11:34:28","guid":{"rendered":"https:\/\/trinitixshop.de\/?post_type=product&#038;p=2621"},"modified":"2023-06-16T14:47:32","modified_gmt":"2023-06-16T12:47:32","slug":"power-heart-colgante-iman-pulido-con-cadena-de-acero-inoxidable","status":"publish","type":"product","link":"https:\/\/trinitixshop.de\/es\/produkt\/power-herz-poliert-magnet-kettenanhaenger-mit-edelstahlkette\/","title":{"rendered":"Colgante de im\u00e1n pulido Power Heart con cadena de acero inoxidable"},"content":{"rendered":"<p>CH535901T<\/p>","protected":false},"excerpt":{"rendered":"<p>Colgante magn\u00e9tico power heart. pulido \/ brillante.<br \/>\nUn s\u00f3lido y elegante coraz\u00f3n de plata como colgante con fuerza magn\u00e9tica.<br \/>\nColgante coraz\u00f3n \u00d8 aprox. 1,8 cm, macizo.<br \/>\nIncluye cadena de acero inoxidable con cierre de langosta (aprox. 45 cm).<br \/>\nEl colgante magn\u00e9tico atrae todas las miradas y tambi\u00e9n se puede llevar con cualquier otra cadena.<br \/>\nEsta hermosa joya magn\u00e9tica es sin\u00f3nimo de ligereza, energ\u00eda y elegancia.<br \/>\nCada una de nuestras joyas est\u00e1 equipada con potentes imanes de neodimio de alta calidad.<br \/>\nIncrustaci\u00f3n de im\u00e1n de neodimio con aproximadamente 1.200 gauss.<br \/>\nAcero inoxidable, sin cadmio, n\u00edquel ni plomo. Sin al\u00e9rgenos.<\/p>","protected":false},"featured_media":2657,"comment_status":"open","ping_status":"closed","template":"","meta":[],"product_brand":[],"product_cat":[17,21],"product_tag":[26],"class_list":{"0":"post-2621","1":"product","2":"type-product","3":"status-publish","4":"has-post-thumbnail","6":"product_cat-alle-produkte","7":"product_cat-halsketten","8":"product_tag-paja","9":"thunk-woo-product-list","10":"opn-qv-enable","11":"top-store-woo-hover-zoom","12":"top-store-single-product-tab-horizontal","13":"top-store-shadow-","14":"top-store-shadow-hover-","16":"first","17":"instock","18":"sale","19":"taxable","20":"shipping-taxable","21":"purchasable","22":"product-type-simple"},"_links":{"self":[{"href":"https:\/\/trinitixshop.de\/es\/wp-json\/wp\/v2\/product\/2621","targetHints":{"allow":["GET"]}}],"collection":[{"href":"https:\/\/trinitixshop.de\/es\/wp-json\/wp\/v2\/product"}],"about":[{"href":"https:\/\/trinitixshop.de\/es\/wp-json\/wp\/v2\/types\/product"}],"replies":[{"embeddable":true,"href":"https:\/\/trinitixshop.de\/es\/wp-json\/wp\/v2\/comments?post=2621"}],"wp:featuredmedia":[{"embeddable":true,"href":"https:\/\/trinitixshop.de\/es\/wp-json\/wp\/v2\/media\/2657"}],"wp:attachment":[{"href":"https:\/\/trinitixshop.de\/es\/wp-json\/wp\/v2\/media?parent=2621"}],"wp:term":[{"taxonomy":"product_brand","embeddable":true,"href":"https:\/\/trinitixshop.de\/es\/wp-json\/wp\/v2\/product_brand?post=2621"},{"taxonomy":"product_cat","embeddable":true,"href":"https:\/\/trinitixshop.de\/es\/wp-json\/wp\/v2\/product_cat?post=2621"},{"taxonomy":"product_tag","embeddable":true,"href":"https:\/\/trinitixshop.de\/es\/wp-json\/wp\/v2\/product_tag?post=2621"}],"curies":[{"name":"wp","href":"https:\/\/api.w.org\/{rel}","templated":true}]}}