{"id":2625,"date":"2023-06-16T13:34:28","date_gmt":"2023-06-16T11:34:28","guid":{"rendered":"https:\/\/trinitixshop.de\/?post_type=product&#038;p=2625"},"modified":"2023-06-16T14:38:40","modified_gmt":"2023-06-16T12:38:40","slug":"marx-rio-star-collection-plata-con-19-cristales-de-la-casa-swarovski","status":"publish","type":"product","link":"https:\/\/trinitixshop.de\/es\/produkt\/marx-rio-stern-collection-silber-mit-19-swarovski-crystals\/","title":{"rendered":"Marx Rio Star Collection plata con 19 cristales de la Casa Swarovski"},"content":{"rendered":"<p>CH903000T<\/p>","protected":false},"excerpt":{"rendered":"<p>Un patr\u00f3n caracter\u00edstico muy exclusivo.<br \/>\nC\u00edrculos y l\u00edneas geom\u00e9tricas adaptadas al entorno, reflejo de la intensa pasi\u00f3n por la naturaleza.<br \/>\nUna forma de expresi\u00f3n especialmente art\u00edstica y creativa. Forma, juego de colores y proporci\u00f3n en la nueva colecci\u00f3n.<br \/>\nSe complementa con 18 brillantes cristales de Swarovski.<br \/>\nTama\u00f1o aprox. 2,5 x 3 cm. Grosor 4 mm. Elegante cadena de eslabones cuadrados de acero inoxidable de regalo.<br \/>\nLongitud ajustable aprox. 41 - 52 cm.<br \/>\nEl brillante colgante magn\u00e9tico con 18 aut\u00e9nticos elementos de cristal Swarovski le arrancar\u00e1 una sonrisa. El colgante resulta especialmente efectivo en combinaci\u00f3n con esta sencilla cadena cuadrada de acero inoxidable.<br \/>\nEl brillo de los cristales de Swarovski, el poder del im\u00e1n y el acero inoxidable respetuoso con la piel garantizan que no querr\u00e1 quitarse nunca m\u00e1s esta joya.<br \/>\nEste colgante magn\u00e9tico de joyer\u00eda tiene un aspecto misterioso, glamuroso o incluso seductor.<br \/>\nUn regalo \u00fanico. Regalar aut\u00e9ntica alegr\u00eda es uno de los valores que reinventamos constantemente.<br \/>\nPura elegancia: as\u00ed puede describirse en dos palabras esta maravillosa joya.<br \/>\nEsta hermosa joya magn\u00e9tica es sin\u00f3nimo de ligereza, energ\u00eda y elegancia.<br \/>\nCada una de nuestras joyas est\u00e1 equipada con potentes imanes de neodimio de alta calidad.<br \/>\nIncrustaci\u00f3n de im\u00e1n de neodimio con aproximadamente 1.200 gauss.<br \/>\nAcero inoxidable, sin cadmio, n\u00edquel ni plomo. Sin al\u00e9rgenos.<\/p>","protected":false},"featured_media":2653,"comment_status":"open","ping_status":"closed","template":"","meta":[],"product_brand":[],"product_cat":[17,21],"product_tag":[28],"class_list":{"0":"post-2625","1":"product","2":"type-product","3":"status-publish","4":"has-post-thumbnail","6":"product_cat-alle-produkte","7":"product_cat-halsketten","8":"product_tag-kurfuerst","9":"thunk-woo-product-list","10":"opn-qv-enable","11":"top-store-woo-hover-zoom","12":"top-store-single-product-tab-horizontal","13":"top-store-shadow-","14":"top-store-shadow-hover-","16":"first","17":"instock","18":"sale","19":"taxable","20":"shipping-taxable","21":"purchasable","22":"product-type-simple"},"_links":{"self":[{"href":"https:\/\/trinitixshop.de\/es\/wp-json\/wp\/v2\/product\/2625","targetHints":{"allow":["GET"]}}],"collection":[{"href":"https:\/\/trinitixshop.de\/es\/wp-json\/wp\/v2\/product"}],"about":[{"href":"https:\/\/trinitixshop.de\/es\/wp-json\/wp\/v2\/types\/product"}],"replies":[{"embeddable":true,"href":"https:\/\/trinitixshop.de\/es\/wp-json\/wp\/v2\/comments?post=2625"}],"wp:featuredmedia":[{"embeddable":true,"href":"https:\/\/trinitixshop.de\/es\/wp-json\/wp\/v2\/media\/2653"}],"wp:attachment":[{"href":"https:\/\/trinitixshop.de\/es\/wp-json\/wp\/v2\/media?parent=2625"}],"wp:term":[{"taxonomy":"product_brand","embeddable":true,"href":"https:\/\/trinitixshop.de\/es\/wp-json\/wp\/v2\/product_brand?post=2625"},{"taxonomy":"product_cat","embeddable":true,"href":"https:\/\/trinitixshop.de\/es\/wp-json\/wp\/v2\/product_cat?post=2625"},{"taxonomy":"product_tag","embeddable":true,"href":"https:\/\/trinitixshop.de\/es\/wp-json\/wp\/v2\/product_tag?post=2625"}],"curies":[{"name":"wp","href":"https:\/\/api.w.org\/{rel}","templated":true}]}}