{"id":2628,"date":"2023-06-16T13:34:31","date_gmt":"2023-06-16T11:34:31","guid":{"rendered":"https:\/\/trinitixshop.de\/?post_type=product&#038;p=2628"},"modified":"2023-06-16T14:03:17","modified_gmt":"2023-06-16T12:03:17","slug":"collar-dragon-corazon-blanco-plata-con-cristal-swarovski-blanco","status":"publish","type":"product","link":"https:\/\/trinitixshop.de\/es\/produkt\/dragon-heart-white-silber-mit-swarovski-crystal-white-kette\/","title":{"rendered":"Coraz\u00f3n de drag\u00f3n de plata blanca con cristal Swarovski blanco + cadena"},"content":{"rendered":"<p>NE046900T<\/p>","protected":false},"excerpt":{"rendered":"<p>Colgante magn\u00e9tico - Coraz\u00f3n de Drag\u00f3n - Diamante Coraz\u00f3n Blanco- \u00f8 aprox. 12 mm,<br \/>\nCon elemento de cristal Swarovski original tallado de alta calidad en forma de coraz\u00f3n.<br \/>\nIncrustaciones de im\u00e1n de neodimio con aproximadamente 1.200 gauss.<br \/>\nAcero inoxidable, sin cadmio, n\u00edquel ni plomo. Sin al\u00e9rgenos.<br \/>\nSe entrega con una cadena de serpiente de acero inoxidable con cierre de langosta.<br \/>\nLongitud individual de la cadena aprox. 40,5 - 52 cm.<br \/>\nBrillante = el brillante colgante magn\u00e9tico - Crystal White - con un gran elemento Solitario de cristal Swarovski aut\u00e9ntico le arrancar\u00e1 una sonrisa.<br \/>\nEl colgante Crystal White resulta especialmente eficaz en combinaci\u00f3n con esta sencilla cadena de serpiente de acero inoxidable.<br \/>\nEl brillo de los cristales de Swarovski, el poder del im\u00e1n y el acero inoxidable respetuoso con la piel garantizan que no querr\u00e1 quitarse nunca m\u00e1s esta joya.<br \/>\nPura elegancia... as\u00ed se puede describir esta maravillosa joya en s\u00f3lo dos palabras.<br \/>\nUna cadena de serpiente que acaricia suavemente el cuello de toda mujer y un colgante magn\u00e9tico que adorna cualquier escote hacen de esta joya un accesorio de belleza \u00fanica.<\/p>","protected":false},"featured_media":2643,"comment_status":"open","ping_status":"closed","template":"","meta":[],"product_brand":[],"product_cat":[17,21],"product_tag":[28],"class_list":{"0":"post-2628","1":"product","2":"type-product","3":"status-publish","4":"has-post-thumbnail","6":"product_cat-alle-produkte","7":"product_cat-halsketten","8":"product_tag-kurfuerst","9":"thunk-woo-product-list","10":"opn-qv-enable","11":"top-store-woo-hover-zoom","12":"top-store-single-product-tab-horizontal","13":"top-store-shadow-","14":"top-store-shadow-hover-","16":"first","17":"instock","18":"sale","19":"taxable","20":"shipping-taxable","21":"purchasable","22":"product-type-simple"},"_links":{"self":[{"href":"https:\/\/trinitixshop.de\/es\/wp-json\/wp\/v2\/product\/2628","targetHints":{"allow":["GET"]}}],"collection":[{"href":"https:\/\/trinitixshop.de\/es\/wp-json\/wp\/v2\/product"}],"about":[{"href":"https:\/\/trinitixshop.de\/es\/wp-json\/wp\/v2\/types\/product"}],"replies":[{"embeddable":true,"href":"https:\/\/trinitixshop.de\/es\/wp-json\/wp\/v2\/comments?post=2628"}],"wp:featuredmedia":[{"embeddable":true,"href":"https:\/\/trinitixshop.de\/es\/wp-json\/wp\/v2\/media\/2643"}],"wp:attachment":[{"href":"https:\/\/trinitixshop.de\/es\/wp-json\/wp\/v2\/media?parent=2628"}],"wp:term":[{"taxonomy":"product_brand","embeddable":true,"href":"https:\/\/trinitixshop.de\/es\/wp-json\/wp\/v2\/product_brand?post=2628"},{"taxonomy":"product_cat","embeddable":true,"href":"https:\/\/trinitixshop.de\/es\/wp-json\/wp\/v2\/product_cat?post=2628"},{"taxonomy":"product_tag","embeddable":true,"href":"https:\/\/trinitixshop.de\/es\/wp-json\/wp\/v2\/product_tag?post=2628"}],"curies":[{"name":"wp","href":"https:\/\/api.w.org\/{rel}","templated":true}]}}