{"id":2629,"date":"2023-06-16T13:34:31","date_gmt":"2023-06-16T11:34:31","guid":{"rendered":"https:\/\/trinitixshop.de\/?post_type=product&#038;p=2629"},"modified":"2024-04-28T08:06:48","modified_gmt":"2024-04-28T06:06:48","slug":"collar-dragon-corazon-oro-con-cristal-swarovski-rosa","status":"publish","type":"product","link":"https:\/\/trinitixshop.de\/es\/produkt\/dragon-heart-gold-mit-swarovski-crystal-pink-kette\/","title":{"rendered":"Coraz\u00f3n de drag\u00f3n de oro con Swarovski Crystal rosa + cadena # 470"},"content":{"rendered":"<p>NE047000T<\/p>","protected":false},"excerpt":{"rendered":"<p>Colgante magn\u00e9tico - Coraz\u00f3n de Drag\u00f3n - Diamante Coraz\u00f3n Rosa - \u00f8 aprox. 12 mm,<br \/>\nCon elemento de cristal Swarovski original tallado de alta calidad en forma de coraz\u00f3n.<br \/>\nChapado en oro duro de 24 quilates.<br \/>\nIncrustaciones de im\u00e1n de neodimio con aproximadamente 1.200 gauss.<br \/>\nAcero inoxidable, sin cadmio, n\u00edquel ni plomo. Sin al\u00e9rgenos.<br \/>\nSe entrega con una cadena de serpiente de acero inoxidable con cierre de langosta.<br \/>\nLongitud individual de la cadena aprox. 40,5 - 52 cm.<br \/>\nBrillante = el brillante colgante magn\u00e9tico -Coraz\u00f3n Rosa de Cristal- con un gran elemento Solitario de aut\u00e9ntico cristal de Swarovski le arrancar\u00e1 una sonrisa.<br \/>\nEn combinaci\u00f3n con esta sencilla cadena de serpiente de acero inoxidable<br \/>\nel colgante - Cristal Coraz\u00f3n Rosa - es particularmente eficaz. El brillo del<br \/>\nCristales Swarovski, el poder de los imanes y acero inoxidable respetuoso con la piel<br \/>\nle garantizan que nunca m\u00e1s querr\u00e1 quitarse esta joya.<br \/>\nPura elegancia... as\u00ed es como se puede describir esta maravillosa joya con s\u00f3lo dos<br \/>\npalabras para describirlo. Un collar en forma de serpiente que cuelga suavemente del cuello de cualquier mujer.<br \/>\ny un colgante magn\u00e9tico que adorna cada escote hacen de esta joya un accesorio de belleza \u00fanica.<\/p>","protected":false},"featured_media":2639,"comment_status":"open","ping_status":"closed","template":"","meta":[],"product_brand":[],"product_cat":[17,21],"product_tag":[28],"class_list":{"0":"post-2629","1":"product","2":"type-product","3":"status-publish","4":"has-post-thumbnail","6":"product_cat-alle-produkte","7":"product_cat-halsketten","8":"product_tag-kurfuerst","9":"thunk-woo-product-list","10":"opn-qv-enable","11":"top-store-woo-hover-zoom","12":"top-store-single-product-tab-horizontal","13":"top-store-shadow-","14":"top-store-shadow-hover-","16":"first","17":"instock","18":"taxable","19":"shipping-taxable","20":"purchasable","21":"product-type-simple"},"_links":{"self":[{"href":"https:\/\/trinitixshop.de\/es\/wp-json\/wp\/v2\/product\/2629","targetHints":{"allow":["GET"]}}],"collection":[{"href":"https:\/\/trinitixshop.de\/es\/wp-json\/wp\/v2\/product"}],"about":[{"href":"https:\/\/trinitixshop.de\/es\/wp-json\/wp\/v2\/types\/product"}],"replies":[{"embeddable":true,"href":"https:\/\/trinitixshop.de\/es\/wp-json\/wp\/v2\/comments?post=2629"}],"wp:featuredmedia":[{"embeddable":true,"href":"https:\/\/trinitixshop.de\/es\/wp-json\/wp\/v2\/media\/2639"}],"wp:attachment":[{"href":"https:\/\/trinitixshop.de\/es\/wp-json\/wp\/v2\/media?parent=2629"}],"wp:term":[{"taxonomy":"product_brand","embeddable":true,"href":"https:\/\/trinitixshop.de\/es\/wp-json\/wp\/v2\/product_brand?post=2629"},{"taxonomy":"product_cat","embeddable":true,"href":"https:\/\/trinitixshop.de\/es\/wp-json\/wp\/v2\/product_cat?post=2629"},{"taxonomy":"product_tag","embeddable":true,"href":"https:\/\/trinitixshop.de\/es\/wp-json\/wp\/v2\/product_tag?post=2629"}],"curies":[{"name":"wp","href":"https:\/\/api.w.org\/{rel}","templated":true}]}}