{"id":2632,"date":"2023-06-16T13:34:31","date_gmt":"2023-06-16T11:34:31","guid":{"rendered":"https:\/\/trinitixshop.de\/?post_type=product&#038;p=2632"},"modified":"2023-06-16T14:25:30","modified_gmt":"2023-06-16T12:25:30","slug":"collar-doble-cadena-plata-con-placa-magnetica-hasta-60-cm","status":"publish","type":"product","link":"https:\/\/trinitixshop.de\/es\/produkt\/halskette-double-chain-silber-mit-magnetplaettchen-bis-60-cm\/","title":{"rendered":"Collar Doble Cadena plata con discos magn\u00e9ticos hasta 60 cm"},"content":{"rendered":"<p>NE211400T<\/p>","protected":false},"excerpt":{"rendered":"<p>Cadena doble - Collar de acero inoxidable, \u00f8 2,9 mm, liso \/ plateado.<br \/>\nLa cadena y el disco magn\u00e9tico son de acero inoxidable respetuoso con la piel.<br \/>\nEl disco magn\u00e9tico tiene dos potentes imanes de neodimio con aproximadamente 1200 gauss.<br \/>\nLa longitud de la cadena: XL \/ XXL con aprox. 60 cm. Material:<br \/>\nAcero inoxidable, sin alergia al n\u00edquel. Color: plateado. Cierre de langosta.<br \/>\nEl collar de acero inoxidable es una joya atemporal que siempre queda bien.<br \/>\nEl dise\u00f1o unisex del collar de acero inoxidable es ideal para \u00e9l y para ella.<br \/>\nEl collar de acero inoxidable resulta especialmente eficaz en combinaci\u00f3n con un colgante informal.<br \/>\nExperimente las formas claras y el dise\u00f1o cl\u00e1sico para cada ocasi\u00f3n.<\/p>","protected":false},"featured_media":2648,"comment_status":"open","ping_status":"closed","template":"","meta":[],"product_brand":[],"product_cat":[17,21],"product_tag":[25],"class_list":{"0":"post-2632","1":"product","2":"type-product","3":"status-publish","4":"has-post-thumbnail","6":"product_cat-alle-produkte","7":"product_cat-halsketten","8":"product_tag-t-prime","9":"thunk-woo-product-list","10":"opn-qv-enable","11":"top-store-woo-hover-zoom","12":"top-store-single-product-tab-horizontal","13":"top-store-shadow-","14":"top-store-shadow-hover-","16":"first","17":"instock","18":"sale","19":"taxable","20":"shipping-taxable","21":"purchasable","22":"product-type-simple"},"_links":{"self":[{"href":"https:\/\/trinitixshop.de\/es\/wp-json\/wp\/v2\/product\/2632","targetHints":{"allow":["GET"]}}],"collection":[{"href":"https:\/\/trinitixshop.de\/es\/wp-json\/wp\/v2\/product"}],"about":[{"href":"https:\/\/trinitixshop.de\/es\/wp-json\/wp\/v2\/types\/product"}],"replies":[{"embeddable":true,"href":"https:\/\/trinitixshop.de\/es\/wp-json\/wp\/v2\/comments?post=2632"}],"wp:featuredmedia":[{"embeddable":true,"href":"https:\/\/trinitixshop.de\/es\/wp-json\/wp\/v2\/media\/2648"}],"wp:attachment":[{"href":"https:\/\/trinitixshop.de\/es\/wp-json\/wp\/v2\/media?parent=2632"}],"wp:term":[{"taxonomy":"product_brand","embeddable":true,"href":"https:\/\/trinitixshop.de\/es\/wp-json\/wp\/v2\/product_brand?post=2632"},{"taxonomy":"product_cat","embeddable":true,"href":"https:\/\/trinitixshop.de\/es\/wp-json\/wp\/v2\/product_cat?post=2632"},{"taxonomy":"product_tag","embeddable":true,"href":"https:\/\/trinitixshop.de\/es\/wp-json\/wp\/v2\/product_tag?post=2632"}],"curies":[{"name":"wp","href":"https:\/\/api.w.org\/{rel}","templated":true}]}}