{"id":2633,"date":"2023-06-16T13:34:31","date_gmt":"2023-06-16T11:34:31","guid":{"rendered":"https:\/\/trinitixshop.de\/?post_type=product&#038;p=2633"},"modified":"2025-10-02T13:44:33","modified_gmt":"2025-10-02T11:44:33","slug":"conjunto-ojo-de-dragon-de-oro-con-cristal-swarovski-solitario-blanco","status":"publish","type":"product","link":"https:\/\/trinitixshop.de\/es\/produkt\/set-dragon-eye-gold-mit-swarovski-solitaire-crystal-weiss\/","title":{"rendered":"Set Dragon Eye gold mit Swarovski Solitaire Crystal wei\u00df # 459 gw"},"content":{"rendered":"<p>NE459100T<\/p>","protected":false},"excerpt":{"rendered":"<p>Colgante Magn\u00e9tico - Ojo de Drag\u00f3n - oro - Cristal Solitario - Diamante Blanco-<br \/>\nChapado en oro duro de 24k, \u00f8 aprox. 12 mm, con cristal Swarovski original tallado de alta calidad.<br \/>\nIncrustaciones de im\u00e1n de neodimio con aproximadamente 1.200 gauss.<br \/>\nAcero inoxidable, sin cadmio, n\u00edquel ni plomo. Sin al\u00e9rgenos.<br \/>\nSe entrega con una cadena de serpiente de acero inoxidable con cierre de langosta.<br \/>\nLongitud individual de la cadena aprox. 40,5 - 52 cm.<br \/>\nPeque\u00f1o, pero glamuroso.<br \/>\nEl brillante colgante magn\u00e9tico - cristal \u00e1mbar - con un<br \/>\ngran elemento genuino de Swarovski le arrancar\u00e1 una sonrisa. En<br \/>\nEn combinaci\u00f3n con esta sencilla cadena de serpiente de acero inoxidable, el colgante adquiere todo su esplendor. El brillo de los cristales de Swarovski, la fuerza del im\u00e1n y el acero inoxidable respetuoso con la piel garantizan que no querr\u00e1 quitarse nunca m\u00e1s esta joya.<br \/>\nPura elegancia: as\u00ed puede describirse en dos palabras esta maravillosa joya. Un collar de serpiente que cuelga suavemente del cuello de cualquier mujer.<br \/>\ny un colgante magn\u00e9tico que adorna cada escote hacen de esta joya un accesorio de belleza \u00fanica.<\/p>","protected":false},"featured_media":2638,"comment_status":"open","ping_status":"closed","template":"","meta":[],"product_brand":[],"product_cat":[17,21],"product_tag":[26],"class_list":{"0":"post-2633","1":"product","2":"type-product","3":"status-publish","4":"has-post-thumbnail","6":"product_cat-alle-produkte","7":"product_cat-halsketten","8":"product_tag-paja","9":"thunk-woo-product-list","10":"opn-qv-enable","11":"top-store-woo-hover-zoom","12":"top-store-single-product-tab-horizontal","13":"top-store-shadow-","14":"top-store-shadow-hover-","16":"first","17":"instock","18":"sale","19":"taxable","20":"shipping-taxable","21":"purchasable","22":"product-type-simple"},"_links":{"self":[{"href":"https:\/\/trinitixshop.de\/es\/wp-json\/wp\/v2\/product\/2633","targetHints":{"allow":["GET"]}}],"collection":[{"href":"https:\/\/trinitixshop.de\/es\/wp-json\/wp\/v2\/product"}],"about":[{"href":"https:\/\/trinitixshop.de\/es\/wp-json\/wp\/v2\/types\/product"}],"replies":[{"embeddable":true,"href":"https:\/\/trinitixshop.de\/es\/wp-json\/wp\/v2\/comments?post=2633"}],"wp:featuredmedia":[{"embeddable":true,"href":"https:\/\/trinitixshop.de\/es\/wp-json\/wp\/v2\/media\/2638"}],"wp:attachment":[{"href":"https:\/\/trinitixshop.de\/es\/wp-json\/wp\/v2\/media?parent=2633"}],"wp:term":[{"taxonomy":"product_brand","embeddable":true,"href":"https:\/\/trinitixshop.de\/es\/wp-json\/wp\/v2\/product_brand?post=2633"},{"taxonomy":"product_cat","embeddable":true,"href":"https:\/\/trinitixshop.de\/es\/wp-json\/wp\/v2\/product_cat?post=2633"},{"taxonomy":"product_tag","embeddable":true,"href":"https:\/\/trinitixshop.de\/es\/wp-json\/wp\/v2\/product_tag?post=2633"}],"curies":[{"name":"wp","href":"https:\/\/api.w.org\/{rel}","templated":true}]}}