{"id":2634,"date":"2023-06-16T13:34:31","date_gmt":"2023-06-16T11:34:31","guid":{"rendered":"https:\/\/trinitixshop.de\/?post_type=product&#038;p=2634"},"modified":"2023-06-16T13:54:07","modified_gmt":"2023-06-16T11:54:07","slug":"conjunto-ojo-de-dragon-oro-rosa-con-cristal-swarovski-solitario-melocoton-459-rg","status":"publish","type":"product","link":"https:\/\/trinitixshop.de\/es\/produkt\/set-dragon-eye-rosegold-mit-swarovski-solitaire-crystal-peach-459-rg\/","title":{"rendered":"Dragon Eye oro rosa engastado con Swarovski Solitaire Crystal Peach #459 rg"},"content":{"rendered":"<p>NE459200T<\/p>","protected":false},"excerpt":{"rendered":"<p>Colgante Magn\u00e9tico - Ojo de Drag\u00f3n - oro rosa - Cristal Solitario - Melocot\u00f3n \/ \u00c1mbar<br \/>\n\u00f8 aprox. 12 mm, con cristal Swarovski original tallado de alta calidad.<br \/>\nIm\u00e1n de neodimio integrado con aproximadamente 1.200 gauss.<br \/>\nAcero inoxidable, sin n\u00edquel ni al\u00e9rgenos.<br \/>\nSe entrega con una cadena de serpiente de acero inoxidable con cierre de langosta.<br \/>\nLongitud individual de la cadena aprox. 40,5 - 52 cm.<br \/>\nPeque\u00f1o, pero glamuroso.<br \/>\nEl brillante colgante magn\u00e9tico - cristal \u00e1mbar - con un<br \/>\ngran elemento genuino de Swarovski le arrancar\u00e1 una sonrisa. En<br \/>\nEn combinaci\u00f3n con esta sencilla cadena de serpiente de acero inoxidable, el colgante adquiere todo su esplendor. El brillo de los cristales de Swarovski, la fuerza del im\u00e1n y el acero inoxidable respetuoso con la piel garantizan que no querr\u00e1 quitarse nunca m\u00e1s esta joya.<br \/>\nPura elegancia: as\u00ed puede describirse en dos palabras esta maravillosa joya. Un collar de serpiente que cuelga suavemente del cuello de cualquier mujer.<br \/>\ny un colgante magn\u00e9tico que adorna cada escote hacen de esta joya un accesorio de belleza \u00fanica. una sonrisa en la cara.<br \/>\nEl colgante resulta especialmente eficaz en combinaci\u00f3n con esta sencilla cadena de serpiente de acero inoxidable. El<br \/>\nEl brillo de los cristales de Swarovski, el poder del im\u00e1n y el acero inoxidable respetuoso con la piel garantizan que no querr\u00e1 quitarse nunca m\u00e1s esta joya.<br \/>\nPura elegancia: as\u00ed se puede describir esta maravillosa joya.<br \/>\nen s\u00f3lo dos palabras. Una cadena de serpiente que acaricia suavemente el cuello de toda mujer y un colgante magn\u00e9tico que adorna cualquier escote hacen de esta joya un accesorio de belleza \u00fanica.<\/p>","protected":false},"featured_media":2640,"comment_status":"open","ping_status":"closed","template":"","meta":[],"product_brand":[],"product_cat":[17,21],"product_tag":[26],"class_list":{"0":"post-2634","1":"product","2":"type-product","3":"status-publish","4":"has-post-thumbnail","6":"product_cat-alle-produkte","7":"product_cat-halsketten","8":"product_tag-paja","9":"thunk-woo-product-list","10":"opn-qv-enable","11":"top-store-woo-hover-zoom","12":"top-store-single-product-tab-horizontal","13":"top-store-shadow-","14":"top-store-shadow-hover-","16":"first","17":"instock","18":"sale","19":"taxable","20":"shipping-taxable","21":"purchasable","22":"product-type-simple"},"_links":{"self":[{"href":"https:\/\/trinitixshop.de\/es\/wp-json\/wp\/v2\/product\/2634","targetHints":{"allow":["GET"]}}],"collection":[{"href":"https:\/\/trinitixshop.de\/es\/wp-json\/wp\/v2\/product"}],"about":[{"href":"https:\/\/trinitixshop.de\/es\/wp-json\/wp\/v2\/types\/product"}],"replies":[{"embeddable":true,"href":"https:\/\/trinitixshop.de\/es\/wp-json\/wp\/v2\/comments?post=2634"}],"wp:featuredmedia":[{"embeddable":true,"href":"https:\/\/trinitixshop.de\/es\/wp-json\/wp\/v2\/media\/2640"}],"wp:attachment":[{"href":"https:\/\/trinitixshop.de\/es\/wp-json\/wp\/v2\/media?parent=2634"}],"wp:term":[{"taxonomy":"product_brand","embeddable":true,"href":"https:\/\/trinitixshop.de\/es\/wp-json\/wp\/v2\/product_brand?post=2634"},{"taxonomy":"product_cat","embeddable":true,"href":"https:\/\/trinitixshop.de\/es\/wp-json\/wp\/v2\/product_cat?post=2634"},{"taxonomy":"product_tag","embeddable":true,"href":"https:\/\/trinitixshop.de\/es\/wp-json\/wp\/v2\/product_tag?post=2634"}],"curies":[{"name":"wp","href":"https:\/\/api.w.org\/{rel}","templated":true}]}}