{"id":2802,"date":"2023-06-28T14:00:10","date_gmt":"2023-06-28T12:00:10","guid":{"rendered":"https:\/\/trinitixshop.de\/?post_type=product&#038;p=2802"},"modified":"2024-02-02T12:43:14","modified_gmt":"2024-02-02T11:43:14","slug":"tcm-corazon-magnetico-de-acero-inoxidable-con-grabado-salamandra","status":"publish","type":"product","link":"https:\/\/trinitixshop.de\/es\/produkt\/edelstahl-magnetherz-tcm-mit-salamander-gravur\/","title":{"rendered":"Coraz\u00f3n magn\u00e9tico TCM de acero inoxidable con grabado de salamandra # 177"},"content":{"rendered":"<p>HX017703T<\/p>","protected":false},"excerpt":{"rendered":"<p>Im\u00e1n ENERG\u00cdA Positiva - Potencia - Coraz\u00f3n con 2 caras en acero inoxidable.<br \/>\nEDICI\u00d3N ESPECIAL con grabado exclusivo de salamandra. \u00d8 aprox. 3 cm. Acero inoxidable,<br \/>\nCon im\u00e1n extrafuerte de aprox. 3.000 gauss.<br \/>\nF\u00e1cil de fijar a la ropa con la contraparte. El lado grabado es para llevar en el cuerpo.<br \/>\nIdeal para la espalda, los hombros, el cuello o el est\u00f3mago. Visible o invisible, \u00a1el coraz\u00f3n magn\u00e9tico es un compa\u00f1ero para todo el d\u00eda!<br \/>\nEl coraz\u00f3n consta de dos partes y se fija f\u00e1cilmente a la ropa mediante fuerza magn\u00e9tica.<br \/>\nIncluso los antiguos chinos sab\u00edan hace miles de a\u00f1os lo importante que es para nuestro bienestar un cuerpo equilibrado y un flujo armonioso de energ\u00eda.<br \/>\nAdem\u00e1s de la acupuntura tradicional china, la terapia de campos magn\u00e9ticos aumenta la circulaci\u00f3n sangu\u00ednea y estimula el metabolismo.<br \/>\nSe estimulan los poderes autocurativos y se refuerzan las defensas del organismo.<br \/>\nQueremos se\u00f1alar que nuestras suposiciones y afirmaciones sobre el uso de joyas magn\u00e9ticas no han sido demostradas cient\u00edficamente y, por tanto, son rechazadas por la medicina convencional.<\/p>","protected":false},"featured_media":2850,"comment_status":"open","ping_status":"closed","template":"","meta":[],"product_brand":[],"product_cat":[17,23],"product_tag":[29],"class_list":{"0":"post-2802","1":"product","2":"type-product","3":"status-publish","4":"has-post-thumbnail","6":"product_cat-alle-produkte","7":"product_cat-korpermagnete","8":"product_tag-remedium","9":"thunk-woo-product-list","10":"opn-qv-enable","11":"top-store-woo-hover-zoom","12":"top-store-single-product-tab-horizontal","13":"top-store-shadow-","14":"top-store-shadow-hover-","16":"first","17":"instock","18":"sale","19":"taxable","20":"shipping-taxable","21":"purchasable","22":"product-type-simple"},"_links":{"self":[{"href":"https:\/\/trinitixshop.de\/es\/wp-json\/wp\/v2\/product\/2802","targetHints":{"allow":["GET"]}}],"collection":[{"href":"https:\/\/trinitixshop.de\/es\/wp-json\/wp\/v2\/product"}],"about":[{"href":"https:\/\/trinitixshop.de\/es\/wp-json\/wp\/v2\/types\/product"}],"replies":[{"embeddable":true,"href":"https:\/\/trinitixshop.de\/es\/wp-json\/wp\/v2\/comments?post=2802"}],"wp:featuredmedia":[{"embeddable":true,"href":"https:\/\/trinitixshop.de\/es\/wp-json\/wp\/v2\/media\/2850"}],"wp:attachment":[{"href":"https:\/\/trinitixshop.de\/es\/wp-json\/wp\/v2\/media?parent=2802"}],"wp:term":[{"taxonomy":"product_brand","embeddable":true,"href":"https:\/\/trinitixshop.de\/es\/wp-json\/wp\/v2\/product_brand?post=2802"},{"taxonomy":"product_cat","embeddable":true,"href":"https:\/\/trinitixshop.de\/es\/wp-json\/wp\/v2\/product_cat?post=2802"},{"taxonomy":"product_tag","embeddable":true,"href":"https:\/\/trinitixshop.de\/es\/wp-json\/wp\/v2\/product_tag?post=2802"}],"curies":[{"name":"wp","href":"https:\/\/api.w.org\/{rel}","templated":true}]}}