{"id":2806,"date":"2023-06-28T14:00:10","date_gmt":"2023-06-28T12:00:10","guid":{"rendered":"https:\/\/trinitixshop.de\/?post_type=product&#038;p=2806"},"modified":"2023-06-28T15:48:29","modified_gmt":"2023-06-28T13:48:29","slug":"powerherz-power-duo-castana-acero-inoxidable-cobre-1114-a","status":"publish","type":"product","link":"https:\/\/trinitixshop.de\/es\/produkt\/powerherz-power-duo-kastanie-edelstahl-kupfer-1114-a\/","title":{"rendered":"Powerherz Power Duo \"Casta\u00f1o\" acero inoxidable \/ cobre # 1114 A"},"content":{"rendered":"<p>HX111400T<\/p>","protected":false},"excerpt":{"rendered":"<p>Nuestro \u00e9xito de ventas con un nuevo dise\u00f1o.<br \/>\nAplastador de mano Power magnetic heart de acero inoxidable y una cara de cobre de alta calidad (cobre puro 99,8%), inspirado en el dise\u00f1o de Alessi.<br \/>\n\u00d8 aprox. 2,8 cm. Contraparte con elegante grabado \" 3 Alas \".<br \/>\nPeso con contrapartida aprox. 21 gramos.<br \/>\nBrillante y elegante como un accesorio chic.<br \/>\nFabricado en acero inoxidable y cobre de alta calidad.<br \/>\nSin alergia al n\u00edquel, pulido, antial\u00e9rgico.<br \/>\nSupuesto efecto del cobre (CU): Favorece la formaci\u00f3n de anticuerpos en el sistema de defensa, el crecimiento, el desarrollo, el fortalecimiento de los huesos. El lado del cobre debe llevarse hacia la piel (polaridad: norte).<br \/>\nSu forma delicada y favorecedora recuerda el poder vigorizante de la casta\u00f1a.<br \/>\nSeg\u00fan el folclore italiano, llevar una casta\u00f1a de Indias encima protege de los resfriados.<br \/>\nUna bella met\u00e1fora del deseo de estar siempre bien.<br \/>\nCon im\u00e1n extrafuerte (aprox. 3.000 gauss).<br \/>\nF\u00e1cil de sujetar a la ropa con la contraparte.<br \/>\nIdeal para la espalda, los hombros, el cuello o el est\u00f3mago. Visible o invisible, el coraz\u00f3n magn\u00e9tico es un compa\u00f1ero para todo el d\u00eda. El coraz\u00f3n consta de dos partes y se fija f\u00e1cilmente a la ropa mediante la fuerza magn\u00e9tica. El coraz\u00f3n est\u00e1 dotado de una fuerza magn\u00e9tica extra fuerte y una cara de cobre aut\u00e9ntico (sin<br \/>\naleaci\u00f3n barata) y permite llevarlo individualmente en la posici\u00f3n deseada. El lado de cobre debe llevarse hacia el cuerpo. Norte)<br \/>\nQueremos se\u00f1alar que nuestras suposiciones y afirmaciones sobre el uso de joyas magn\u00e9ticas no han sido demostradas cient\u00edficamente y, por tanto, son rechazadas por la medicina convencional.<\/p>","protected":false},"featured_media":2854,"comment_status":"open","ping_status":"closed","template":"","meta":[],"product_brand":[],"product_cat":[17,23],"product_tag":[29],"class_list":{"0":"post-2806","1":"product","2":"type-product","3":"status-publish","4":"has-post-thumbnail","6":"product_cat-alle-produkte","7":"product_cat-korpermagnete","8":"product_tag-remedium","9":"thunk-woo-product-list","10":"opn-qv-enable","11":"top-store-woo-hover-zoom","12":"top-store-single-product-tab-horizontal","13":"top-store-shadow-","14":"top-store-shadow-hover-","16":"first","17":"instock","18":"taxable","19":"shipping-taxable","20":"purchasable","21":"product-type-simple"},"_links":{"self":[{"href":"https:\/\/trinitixshop.de\/es\/wp-json\/wp\/v2\/product\/2806","targetHints":{"allow":["GET"]}}],"collection":[{"href":"https:\/\/trinitixshop.de\/es\/wp-json\/wp\/v2\/product"}],"about":[{"href":"https:\/\/trinitixshop.de\/es\/wp-json\/wp\/v2\/types\/product"}],"replies":[{"embeddable":true,"href":"https:\/\/trinitixshop.de\/es\/wp-json\/wp\/v2\/comments?post=2806"}],"wp:featuredmedia":[{"embeddable":true,"href":"https:\/\/trinitixshop.de\/es\/wp-json\/wp\/v2\/media\/2854"}],"wp:attachment":[{"href":"https:\/\/trinitixshop.de\/es\/wp-json\/wp\/v2\/media?parent=2806"}],"wp:term":[{"taxonomy":"product_brand","embeddable":true,"href":"https:\/\/trinitixshop.de\/es\/wp-json\/wp\/v2\/product_brand?post=2806"},{"taxonomy":"product_cat","embeddable":true,"href":"https:\/\/trinitixshop.de\/es\/wp-json\/wp\/v2\/product_cat?post=2806"},{"taxonomy":"product_tag","embeddable":true,"href":"https:\/\/trinitixshop.de\/es\/wp-json\/wp\/v2\/product_tag?post=2806"}],"curies":[{"name":"wp","href":"https:\/\/api.w.org\/{rel}","templated":true}]}}