{"id":2807,"date":"2023-06-28T14:00:10","date_gmt":"2023-06-28T12:00:10","guid":{"rendered":"https:\/\/trinitixshop.de\/?post_type=product&#038;p=2807"},"modified":"2023-06-28T15:52:47","modified_gmt":"2023-06-28T13:52:47","slug":"copper-power-magnetic-heart-power-duo-1114-cucu","status":"publish","type":"product","link":"https:\/\/trinitixshop.de\/es\/produkt\/kupfer-power-magnetherz-power-duo-1114-cucu\/","title":{"rendered":"Coraz\u00f3n magn\u00e9tico de cobre Power Duo # 1114 CuCu"},"content":{"rendered":"<p>HX111401T<\/p>","protected":false},"excerpt":{"rendered":"<p>Im\u00e1n - Potencia - Coraz\u00f3n con 2 LADOS de COBRE aut\u00e9ntico de alta calidad (cobre 98%).<br \/>\nCon im\u00e1n extrafuerte (aprox. 3.000 gauss).<br \/>\nEl coraz\u00f3n consta de dos partes y se fija simplemente a la ropa con la contraparte mediante fuerza magn\u00e9tica.<br \/>\nSupuesto efecto del cobre (CU): Favorece la formaci\u00f3n de anticuerpos en el sistema de defensa, el crecimiento, el desarrollo, el fortalecimiento de los huesos. El lado del cobre debe llevarse hacia la piel (polaridad: norte).<br \/>\nIncluso los antiguos chinos sab\u00edan hace miles de a\u00f1os lo importante que es para nuestro bienestar un cuerpo equilibrado y un flujo armonioso de energ\u00eda.<br \/>\nAdem\u00e1s de la acupuntura tradicional china, la terapia de campos magn\u00e9ticos aumenta la circulaci\u00f3n sangu\u00ednea y estimula el metabolismo.<br \/>\nSe estimulan los poderes autocurativos y se refuerzan las defensas del organismo.<br \/>\nQueremos se\u00f1alar que nuestras suposiciones y afirmaciones sobre el uso de joyas magn\u00e9ticas no han sido demostradas cient\u00edficamente y, por tanto, son rechazadas por la medicina convencional.<\/p>","protected":false},"featured_media":2857,"comment_status":"open","ping_status":"closed","template":"","meta":[],"product_brand":[],"product_cat":[17,23],"product_tag":[29],"class_list":{"0":"post-2807","1":"product","2":"type-product","3":"status-publish","4":"has-post-thumbnail","6":"product_cat-alle-produkte","7":"product_cat-korpermagnete","8":"product_tag-remedium","9":"thunk-woo-product-list","10":"opn-qv-enable","11":"top-store-woo-hover-zoom","12":"top-store-single-product-tab-horizontal","13":"top-store-shadow-","14":"top-store-shadow-hover-","16":"first","17":"instock","18":"sale","19":"taxable","20":"shipping-taxable","21":"purchasable","22":"product-type-simple"},"_links":{"self":[{"href":"https:\/\/trinitixshop.de\/es\/wp-json\/wp\/v2\/product\/2807","targetHints":{"allow":["GET"]}}],"collection":[{"href":"https:\/\/trinitixshop.de\/es\/wp-json\/wp\/v2\/product"}],"about":[{"href":"https:\/\/trinitixshop.de\/es\/wp-json\/wp\/v2\/types\/product"}],"replies":[{"embeddable":true,"href":"https:\/\/trinitixshop.de\/es\/wp-json\/wp\/v2\/comments?post=2807"}],"wp:featuredmedia":[{"embeddable":true,"href":"https:\/\/trinitixshop.de\/es\/wp-json\/wp\/v2\/media\/2857"}],"wp:attachment":[{"href":"https:\/\/trinitixshop.de\/es\/wp-json\/wp\/v2\/media?parent=2807"}],"wp:term":[{"taxonomy":"product_brand","embeddable":true,"href":"https:\/\/trinitixshop.de\/es\/wp-json\/wp\/v2\/product_brand?post=2807"},{"taxonomy":"product_cat","embeddable":true,"href":"https:\/\/trinitixshop.de\/es\/wp-json\/wp\/v2\/product_cat?post=2807"},{"taxonomy":"product_tag","embeddable":true,"href":"https:\/\/trinitixshop.de\/es\/wp-json\/wp\/v2\/product_tag?post=2807"}],"curies":[{"name":"wp","href":"https:\/\/api.w.org\/{rel}","templated":true}]}}