{"id":2815,"date":"2023-06-28T14:00:11","date_gmt":"2023-06-28T12:00:11","guid":{"rendered":"https:\/\/trinitixshop.de\/?post_type=product&#038;p=2815"},"modified":"2023-06-28T14:54:57","modified_gmt":"2023-06-28T12:54:57","slug":"alas-de-contrapartida-para-powerherz-castana","status":"publish","type":"product","link":"https:\/\/trinitixshop.de\/es\/produkt\/gegenstueck-wings-fuer-powerherz-kastanie\/","title":{"rendered":"Alas de contrapartida para Powerherz casta\u00f1a"},"content":{"rendered":"<p>AX133AW0T<\/p>","protected":false},"excerpt":{"rendered":"<p>Contrapartida \"Wings\" para los parches contra el dolor MagnetHeart \/ Body Magnet \/ Powerherz en el nuevo dise\u00f1o de Alessi.<br \/>\nMuy pulido. Un llamativo deportivo y bonito para todos los d\u00edas.<br \/>\nEsta contrapartida plana para el coraz\u00f3n de potencia, que se lleva por fuera y sujeta el im\u00e1n, es una pieza de recambio que merece la pena.<br \/>\nEl Powerherz #1114 y #177 es un \u00e9xito de ventas cuyo hom\u00f3logo se desplaza ocasionalmente.<br \/>\nPor lo tanto, es aconsejable adquirir una reserva.<br \/>\nInformaci\u00f3n sobre el coraz\u00f3n el\u00e9ctrico #1114 y #177: Ideal para la espalda, los hombros, el cuello o el abdomen.<br \/>\nVisible o invisible, \u00a1el coraz\u00f3n magn\u00e9tico es un compa\u00f1ero para todo el d\u00eda!<br \/>\nEl coraz\u00f3n consta de dos partes y se fija f\u00e1cilmente a la ropa mediante fuerza magn\u00e9tica.<br \/>\nEl coraz\u00f3n est\u00e1 dotado de una fuerza magn\u00e9tica extra fuerte y permite llevarlo individualmente en la posici\u00f3n deseada.<\/p>","protected":false},"featured_media":2843,"comment_status":"open","ping_status":"closed","template":"","meta":[],"product_brand":[],"product_cat":[17,23],"product_tag":[29],"class_list":{"0":"post-2815","1":"product","2":"type-product","3":"status-publish","4":"has-post-thumbnail","6":"product_cat-alle-produkte","7":"product_cat-korpermagnete","8":"product_tag-remedium","9":"thunk-woo-product-list","10":"opn-qv-enable","11":"top-store-woo-hover-zoom","12":"top-store-single-product-tab-horizontal","13":"top-store-shadow-","14":"top-store-shadow-hover-","16":"first","17":"instock","18":"taxable","19":"shipping-taxable","20":"purchasable","21":"product-type-simple"},"_links":{"self":[{"href":"https:\/\/trinitixshop.de\/es\/wp-json\/wp\/v2\/product\/2815","targetHints":{"allow":["GET"]}}],"collection":[{"href":"https:\/\/trinitixshop.de\/es\/wp-json\/wp\/v2\/product"}],"about":[{"href":"https:\/\/trinitixshop.de\/es\/wp-json\/wp\/v2\/types\/product"}],"replies":[{"embeddable":true,"href":"https:\/\/trinitixshop.de\/es\/wp-json\/wp\/v2\/comments?post=2815"}],"wp:featuredmedia":[{"embeddable":true,"href":"https:\/\/trinitixshop.de\/es\/wp-json\/wp\/v2\/media\/2843"}],"wp:attachment":[{"href":"https:\/\/trinitixshop.de\/es\/wp-json\/wp\/v2\/media?parent=2815"}],"wp:term":[{"taxonomy":"product_brand","embeddable":true,"href":"https:\/\/trinitixshop.de\/es\/wp-json\/wp\/v2\/product_brand?post=2815"},{"taxonomy":"product_cat","embeddable":true,"href":"https:\/\/trinitixshop.de\/es\/wp-json\/wp\/v2\/product_cat?post=2815"},{"taxonomy":"product_tag","embeddable":true,"href":"https:\/\/trinitixshop.de\/es\/wp-json\/wp\/v2\/product_tag?post=2815"}],"curies":[{"name":"wp","href":"https:\/\/api.w.org\/{rel}","templated":true}]}}