{"id":2821,"date":"2023-06-28T14:00:11","date_gmt":"2023-06-28T12:00:11","guid":{"rendered":"https:\/\/trinitixshop.de\/?post_type=product&#038;p=2821"},"modified":"2023-06-28T15:02:06","modified_gmt":"2023-06-28T13:02:06","slug":"toma-de-corriente-collar-magnetico-cobre-acero-inoxidable-plano","status":"publish","type":"product","link":"https:\/\/trinitixshop.de\/es\/produkt\/power-strip-kragenmagnet-kupfer-edelstahl-flach\/","title":{"rendered":"Cuello de regleta im\u00e1n cobre - acero inoxidable plano"},"content":{"rendered":"<p>HX0877CUT<\/p>","protected":false},"excerpt":{"rendered":"<p>Im\u00e1n de cuello TCM, tira magn\u00e9tica de potencia, \"tiritas para el dolor\". Cobre \/ acero inoxidable, sin alergia al n\u00edquel, pulido, antial\u00e9rgico,. 877Cu. \u00d8 aprox. 3,7 x 2 cm. Grosor aprox. 3 mm.<br \/>\nCon 2 imanes extrafuertes (aprox. 3.000 gauss).<br \/>\nSupuesto efecto del cobre (CU): Favorece la formaci\u00f3n de anticuerpos en el sistema de defensa, el crecimiento, el desarrollo, el fortalecimiento de los huesos.<br \/>\nF\u00e1cil de fijar a la ropa con la contraparte. Ideal para la espalda, los hombros, el cuello o el est\u00f3mago. Visible o invisible, \u00a1el coraz\u00f3n magn\u00e9tico es un compa\u00f1ero para todo el d\u00eda!<br \/>\nLa regleta consta de dos partes y se fija f\u00e1cilmente a la ropa mediante fuerza magn\u00e9tica. Est\u00e1 dotada de una fuerza magn\u00e9tica extra fuerte y permite llevarla individualmente en la posici\u00f3n deseada.<br \/>\nEl lado magn\u00e9tico debe llevarse hacia el cuerpo. La fuerza magn\u00e9tica activa el metabolismo y favorece as\u00ed todas las funciones propias del cuerpo.<br \/>\nSe estimulan los poderes autocurativos y se refuerzan las defensas del organismo.<br \/>\nLlevar joyas magn\u00e9ticas favorece nuestro bienestar de forma decisiva.<br \/>\nYa los antiguos chinos sab\u00edan hace miles de a\u00f1os lo importantes que son para nuestro bienestar un cuerpo equilibrado y un flujo armonioso de energ\u00eda. Adem\u00e1s de la acupuntura tradicional china, la terapia de campos magn\u00e9ticos aumenta la circulaci\u00f3n sangu\u00ednea y estimula el metabolismo.<\/p>","protected":false},"featured_media":2848,"comment_status":"open","ping_status":"closed","template":"","meta":[],"product_brand":[],"product_cat":[17,23],"product_tag":[25],"class_list":{"0":"post-2821","1":"product","2":"type-product","3":"status-publish","4":"has-post-thumbnail","6":"product_cat-alle-produkte","7":"product_cat-korpermagnete","8":"product_tag-t-prime","9":"thunk-woo-product-list","10":"opn-qv-enable","11":"top-store-woo-hover-zoom","12":"top-store-single-product-tab-horizontal","13":"top-store-shadow-","14":"top-store-shadow-hover-","16":"first","17":"instock","18":"sale","19":"taxable","20":"shipping-taxable","21":"purchasable","22":"product-type-simple"},"_links":{"self":[{"href":"https:\/\/trinitixshop.de\/es\/wp-json\/wp\/v2\/product\/2821","targetHints":{"allow":["GET"]}}],"collection":[{"href":"https:\/\/trinitixshop.de\/es\/wp-json\/wp\/v2\/product"}],"about":[{"href":"https:\/\/trinitixshop.de\/es\/wp-json\/wp\/v2\/types\/product"}],"replies":[{"embeddable":true,"href":"https:\/\/trinitixshop.de\/es\/wp-json\/wp\/v2\/comments?post=2821"}],"wp:featuredmedia":[{"embeddable":true,"href":"https:\/\/trinitixshop.de\/es\/wp-json\/wp\/v2\/media\/2848"}],"wp:attachment":[{"href":"https:\/\/trinitixshop.de\/es\/wp-json\/wp\/v2\/media?parent=2821"}],"wp:term":[{"taxonomy":"product_brand","embeddable":true,"href":"https:\/\/trinitixshop.de\/es\/wp-json\/wp\/v2\/product_brand?post=2821"},{"taxonomy":"product_cat","embeddable":true,"href":"https:\/\/trinitixshop.de\/es\/wp-json\/wp\/v2\/product_cat?post=2821"},{"taxonomy":"product_tag","embeddable":true,"href":"https:\/\/trinitixshop.de\/es\/wp-json\/wp\/v2\/product_tag?post=2821"}],"curies":[{"name":"wp","href":"https:\/\/api.w.org\/{rel}","templated":true}]}}