{"id":2822,"date":"2023-06-28T14:00:12","date_gmt":"2023-06-28T12:00:12","guid":{"rendered":"https:\/\/trinitixshop.de\/?post_type=product&#038;p=2822"},"modified":"2023-06-28T14:45:03","modified_gmt":"2023-06-28T12:45:03","slug":"silicona-wondermagnet-dedo-del-pie-iman-anillos-2-piezas","status":"publish","type":"product","link":"https:\/\/trinitixshop.de\/es\/produkt\/silikon-wondermagnet-zehen-magnetringe-2-stck\/","title":{"rendered":"Anillos magn\u00e9ticos de silicona WONDERMAGNET para los dedos de los pies 2 uds."},"content":{"rendered":"<p>PB_WON_2<\/p>","protected":false},"excerpt":{"rendered":"<p>2 x anillo magn\u00e9tico de silicona para aumentar el metabolismo.<br \/>\nLos anillos son suaves, c\u00f3modos de llevar y casi invisibles. Lavables.<br \/>\nIntensidad del campo magn\u00e9tico: 1100 Gauss (0,11 Tesla). 1 im\u00e1n por anillo. \u00d8 2,5 cm Anchura aprox. 1,4 cm<\/p>\n<p>Detox - M\u00c1S ENERG\u00cdA QUE NUNCA. Para apoyar el programa de desintoxicaci\u00f3n.<br \/>\nAcelera el metabolismo, refuerza el sistema inmunitario y aporta nueva energ\u00eda.<br \/>\nDi\u00e1metro del anillo: aprox. 2,5\/3 cm. Anchura del anillo: aprox. 1,3 cm. Material: silicona.<br \/>\nLa silicona no contiene plastificantes altamente cancer\u00edgenos.<br \/>\nLos anillos magn\u00e9ticos de silicona para los dedos de los pies se han convertido en parte integrante del mundo del deporte.<\/p>\n<p>La tendencia de EE.UU. es popular entre muchos atletas de \u00e9lite. La fuerza magn\u00e9tica<br \/>\nactiva el metabolismo y favorece as\u00ed todas las funciones propias del organismo.<\/p>\n<p>Se estimulan los poderes autocurativos y se refuerzan las defensas del organismo.<\/p>\n<p>Llevar joyas magn\u00e9ticas favorece nuestro bienestar de forma decisiva. Ya los antiguos chinos sab\u00edan hace miles de a\u00f1os lo importante que es para nuestro bienestar un cuerpo equilibrado y un flujo armonioso de energ\u00eda. Adem\u00e1s de la acupuntura tradicional china, la terapia de campos magn\u00e9ticos aumenta la circulaci\u00f3n sangu\u00ednea y estimula el metabolismo.<\/p>\n<p>Queremos se\u00f1alar que nuestras suposiciones y afirmaciones sobre el uso de joyas magn\u00e9ticas no han sido demostradas cient\u00edficamente y, por tanto, son rechazadas por la medicina convencional.<\/p>","protected":false},"featured_media":2836,"comment_status":"open","ping_status":"closed","template":"","meta":[],"product_brand":[],"product_cat":[17,23],"product_tag":[25],"class_list":{"0":"post-2822","1":"product","2":"type-product","3":"status-publish","4":"has-post-thumbnail","6":"product_cat-alle-produkte","7":"product_cat-korpermagnete","8":"product_tag-t-prime","9":"thunk-woo-product-list","10":"opn-qv-enable","11":"top-store-woo-hover-zoom","12":"top-store-single-product-tab-horizontal","13":"top-store-shadow-","14":"top-store-shadow-hover-","16":"first","17":"instock","18":"sale","19":"taxable","20":"shipping-taxable","21":"purchasable","22":"product-type-simple"},"_links":{"self":[{"href":"https:\/\/trinitixshop.de\/es\/wp-json\/wp\/v2\/product\/2822","targetHints":{"allow":["GET"]}}],"collection":[{"href":"https:\/\/trinitixshop.de\/es\/wp-json\/wp\/v2\/product"}],"about":[{"href":"https:\/\/trinitixshop.de\/es\/wp-json\/wp\/v2\/types\/product"}],"replies":[{"embeddable":true,"href":"https:\/\/trinitixshop.de\/es\/wp-json\/wp\/v2\/comments?post=2822"}],"wp:featuredmedia":[{"embeddable":true,"href":"https:\/\/trinitixshop.de\/es\/wp-json\/wp\/v2\/media\/2836"}],"wp:attachment":[{"href":"https:\/\/trinitixshop.de\/es\/wp-json\/wp\/v2\/media?parent=2822"}],"wp:term":[{"taxonomy":"product_brand","embeddable":true,"href":"https:\/\/trinitixshop.de\/es\/wp-json\/wp\/v2\/product_brand?post=2822"},{"taxonomy":"product_cat","embeddable":true,"href":"https:\/\/trinitixshop.de\/es\/wp-json\/wp\/v2\/product_cat?post=2822"},{"taxonomy":"product_tag","embeddable":true,"href":"https:\/\/trinitixshop.de\/es\/wp-json\/wp\/v2\/product_tag?post=2822"}],"curies":[{"name":"wp","href":"https:\/\/api.w.org\/{rel}","templated":true}]}}